{"id":1863,"date":"2022-11-15T15:18:52","date_gmt":"2022-11-15T15:18:52","guid":{"rendered":"https:\/\/moniberic.com\/producto\/espatlla-joselito\/"},"modified":"2025-06-25T09:17:19","modified_gmt":"2025-06-25T08:17:19","slug":"espatlla-joselito","status":"publish","type":"product","link":"https:\/\/moniberic.com\/ca\/producte\/espatlla-joselito\/","title":{"rendered":"ESPATLLA GRAN RESERVA JOSELITO"},"content":{"rendered":"<p>L&#8217;espatlla Joselito procedeix de porcs alimentats en r\u00e9gim de montanera a base de glans i pastures naturals.<\/p>\n<h5>Marca<\/h5>\n<p>&nbsp;<\/p>\n<div class=\"wp-block-image\">\n<p><img decoding=\"async\" class=\"alignnone wp-image-3111 size-medium\" title=\"Espatlla Joselito\" src=\"https:\/\/moniberic.com\/wp-content\/uploads\/2022\/11\/logo_joselito-300x61.png\" alt=\"Espatlla Joselito\" width=\"300\" height=\"61\" srcset=\"https:\/\/moniberic.com\/wp-content\/uploads\/2022\/11\/logo_joselito-300x61.png 300w, https:\/\/moniberic.com\/wp-content\/uploads\/2022\/11\/logo_joselito-600x123.png 600w, https:\/\/moniberic.com\/wp-content\/uploads\/2022\/11\/logo_joselito.png 757w\" sizes=\"(max-width: 300px) 100vw, 300px\" \/><\/p>\n<\/div>\n<p>&nbsp;<\/p>\n","protected":false},"excerpt":{"rendered":"<p>L&#8217; <strong>Espatlla Joselito<\/strong> procedeix de porcs d&#8217;alta qualitat. Aquests animals son criats en terrenys al aire lluire, per on poden pasturar i exercitarse. Aix\u00f2 afavoreix la infiltraci\u00f3 de greix en el magre, fent la seva carn m\u00e9s sucosa. La seva alimentaci\u00f3 es basa en pastures naturals i es complementa amb cereals de primera qualitat.<\/p>\n","protected":false},"featured_media":11158,"template":"","meta":[],"product_brand":[],"product_cat":[160],"product_tag":[],"class_list":{"0":"post-1863","1":"product","2":"type-product","3":"status-publish","4":"has-post-thumbnail","6":"product_cat-espatlla","8":"first","9":"outofstock","10":"taxable","11":"shipping-taxable","12":"purchasable","13":"product-type-simple"},"_links":{"self":[{"href":"https:\/\/moniberic.com\/ca\/wp-json\/wp\/v2\/product\/1863","targetHints":{"allow":["GET"]}}],"collection":[{"href":"https:\/\/moniberic.com\/ca\/wp-json\/wp\/v2\/product"}],"about":[{"href":"https:\/\/moniberic.com\/ca\/wp-json\/wp\/v2\/types\/product"}],"wp:featuredmedia":[{"embeddable":true,"href":"https:\/\/moniberic.com\/ca\/wp-json\/wp\/v2\/media\/11158"}],"wp:attachment":[{"href":"https:\/\/moniberic.com\/ca\/wp-json\/wp\/v2\/media?parent=1863"}],"wp:term":[{"taxonomy":"product_brand","embeddable":true,"href":"https:\/\/moniberic.com\/ca\/wp-json\/wp\/v2\/product_brand?post=1863"},{"taxonomy":"product_cat","embeddable":true,"href":"https:\/\/moniberic.com\/ca\/wp-json\/wp\/v2\/product_cat?post=1863"},{"taxonomy":"product_tag","embeddable":true,"href":"https:\/\/moniberic.com\/ca\/wp-json\/wp\/v2\/product_tag?post=1863"}],"curies":[{"name":"wp","href":"https:\/\/api.w.org\/{rel}","templated":true}]}}