{"id":1832,"date":"2022-11-01T12:16:59","date_gmt":"2022-11-01T11:16:59","guid":{"rendered":"https:\/\/moniberic.com\/producto\/hacienda-lopez-de-haro\/"},"modified":"2025-04-10T09:03:47","modified_gmt":"2025-04-10T08:03:47","slug":"hacienda-lopez-de-haro","status":"publish","type":"product","link":"https:\/\/moniberic.com\/ca\/producte\/hacienda-lopez-de-haro\/","title":{"rendered":"HACIENDA L\u00d3PEZ DE HARO"},"content":{"rendered":"<h3><strong>D.O. RIOJA<\/strong><\/h3>\n<p><strong>CELLER<\/strong>: Bodega Cl\u00e1sica<\/p>\n<p><strong>VERIETATS<\/strong>: Tempranillo, Garnacha tinta i graciano.<\/p>\n<p><strong>CRIAN\u00c7A<\/strong>: 18 mesos en b\u00f3ta de roure franc\u00e8s i americ\u00e0.<\/p>\n<p><strong>TAST<\/strong>: Color granat i agradable aroma, en qu\u00e8 destaquen els matisos de fruita madura. En boca \u00e9s suau, expressiu i elegant, conjugant-se en ell un car\u00e0cter afruitat amb les notes aportades per la barrica, en perfecte equilibri.<\/p>\n","protected":false},"excerpt":{"rendered":"<p>D.O. RIOJA CELLER: Bodega Cl\u00e1sica VERIETATS: Tempranillo, Garnacha tinta i graciano. CRIAN\u00c7A: 18 mesos en b\u00f3ta de roure franc\u00e8s i americ\u00e0. TAST: Color granat i agradable aroma, en qu\u00e8 destaquen els matisos de fruita madura. En boca \u00e9s suau, expressiu i elegant, conjugant-se en ell un car\u00e0cter afruitat amb les notes aportades per la barrica, [&hellip;]<\/p>\n","protected":false},"featured_media":9903,"template":"","meta":[],"product_brand":[],"product_cat":[100],"product_tag":[],"class_list":{"0":"post-1832","1":"product","2":"type-product","3":"status-publish","4":"has-post-thumbnail","6":"product_cat-vins-i-caves","8":"first","9":"instock","10":"taxable","11":"shipping-taxable","12":"purchasable","13":"product-type-simple"},"_links":{"self":[{"href":"https:\/\/moniberic.com\/ca\/wp-json\/wp\/v2\/product\/1832","targetHints":{"allow":["GET"]}}],"collection":[{"href":"https:\/\/moniberic.com\/ca\/wp-json\/wp\/v2\/product"}],"about":[{"href":"https:\/\/moniberic.com\/ca\/wp-json\/wp\/v2\/types\/product"}],"wp:featuredmedia":[{"embeddable":true,"href":"https:\/\/moniberic.com\/ca\/wp-json\/wp\/v2\/media\/9903"}],"wp:attachment":[{"href":"https:\/\/moniberic.com\/ca\/wp-json\/wp\/v2\/media?parent=1832"}],"wp:term":[{"taxonomy":"product_brand","embeddable":true,"href":"https:\/\/moniberic.com\/ca\/wp-json\/wp\/v2\/product_brand?post=1832"},{"taxonomy":"product_cat","embeddable":true,"href":"https:\/\/moniberic.com\/ca\/wp-json\/wp\/v2\/product_cat?post=1832"},{"taxonomy":"product_tag","embeddable":true,"href":"https:\/\/moniberic.com\/ca\/wp-json\/wp\/v2\/product_tag?post=1832"}],"curies":[{"name":"wp","href":"https:\/\/api.w.org\/{rel}","templated":true}]}}