{"id":1809,"date":"2022-11-01T12:26:46","date_gmt":"2022-11-01T11:26:46","guid":{"rendered":"https:\/\/moniberic.com\/producto\/jardins-blanc\/"},"modified":"2025-03-31T07:34:52","modified_gmt":"2025-03-31T06:34:52","slug":"jardins-blanc","status":"publish","type":"product","link":"https:\/\/moniberic.com\/ca\/producte\/jardins-blanc\/","title":{"rendered":"JARDINS BLANC"},"content":{"rendered":"<h3>D. O. EMPORD\u00c0<\/h3>\n<p><strong>CELLER<\/strong>: Perelada<\/p>\n<p><strong>VARIETATS<\/strong>: Macabeo, Sauvignon Blanc, Garnacha Blanca i Chardonnay.<\/p>\n<p><strong>CRIAN\u00c7A: <\/strong>sense crian\u00e7a<\/p>\n<p><strong>TAST<\/strong>: Color groc p\u00e0l\u00b7lid i brillant. Aroma intensa de fruita fresca, fines notes tropicals amb un fons floral. En boca \u00e9s complex, envolupant i molt fresc.<\/p>\n","protected":false},"excerpt":{"rendered":"<p>D. O. EMPORD\u00c0 CELLER: Perelada VARIETATS: Macabeo, Sauvignon Blanc, Garnacha Blanca i Chardonnay. CRIAN\u00c7A: sense crian\u00e7a TAST: Color groc p\u00e0l\u00b7lid i brillant. Aroma intensa de fruita fresca, fines notes tropicals amb un fons floral. En boca \u00e9s complex, envolupant i molt fresc.<\/p>\n","protected":false},"featured_media":1529,"template":"","meta":[],"product_brand":[],"product_cat":[100],"product_tag":[],"class_list":{"0":"post-1809","1":"product","2":"type-product","3":"status-publish","4":"has-post-thumbnail","6":"product_cat-vins-i-caves","8":"first","9":"instock","10":"taxable","11":"shipping-taxable","12":"purchasable","13":"product-type-simple"},"_links":{"self":[{"href":"https:\/\/moniberic.com\/ca\/wp-json\/wp\/v2\/product\/1809","targetHints":{"allow":["GET"]}}],"collection":[{"href":"https:\/\/moniberic.com\/ca\/wp-json\/wp\/v2\/product"}],"about":[{"href":"https:\/\/moniberic.com\/ca\/wp-json\/wp\/v2\/types\/product"}],"wp:featuredmedia":[{"embeddable":true,"href":"https:\/\/moniberic.com\/ca\/wp-json\/wp\/v2\/media\/1529"}],"wp:attachment":[{"href":"https:\/\/moniberic.com\/ca\/wp-json\/wp\/v2\/media?parent=1809"}],"wp:term":[{"taxonomy":"product_brand","embeddable":true,"href":"https:\/\/moniberic.com\/ca\/wp-json\/wp\/v2\/product_brand?post=1809"},{"taxonomy":"product_cat","embeddable":true,"href":"https:\/\/moniberic.com\/ca\/wp-json\/wp\/v2\/product_cat?post=1809"},{"taxonomy":"product_tag","embeddable":true,"href":"https:\/\/moniberic.com\/ca\/wp-json\/wp\/v2\/product_tag?post=1809"}],"curies":[{"name":"wp","href":"https:\/\/api.w.org\/{rel}","templated":true}]}}