{"id":1799,"date":"2022-11-01T12:27:33","date_gmt":"2022-11-01T11:27:33","guid":{"rendered":"https:\/\/moniberic.com\/producto\/jose-pariente-sauvingnon\/"},"modified":"2025-03-31T07:31:44","modified_gmt":"2025-03-31T06:31:44","slug":"jose-pariente-sauvingnon","status":"publish","type":"product","link":"https:\/\/moniberic.com\/ca\/producte\/jose-pariente-sauvingnon\/","title":{"rendered":"JOS\u00c9 PARIENTE SAUVINGNON"},"content":{"rendered":"<h3>D.O. RUEDA<\/h3>\n<p><strong>CELLER<\/strong>: Jos\u00e9 Pariente<\/p>\n<p><strong>VARIETATS<\/strong>: Sauvigonon Blanc<\/p>\n<p><strong>TAST<\/strong>: De color groc p\u00e0l\u00b7lid amb reflexos verdosos, la seva expressi\u00f3 arom\u00e0tica \u00e9s una suma excepcional de notes vegetals i de fruites ex\u00f2tiques, de records d&#8217;herba acabada de tallar i d&#8217;un lleuger toc mineral. A la boca presenta la tipicitat de la sauvignon blanc, aquesta eleg\u00e0ncia fresca i neta. \u00c9s un vi d&#8217;intensitat alta, estructurat i persistent, rod\u00f3.<\/p>\n","protected":false},"excerpt":{"rendered":"<p>D.O. RUEDA CELLER: Jos\u00e9 Pariente VARIETATS: Sauvigonon Blanc TAST: De color groc p\u00e0l\u00b7lid amb reflexos verdosos, la seva expressi\u00f3 arom\u00e0tica \u00e9s una suma excepcional de notes vegetals i de fruites ex\u00f2tiques, de records d&#8217;herba acabada de tallar i d&#8217;un lleuger toc mineral. A la boca presenta la tipicitat de la sauvignon blanc, aquesta eleg\u00e0ncia fresca [&hellip;]<\/p>\n","protected":false},"featured_media":1531,"template":"","meta":[],"product_brand":[],"product_cat":[100],"product_tag":[],"class_list":{"0":"post-1799","1":"product","2":"type-product","3":"status-publish","4":"has-post-thumbnail","6":"product_cat-vins-i-caves","8":"first","9":"instock","10":"taxable","11":"shipping-taxable","12":"purchasable","13":"product-type-simple"},"_links":{"self":[{"href":"https:\/\/moniberic.com\/ca\/wp-json\/wp\/v2\/product\/1799","targetHints":{"allow":["GET"]}}],"collection":[{"href":"https:\/\/moniberic.com\/ca\/wp-json\/wp\/v2\/product"}],"about":[{"href":"https:\/\/moniberic.com\/ca\/wp-json\/wp\/v2\/types\/product"}],"wp:featuredmedia":[{"embeddable":true,"href":"https:\/\/moniberic.com\/ca\/wp-json\/wp\/v2\/media\/1531"}],"wp:attachment":[{"href":"https:\/\/moniberic.com\/ca\/wp-json\/wp\/v2\/media?parent=1799"}],"wp:term":[{"taxonomy":"product_brand","embeddable":true,"href":"https:\/\/moniberic.com\/ca\/wp-json\/wp\/v2\/product_brand?post=1799"},{"taxonomy":"product_cat","embeddable":true,"href":"https:\/\/moniberic.com\/ca\/wp-json\/wp\/v2\/product_cat?post=1799"},{"taxonomy":"product_tag","embeddable":true,"href":"https:\/\/moniberic.com\/ca\/wp-json\/wp\/v2\/product_tag?post=1799"}],"curies":[{"name":"wp","href":"https:\/\/api.w.org\/{rel}","templated":true}]}}