{"id":1791,"date":"2022-11-01T12:31:01","date_gmt":"2022-11-01T11:31:01","guid":{"rendered":"https:\/\/moniberic.com\/producto\/at-roca\/"},"modified":"2025-11-17T02:42:21","modified_gmt":"2025-11-17T01:42:21","slug":"at-roca","status":"publish","type":"product","link":"https:\/\/moniberic.com\/ca\/producte\/at-roca\/","title":{"rendered":"AT ROCA ROSAT BRUT"},"content":{"rendered":"<h3>D.O. PENEDES<\/h3>\n<p><strong>CELLER<\/strong>: AT Roca<\/p>\n<p><strong>VARIETATS<\/strong>: Macabeo i Monastrell<\/p>\n<p><strong>CRIAN\u00c7A<\/strong>: 18 mesos<\/p>\n<p><strong>TAST<\/strong>: Bombolla fina i persistent d&#8217;evoluci\u00f3 m\u00e8dica amb abundant formaci\u00f3 de rosaris i corona. En nas \u00e9s net, franc i elegant. Dominen les aromes de fruita vermella fresca, destacant el maduixot i la maduixa. En boca \u00e9s molt afruitat, fresc, de magn\u00edfica acidesa, fi i elegant amb el carb\u00f2nic molt ben integrat.<\/p>\n","protected":false},"excerpt":{"rendered":"<p>D.O. PENEDES CELLER: AT Roca VARIETATS: Macabeo i Monastrell CRIAN\u00c7A: 18 mesos TAST: Bombolla fina i persistent d&#8217;evoluci\u00f3 m\u00e8dica amb abundant formaci\u00f3 de rosaris i corona. En nas \u00e9s net, franc i elegant. Dominen les aromes de fruita vermella fresca, destacant el maduixot i la maduixa. En boca \u00e9s molt afruitat, fresc, de magn\u00edfica acidesa, [&hellip;]<\/p>\n","protected":false},"featured_media":1537,"template":"","meta":[],"product_brand":[],"product_cat":[100],"product_tag":[],"class_list":{"0":"post-1791","1":"product","2":"type-product","3":"status-publish","4":"has-post-thumbnail","6":"product_cat-vins-i-caves","8":"first","9":"instock","10":"taxable","11":"shipping-taxable","12":"purchasable","13":"product-type-simple"},"_links":{"self":[{"href":"https:\/\/moniberic.com\/ca\/wp-json\/wp\/v2\/product\/1791","targetHints":{"allow":["GET"]}}],"collection":[{"href":"https:\/\/moniberic.com\/ca\/wp-json\/wp\/v2\/product"}],"about":[{"href":"https:\/\/moniberic.com\/ca\/wp-json\/wp\/v2\/types\/product"}],"wp:featuredmedia":[{"embeddable":true,"href":"https:\/\/moniberic.com\/ca\/wp-json\/wp\/v2\/media\/1537"}],"wp:attachment":[{"href":"https:\/\/moniberic.com\/ca\/wp-json\/wp\/v2\/media?parent=1791"}],"wp:term":[{"taxonomy":"product_brand","embeddable":true,"href":"https:\/\/moniberic.com\/ca\/wp-json\/wp\/v2\/product_brand?post=1791"},{"taxonomy":"product_cat","embeddable":true,"href":"https:\/\/moniberic.com\/ca\/wp-json\/wp\/v2\/product_cat?post=1791"},{"taxonomy":"product_tag","embeddable":true,"href":"https:\/\/moniberic.com\/ca\/wp-json\/wp\/v2\/product_tag?post=1791"}],"curies":[{"name":"wp","href":"https:\/\/api.w.org\/{rel}","templated":true}]}}