{"id":1788,"date":"2022-11-01T12:31:49","date_gmt":"2022-11-01T11:31:49","guid":{"rendered":"https:\/\/moniberic.com\/producto\/juve-y-camps-reserva-familia\/"},"modified":"2025-03-31T07:30:47","modified_gmt":"2025-03-31T06:30:47","slug":"juve-y-camps-reserva-familia","status":"publish","type":"product","link":"https:\/\/moniberic.com\/ca\/producte\/juve-y-camps-reserva-familia\/","title":{"rendered":"JUVE Y CAMPS RESERVA FAMILIA"},"content":{"rendered":"<h3>D.O. CAVA<\/h3>\n<p><strong>CELLER<\/strong>: Juve y Camps<\/p>\n<p><strong>VARIETATS<\/strong>: Macabeo, Xarel\u00b7lo i Parellada<\/p>\n<p><strong>CRIAN\u00c7A<\/strong>: 3 anys en ampolla<\/p>\n<p><strong>TAST<\/strong>: Color p\u00e0l\u00b7lid amb toc brillant. En nas t\u00e9 profunditat, eleg\u00e0ncia i intensitat. Apareixen matisos de pans torrats, c\u00edtrics i fins i tot fruita madura. Pas per boca molt crem\u00f3s i fresc.<\/p>\n","protected":false},"excerpt":{"rendered":"<p>D.O. CAVA CELLER: Juve y Camps VARIETATS: Macabeo, Xarel\u00b7lo i Parellada CRIAN\u00c7A: 3 anys en ampolla TAST: Color p\u00e0l\u00b7lid amb toc brillant. En nas t\u00e9 profunditat, eleg\u00e0ncia i intensitat. Apareixen matisos de pans torrats, c\u00edtrics i fins i tot fruita madura. Pas per boca molt crem\u00f3s i fresc.<\/p>\n","protected":false},"featured_media":1539,"template":"","meta":[],"product_brand":[],"product_cat":[100],"product_tag":[],"class_list":{"0":"post-1788","1":"product","2":"type-product","3":"status-publish","4":"has-post-thumbnail","6":"product_cat-vins-i-caves","8":"first","9":"instock","10":"taxable","11":"shipping-taxable","12":"purchasable","13":"product-type-simple"},"_links":{"self":[{"href":"https:\/\/moniberic.com\/ca\/wp-json\/wp\/v2\/product\/1788","targetHints":{"allow":["GET"]}}],"collection":[{"href":"https:\/\/moniberic.com\/ca\/wp-json\/wp\/v2\/product"}],"about":[{"href":"https:\/\/moniberic.com\/ca\/wp-json\/wp\/v2\/types\/product"}],"wp:featuredmedia":[{"embeddable":true,"href":"https:\/\/moniberic.com\/ca\/wp-json\/wp\/v2\/media\/1539"}],"wp:attachment":[{"href":"https:\/\/moniberic.com\/ca\/wp-json\/wp\/v2\/media?parent=1788"}],"wp:term":[{"taxonomy":"product_brand","embeddable":true,"href":"https:\/\/moniberic.com\/ca\/wp-json\/wp\/v2\/product_brand?post=1788"},{"taxonomy":"product_cat","embeddable":true,"href":"https:\/\/moniberic.com\/ca\/wp-json\/wp\/v2\/product_cat?post=1788"},{"taxonomy":"product_tag","embeddable":true,"href":"https:\/\/moniberic.com\/ca\/wp-json\/wp\/v2\/product_tag?post=1788"}],"curies":[{"name":"wp","href":"https:\/\/api.w.org\/{rel}","templated":true}]}}