{"id":1782,"date":"2022-11-15T16:10:37","date_gmt":"2022-11-15T15:10:37","guid":{"rendered":"https:\/\/moniberic.com\/producto\/gr-174\/"},"modified":"2025-03-31T07:19:06","modified_gmt":"2025-03-31T06:19:06","slug":"gr-174","status":"publish","type":"product","link":"https:\/\/moniberic.com\/ca\/producte\/gr-174\/","title":{"rendered":"GR-174"},"content":{"rendered":"<h3>D.O. PRIORAT<\/h3>\n<p><strong>CELLER<\/strong>: Casa Gran Del Siurana<\/p>\n<p><strong>VARIETATS<\/strong>: Garnacha, Cabernet sauvignon, Sams\u00f3, Syrah, Merlot,Cabernet franc i Ull de llebre.<\/p>\n<p><strong>CRIAN\u00c7A<\/strong>: 5 mesos en b\u00f3tes de roure franc\u00e8s<\/p>\n<p><strong>TAST<\/strong>: Color cirera. Aromes florals frescos i intensos, amb un toc de menta. En boca es presenta fruitera, rod\u00f3 i amb complexitat. Un vi d&#8217;estructura fina, equilibrat i elegant.<\/p>\n","protected":false},"excerpt":{"rendered":"<p>D.O. PRIORAT CELLER: Casa Gran Del Siurana VARIETATS: Garnacha, Cabernet sauvignon, Sams\u00f3, Syrah, Merlot,Cabernet franc i Ull de llebre. CRIAN\u00c7A: 5 mesos en b\u00f3tes de roure franc\u00e8s TAST: Color cirera. Aromes florals frescos i intensos, amb un toc de menta. En boca es presenta fruitera, rod\u00f3 i amb complexitat. Un vi d&#8217;estructura fina, equilibrat i [&hellip;]<\/p>\n","protected":false},"featured_media":1599,"template":"","meta":[],"product_brand":[],"product_cat":[100],"product_tag":[],"class_list":{"0":"post-1782","1":"product","2":"type-product","3":"status-publish","4":"has-post-thumbnail","6":"product_cat-vins-i-caves","8":"first","9":"instock","10":"taxable","11":"shipping-taxable","12":"purchasable","13":"product-type-simple"},"_links":{"self":[{"href":"https:\/\/moniberic.com\/ca\/wp-json\/wp\/v2\/product\/1782","targetHints":{"allow":["GET"]}}],"collection":[{"href":"https:\/\/moniberic.com\/ca\/wp-json\/wp\/v2\/product"}],"about":[{"href":"https:\/\/moniberic.com\/ca\/wp-json\/wp\/v2\/types\/product"}],"wp:featuredmedia":[{"embeddable":true,"href":"https:\/\/moniberic.com\/ca\/wp-json\/wp\/v2\/media\/1599"}],"wp:attachment":[{"href":"https:\/\/moniberic.com\/ca\/wp-json\/wp\/v2\/media?parent=1782"}],"wp:term":[{"taxonomy":"product_brand","embeddable":true,"href":"https:\/\/moniberic.com\/ca\/wp-json\/wp\/v2\/product_brand?post=1782"},{"taxonomy":"product_cat","embeddable":true,"href":"https:\/\/moniberic.com\/ca\/wp-json\/wp\/v2\/product_cat?post=1782"},{"taxonomy":"product_tag","embeddable":true,"href":"https:\/\/moniberic.com\/ca\/wp-json\/wp\/v2\/product_tag?post=1782"}],"curies":[{"name":"wp","href":"https:\/\/api.w.org\/{rel}","templated":true}]}}