{"id":12361,"date":"2025-11-24T14:52:11","date_gmt":"2025-11-24T13:52:11","guid":{"rendered":"https:\/\/moniberic.com\/?post_type=product&#038;p=12361"},"modified":"2025-12-01T03:17:20","modified_gmt":"2025-12-01T02:17:20","slug":"pernil-cebo-iberic-50-raca-iberica-copia-2","status":"publish","type":"product","link":"https:\/\/moniberic.com\/ca\/producte\/pernil-cebo-iberic-50-raca-iberica-copia-2\/","title":{"rendered":"PERNIL ESQUER IB\u00c8RIC 50% RA\u00c7A IB\u00c8RICA EPICUM"},"content":{"rendered":"<p>El Pernil de Cebo Ib\u00e8ric s&#8217;obt\u00e9 dels millors porcs ib\u00e8rics, que durant tota la seva vida, des del seu naixement fins al seu sacrifici, reben una alimentaci\u00f3 basada exclusivament en cereals i lleguminoses de primera qualitat.<\/p>\n<p>Aix\u00f2 dona lloc a un pernil reixat a causa de la infiltraci\u00f3 de greix intramuscular, la qual cosa \u00e9s sin\u00f2nim de qualitat, ja que aporta sucul\u00e8ncia i textura a la pe\u00e7a. Pel que fa al sabor, aquest \u00e9s equilibrat, suau i vellutat. T\u00e9 una suau aroma que, juntament amb totes les altres caracter\u00edstiques, ens far\u00e0 gaudir d&#8217;aquest producte al m\u00e0xim nivell.<\/p>\n<h5>Marca<\/h5>\n<p>Epicum<\/p>\n<p>&nbsp;<\/p>\n","protected":false},"excerpt":{"rendered":"<p><img fetchpriority=\"high\" decoding=\"async\" class=\"size-full wp-image-1044 aligncenter\" src=\"https:\/\/moniberic.com\/wp-content\/uploads\/2022\/10\/cebo50.png\" alt=\"\" width=\"500\" height=\"101\" srcset=\"https:\/\/moniberic.com\/wp-content\/uploads\/2022\/10\/cebo50.png 500w, https:\/\/moniberic.com\/wp-content\/uploads\/2022\/10\/cebo50-300x61.png 300w\" sizes=\"(max-width: 500px) 100vw, 500px\" \/><\/p>\n<p>El <strong>Pernil de Cebo Ib\u00e8ric<\/strong> s&#8217;obt\u00e9 dels millors porcs ib\u00e8rics, que durant tota la seva vida, des del seu naixement fins al seu sacrifici, reben una alimentaci\u00f3 basada exclusivament en cereals i lleguminoses de primera qualitat.<\/p>\n","protected":false},"featured_media":12374,"template":"","meta":[],"product_brand":[],"product_cat":[158],"product_tag":[],"class_list":{"0":"post-12361","1":"product","2":"type-product","3":"status-publish","4":"has-post-thumbnail","6":"product_cat-pernil","8":"first","9":"instock","10":"taxable","11":"shipping-taxable","12":"purchasable","13":"product-type-simple"},"_links":{"self":[{"href":"https:\/\/moniberic.com\/ca\/wp-json\/wp\/v2\/product\/12361","targetHints":{"allow":["GET"]}}],"collection":[{"href":"https:\/\/moniberic.com\/ca\/wp-json\/wp\/v2\/product"}],"about":[{"href":"https:\/\/moniberic.com\/ca\/wp-json\/wp\/v2\/types\/product"}],"wp:featuredmedia":[{"embeddable":true,"href":"https:\/\/moniberic.com\/ca\/wp-json\/wp\/v2\/media\/12374"}],"wp:attachment":[{"href":"https:\/\/moniberic.com\/ca\/wp-json\/wp\/v2\/media?parent=12361"}],"wp:term":[{"taxonomy":"product_brand","embeddable":true,"href":"https:\/\/moniberic.com\/ca\/wp-json\/wp\/v2\/product_brand?post=12361"},{"taxonomy":"product_cat","embeddable":true,"href":"https:\/\/moniberic.com\/ca\/wp-json\/wp\/v2\/product_cat?post=12361"},{"taxonomy":"product_tag","embeddable":true,"href":"https:\/\/moniberic.com\/ca\/wp-json\/wp\/v2\/product_tag?post=12361"}],"curies":[{"name":"wp","href":"https:\/\/api.w.org\/{rel}","templated":true}]}}