{"id":12047,"date":"2025-10-31T10:32:15","date_gmt":"2025-10-31T09:32:15","guid":{"rendered":"https:\/\/moniberic.com\/?post_type=product&#038;p=12047"},"modified":"2025-11-03T14:53:19","modified_gmt":"2025-11-03T13:53:19","slug":"pernil-duroc-100-gran-reserva-copia","status":"publish","type":"product","link":"https:\/\/moniberic.com\/ca\/producte\/pernil-duroc-100-gran-reserva-copia\/","title":{"rendered":"PERNIL BELLOTA 100% IB\u00c8RIC LA JOIA"},"content":{"rendered":"<p>El Pernil de Bellota 100% Ib\u00e8ric La Joya representa la m\u00e0xima puresa ib\u00e8rica. El porc \u00e9s criat en llibertat entre alzines, sureres i altres esp\u00e8cies pr\u00f2pies de les millors deveses, i la seva exquisida alimentaci\u00f3 es basa en pastures naturals, glans i altres aliments caracter\u00edstics de l&#8217;ecosistema en el qual viu. Aix\u00f2 li aporta un alt valor diferencial i una qualitat \u00f2ptima que fa que aquest producte constitueixi la m\u00e9s alta gamma dels pernils ib\u00e8rics.<\/p>\n<p>Arran de l&#8217;alimentaci\u00f3 i la relaxada manera de vida del porc, el producte presenta un alt nivell d&#8217;infiltraci\u00f3 de greix en la carn que ens permet gaudir d&#8217;una sucul\u00e8ncia inigualable, aix\u00ed com un sabor i intensitat excepcionals. Tot aix\u00f2 va acompanyat d&#8217;un equilibri que fa que aquest pernil es converteixi en una meravella per al nostre paladar i en un dels pernils millor valorats del mercat.<\/p>\n<h5>Marca<\/h5>\n<p><img decoding=\"async\" class=\"alignnone wp-image-12060 size-medium\" src=\"https:\/\/moniberic.com\/wp-content\/uploads\/2025\/10\/logo_la_joya-300x102.webp\" alt=\"\" width=\"300\" height=\"102\" srcset=\"https:\/\/moniberic.com\/wp-content\/uploads\/2025\/10\/logo_la_joya-300x102.webp 300w, https:\/\/moniberic.com\/wp-content\/uploads\/2025\/10\/logo_la_joya-1024x347.webp 1024w, https:\/\/moniberic.com\/wp-content\/uploads\/2025\/10\/logo_la_joya-768x261.webp 768w, https:\/\/moniberic.com\/wp-content\/uploads\/2025\/10\/logo_la_joya-600x204.webp 600w, https:\/\/moniberic.com\/wp-content\/uploads\/2025\/10\/logo_la_joya.webp 1500w\" sizes=\"(max-width: 300px) 100vw, 300px\" \/><\/p>\n<p>Una de las m\u00e1s reputadas marcas en Jamones Ib\u00e9ricos.<\/p>\n","protected":false},"excerpt":{"rendered":"<p><img fetchpriority=\"high\" decoding=\"async\" class=\"size-full wp-image-1052 aligncenter\" src=\"https:\/\/moniberic.com\/wp-content\/uploads\/2022\/10\/bellota100.png\" alt=\"\" width=\"500\" height=\"101\" srcset=\"https:\/\/moniberic.com\/wp-content\/uploads\/2022\/10\/bellota100.png 500w, https:\/\/moniberic.com\/wp-content\/uploads\/2022\/10\/bellota100-300x61.png 300w\" sizes=\"(max-width: 500px) 100vw, 500px\" \/><\/p>\n<p>El <strong>Pernil de Bellota 100% Ib\u00e8ric La Joya<\/strong> representa la m\u00e0xima puresa ib\u00e8rica. El porc \u00e9s criat en llibertat entre alzines, sureres i altres esp\u00e8cies pr\u00f2pies de les millors deveses, i la seva exquisida alimentaci\u00f3 es basa en pastures naturals, glans i altres aliments caracter\u00edstics de l&#8217;ecosistema en el qual viu.<\/p>\n","protected":false},"featured_media":13122,"template":"","meta":[],"product_brand":[],"product_cat":[158],"product_tag":[],"class_list":{"0":"post-12047","1":"product","2":"type-product","3":"status-publish","4":"has-post-thumbnail","6":"product_cat-pernil","8":"first","9":"instock","10":"taxable","11":"shipping-taxable","12":"purchasable","13":"product-type-variable"},"_links":{"self":[{"href":"https:\/\/moniberic.com\/ca\/wp-json\/wp\/v2\/product\/12047","targetHints":{"allow":["GET"]}}],"collection":[{"href":"https:\/\/moniberic.com\/ca\/wp-json\/wp\/v2\/product"}],"about":[{"href":"https:\/\/moniberic.com\/ca\/wp-json\/wp\/v2\/types\/product"}],"wp:featuredmedia":[{"embeddable":true,"href":"https:\/\/moniberic.com\/ca\/wp-json\/wp\/v2\/media\/13122"}],"wp:attachment":[{"href":"https:\/\/moniberic.com\/ca\/wp-json\/wp\/v2\/media?parent=12047"}],"wp:term":[{"taxonomy":"product_brand","embeddable":true,"href":"https:\/\/moniberic.com\/ca\/wp-json\/wp\/v2\/product_brand?post=12047"},{"taxonomy":"product_cat","embeddable":true,"href":"https:\/\/moniberic.com\/ca\/wp-json\/wp\/v2\/product_cat?post=12047"},{"taxonomy":"product_tag","embeddable":true,"href":"https:\/\/moniberic.com\/ca\/wp-json\/wp\/v2\/product_tag?post=12047"}],"curies":[{"name":"wp","href":"https:\/\/api.w.org\/{rel}","templated":true}]}}