{"id":11430,"date":"2025-09-25T12:12:36","date_gmt":"2025-09-25T11:12:36","guid":{"rendered":"https:\/\/moniberic.com\/?post_type=product&#038;p=11430"},"modified":"2025-09-25T12:16:46","modified_gmt":"2025-09-25T11:16:46","slug":"oli-doliva-verge-extra-la-duente-del-quejigo-copia","status":"publish","type":"product","link":"https:\/\/moniberic.com\/ca\/producte\/oli-doliva-verge-extra-la-duente-del-quejigo-copia\/","title":{"rendered":"OLI D&#8217;OLIVA VERGE EXTRA LA FUENTE DEL QUEJIGO 2l"},"content":{"rendered":"<p>Garrafa de 2 l<\/p>\n<p>L&#8217;<strong>oli d&#8217;oliva verge extra La Font del Quejigo<\/strong> \u00e9s un producte de qualitat excepcional, obtingut directament d&#8217;olives i nom\u00e9s mitjan\u00e7ant procediments mec\u00e0nics.<\/p>\n<p>Conservar en lloc fresc i allunyat de la llum.<\/p>\n<p>&nbsp;<\/p>\n<p>&nbsp;<\/p>\n<p>&nbsp;<\/p>\n","protected":false},"excerpt":{"rendered":"<p>L&#8217;<strong>oli d&#8217;oliva verge extra La Font del Quejigo <\/strong>\u00e9s un producte de qualitat excepcional, obtingut directament d&#8217;olives i nom\u00e9s mitjan\u00e7ant procediments mec\u00e0nics.<\/p>\n","protected":false},"featured_media":11432,"template":"","meta":[],"product_brand":[],"product_cat":[489],"product_tag":[],"class_list":{"0":"post-11430","1":"product","2":"type-product","3":"status-publish","4":"has-post-thumbnail","6":"product_cat-oli","8":"first","9":"instock","10":"taxable","11":"shipping-taxable","12":"purchasable","13":"product-type-simple"},"_links":{"self":[{"href":"https:\/\/moniberic.com\/ca\/wp-json\/wp\/v2\/product\/11430","targetHints":{"allow":["GET"]}}],"collection":[{"href":"https:\/\/moniberic.com\/ca\/wp-json\/wp\/v2\/product"}],"about":[{"href":"https:\/\/moniberic.com\/ca\/wp-json\/wp\/v2\/types\/product"}],"wp:featuredmedia":[{"embeddable":true,"href":"https:\/\/moniberic.com\/ca\/wp-json\/wp\/v2\/media\/11432"}],"wp:attachment":[{"href":"https:\/\/moniberic.com\/ca\/wp-json\/wp\/v2\/media?parent=11430"}],"wp:term":[{"taxonomy":"product_brand","embeddable":true,"href":"https:\/\/moniberic.com\/ca\/wp-json\/wp\/v2\/product_brand?post=11430"},{"taxonomy":"product_cat","embeddable":true,"href":"https:\/\/moniberic.com\/ca\/wp-json\/wp\/v2\/product_cat?post=11430"},{"taxonomy":"product_tag","embeddable":true,"href":"https:\/\/moniberic.com\/ca\/wp-json\/wp\/v2\/product_tag?post=11430"}],"curies":[{"name":"wp","href":"https:\/\/api.w.org\/{rel}","templated":true}]}}