{"id":10441,"date":"2025-03-27T10:41:19","date_gmt":"2025-03-27T09:41:19","guid":{"rendered":"https:\/\/moniberic.com\/producto\/cava-gramona-imperial-brut\/"},"modified":"2025-03-27T10:41:19","modified_gmt":"2025-03-27T09:41:19","slug":"cava-gramona-imperial-brut","status":"publish","type":"product","link":"https:\/\/moniberic.com\/ca\/producte\/cava-gramona-imperial-brut\/","title":{"rendered":"CAVA GRAMONA IMPERIAL BRUT"},"content":{"rendered":"<h3>D.O.P. CORPINNAT<\/h3>\n<p><strong>BODEGA<\/strong>: Gramona<\/p>\n<p><strong>VARIETATS<\/strong>: Xarel\u00b7lo, Macabeo, Chardonnay, Perellada<\/p>\n<p><strong>TAST<\/strong>: Intens, destaca la fruita blanca madura, poma, pr\u00e9ssec de vinya. Notes c\u00edtriques de pell de llimona. Tons anisats, fonoll, records de blat. Mantega, brioix. L&#8217;oxigenaci\u00f3 potencia els aromes madurs past\u00eds de poma, massap\u00e0, rovell torrat.    <\/p>\n","protected":false},"excerpt":{"rendered":"<p>D.O.P. CORPINNAT BODEGA: Gramona VARIETATS: Xarel\u00b7lo, Macabeo, Chardonnay, Perellada TAST: Intens, destaca la fruita blanca madura, poma, pr\u00e9ssec de vinya. Notes c\u00edtriques de pell de llimona. Tons anisats, fonoll, records de blat. Mantega, brioix. L&#8217;oxigenaci\u00f3 potencia els aromes madurs past\u00eds de poma, massap\u00e0, rovell torrat.<\/p>\n","protected":false},"featured_media":9699,"template":"","meta":[],"product_brand":[],"product_cat":[100],"product_tag":[],"class_list":{"0":"post-10441","1":"product","2":"type-product","3":"status-publish","4":"has-post-thumbnail","6":"product_cat-vins-i-caves","8":"first","9":"instock","10":"taxable","11":"shipping-taxable","12":"purchasable","13":"product-type-simple"},"_links":{"self":[{"href":"https:\/\/moniberic.com\/ca\/wp-json\/wp\/v2\/product\/10441","targetHints":{"allow":["GET"]}}],"collection":[{"href":"https:\/\/moniberic.com\/ca\/wp-json\/wp\/v2\/product"}],"about":[{"href":"https:\/\/moniberic.com\/ca\/wp-json\/wp\/v2\/types\/product"}],"wp:featuredmedia":[{"embeddable":true,"href":"https:\/\/moniberic.com\/ca\/wp-json\/wp\/v2\/media\/9699"}],"wp:attachment":[{"href":"https:\/\/moniberic.com\/ca\/wp-json\/wp\/v2\/media?parent=10441"}],"wp:term":[{"taxonomy":"product_brand","embeddable":true,"href":"https:\/\/moniberic.com\/ca\/wp-json\/wp\/v2\/product_brand?post=10441"},{"taxonomy":"product_cat","embeddable":true,"href":"https:\/\/moniberic.com\/ca\/wp-json\/wp\/v2\/product_cat?post=10441"},{"taxonomy":"product_tag","embeddable":true,"href":"https:\/\/moniberic.com\/ca\/wp-json\/wp\/v2\/product_tag?post=10441"}],"curies":[{"name":"wp","href":"https:\/\/api.w.org\/{rel}","templated":true}]}}