{"id":10436,"date":"2025-03-27T10:42:13","date_gmt":"2025-03-27T09:42:13","guid":{"rendered":"https:\/\/moniberic.com\/producto\/cava-heretat-el-padruell\/"},"modified":"2025-11-03T14:53:18","modified_gmt":"2025-11-03T13:53:18","slug":"cava-heretat-el-padruell","status":"publish","type":"product","link":"https:\/\/moniberic.com\/ca\/producte\/cava-heretat-el-padruell\/","title":{"rendered":"CAVA ESCUMA DE MAR"},"content":{"rendered":"<h3>D.O.P. CAVA<\/h3>\n<p><strong>CELLER<\/strong>: Cava Masachs<\/p>\n<p><strong>VARIETATS<\/strong>: Xarel\u00b7lo, Macabeo, Perellada<\/p>\n<p><strong>TAST<\/strong>: La seva tonalitat daurada \u00e9s brillant i resplendent i apareix matisada per una cridanera bombolla que conforma una petita corona. Les notes afruitades s\u00f3n les protagonistes indiscutibles d&#8217;aquest cava que aporta frescor i eleg\u00e0ncia. De nou torna a sentir-se el toc de fruita a la boca, on es mostra ampli i deixa una gran persist\u00e8ncia.  <\/p>\n","protected":false},"excerpt":{"rendered":"<p>D.O.P. CAVA CELLER: Cava Masachs VARIETATS: Xarel\u00b7lo, Macabeo, Perellada TAST: La seva tonalitat daurada \u00e9s brillant i resplendent i apareix matisada per una cridanera bombolla que conforma una petita corona. Les notes afruitades s\u00f3n les protagonistes indiscutibles d&#8217;aquest cava que aporta frescor i eleg\u00e0ncia. De nou torna a sentir-se el toc de fruita a la [&hellip;]<\/p>\n","protected":false},"featured_media":11307,"template":"","meta":[],"product_brand":[],"product_cat":[100],"product_tag":[],"class_list":{"0":"post-10436","1":"product","2":"type-product","3":"status-publish","4":"has-post-thumbnail","6":"product_cat-vins-i-caves","8":"first","9":"instock","10":"taxable","11":"shipping-taxable","12":"purchasable","13":"product-type-simple"},"_links":{"self":[{"href":"https:\/\/moniberic.com\/ca\/wp-json\/wp\/v2\/product\/10436","targetHints":{"allow":["GET"]}}],"collection":[{"href":"https:\/\/moniberic.com\/ca\/wp-json\/wp\/v2\/product"}],"about":[{"href":"https:\/\/moniberic.com\/ca\/wp-json\/wp\/v2\/types\/product"}],"wp:featuredmedia":[{"embeddable":true,"href":"https:\/\/moniberic.com\/ca\/wp-json\/wp\/v2\/media\/11307"}],"wp:attachment":[{"href":"https:\/\/moniberic.com\/ca\/wp-json\/wp\/v2\/media?parent=10436"}],"wp:term":[{"taxonomy":"product_brand","embeddable":true,"href":"https:\/\/moniberic.com\/ca\/wp-json\/wp\/v2\/product_brand?post=10436"},{"taxonomy":"product_cat","embeddable":true,"href":"https:\/\/moniberic.com\/ca\/wp-json\/wp\/v2\/product_cat?post=10436"},{"taxonomy":"product_tag","embeddable":true,"href":"https:\/\/moniberic.com\/ca\/wp-json\/wp\/v2\/product_tag?post=10436"}],"curies":[{"name":"wp","href":"https:\/\/api.w.org\/{rel}","templated":true}]}}