{"id":10419,"date":"2025-03-27T10:54:30","date_gmt":"2025-03-27T09:54:30","guid":{"rendered":"https:\/\/moniberic.com\/producto\/champagne-taittinger-brut-reserva\/"},"modified":"2025-03-27T10:54:30","modified_gmt":"2025-03-27T09:54:30","slug":"champagne-taittinger-brut-reserva","status":"publish","type":"product","link":"https:\/\/moniberic.com\/ca\/producte\/champagne-taittinger-brut-reserva\/","title":{"rendered":"CHAMPAGNE TAITTINGER BRUT RESERVA"},"content":{"rendered":"<h3>D.O.P. CHAMPAGNE<\/h3>\n<p><strong>CELLER<\/strong>: Taittinger<\/p>\n<p><strong>VARIETATS<\/strong>: 40% Chardonnay, 35% Pinot Noir i 25% Pinot Meunier<\/p>\n<p><strong>TAST<\/strong>: La capa \u00e9s brillant, de color groc palla daurada. Les bombolles s\u00f3n fines. L&#8217;escuma \u00e9s discreta i persistent. El nas, molt expressiu i obert, \u00e9s alhora afruitat i cordat. Acomiada aromes de pr\u00e9ssec, de flors blanques (ar\u00e7 blanc, ac\u00e0cia)i de beina de vainilla. L&#8217;entrada a la boca \u00e9s viva, fresca, harmoniosa. S&#8217;expressen despr\u00e9s delicadament sabors de fruites i de mel. Brut Reserva que adquireix tota la maduresa en el transcurs dels tres a quatre anys de crian\u00e7a al celler, disposa d&#8217;un potencial arom\u00e0tic desenvolupat.       <\/p>\n","protected":false},"excerpt":{"rendered":"<p>D.O.P. CHAMPAGNE CELLER: Taittinger VARIETATS: 40% Chardonnay, 35% Pinot Noir i 25% Pinot Meunier TAST: La capa \u00e9s brillant, de color groc palla daurada. Les bombolles s\u00f3n fines. L&#8217;escuma \u00e9s discreta i persistent. El nas, molt expressiu i obert, \u00e9s alhora afruitat i cordat. Acomiada aromes de pr\u00e9ssec, de flors blanques (ar\u00e7 blanc, ac\u00e0cia)i de [&hellip;]<\/p>\n","protected":false},"featured_media":9715,"template":"","meta":[],"product_brand":[],"product_cat":[100],"product_tag":[],"class_list":{"0":"post-10419","1":"product","2":"type-product","3":"status-publish","4":"has-post-thumbnail","6":"product_cat-vins-i-caves","8":"first","9":"instock","10":"taxable","11":"shipping-taxable","12":"purchasable","13":"product-type-simple"},"_links":{"self":[{"href":"https:\/\/moniberic.com\/ca\/wp-json\/wp\/v2\/product\/10419","targetHints":{"allow":["GET"]}}],"collection":[{"href":"https:\/\/moniberic.com\/ca\/wp-json\/wp\/v2\/product"}],"about":[{"href":"https:\/\/moniberic.com\/ca\/wp-json\/wp\/v2\/types\/product"}],"wp:featuredmedia":[{"embeddable":true,"href":"https:\/\/moniberic.com\/ca\/wp-json\/wp\/v2\/media\/9715"}],"wp:attachment":[{"href":"https:\/\/moniberic.com\/ca\/wp-json\/wp\/v2\/media?parent=10419"}],"wp:term":[{"taxonomy":"product_brand","embeddable":true,"href":"https:\/\/moniberic.com\/ca\/wp-json\/wp\/v2\/product_brand?post=10419"},{"taxonomy":"product_cat","embeddable":true,"href":"https:\/\/moniberic.com\/ca\/wp-json\/wp\/v2\/product_cat?post=10419"},{"taxonomy":"product_tag","embeddable":true,"href":"https:\/\/moniberic.com\/ca\/wp-json\/wp\/v2\/product_tag?post=10419"}],"curies":[{"name":"wp","href":"https:\/\/api.w.org\/{rel}","templated":true}]}}