{"id":10402,"date":"2025-03-27T11:18:35","date_gmt":"2025-03-27T10:18:35","guid":{"rendered":"https:\/\/moniberic.com\/producto\/valtravieso-vt-tinta-fina\/"},"modified":"2025-03-27T11:18:35","modified_gmt":"2025-03-27T10:18:35","slug":"valtravieso-vt-tinta-fina","status":"publish","type":"product","link":"https:\/\/moniberic.com\/ca\/producte\/valtravieso-vt-tinta-fina\/","title":{"rendered":"VALTRAVIESO VT TINTA FINA"},"content":{"rendered":"<h3>D.O. RIBERA DEL DUERO<\/h3>\n<p><strong>CELLER<\/strong>: Valtravieso Bodegas y Vi\u00f1edos<\/p>\n<p><strong>VARIETATS<\/strong>: Tinto fino<\/p>\n<p><strong>TAST<\/strong>: Suculent i sabor\u00f3s. La seva aroma revela notes de cireres negres, olives, roman\u00ed, nou moscada i caixa de cigars. A la boca, presenta un cos de mig a ple, amb tanins robustos i vellutats. Posseeix un car\u00e0cter marcadament pols\u00f3s.   <\/p>\n","protected":false},"excerpt":{"rendered":"<p>D.O. RIBERA DEL DUERO CELLER: Valtravieso Bodegas y Vi\u00f1edos VARIETATS: Tinto fino TAST: Suculent i sabor\u00f3s. La seva aroma revela notes de cireres negres, olives, roman\u00ed, nou moscada i caixa de cigars. A la boca, presenta un cos de mig a ple, amb tanins robustos i vellutats. Posseeix un car\u00e0cter marcadament pols\u00f3s.<\/p>\n","protected":false},"featured_media":9920,"template":"","meta":[],"product_brand":[],"product_cat":[100],"product_tag":[],"class_list":{"0":"post-10402","1":"product","2":"type-product","3":"status-publish","4":"has-post-thumbnail","6":"product_cat-vins-i-caves","8":"first","9":"instock","10":"taxable","11":"shipping-taxable","12":"purchasable","13":"product-type-simple"},"_links":{"self":[{"href":"https:\/\/moniberic.com\/ca\/wp-json\/wp\/v2\/product\/10402","targetHints":{"allow":["GET"]}}],"collection":[{"href":"https:\/\/moniberic.com\/ca\/wp-json\/wp\/v2\/product"}],"about":[{"href":"https:\/\/moniberic.com\/ca\/wp-json\/wp\/v2\/types\/product"}],"wp:featuredmedia":[{"embeddable":true,"href":"https:\/\/moniberic.com\/ca\/wp-json\/wp\/v2\/media\/9920"}],"wp:attachment":[{"href":"https:\/\/moniberic.com\/ca\/wp-json\/wp\/v2\/media?parent=10402"}],"wp:term":[{"taxonomy":"product_brand","embeddable":true,"href":"https:\/\/moniberic.com\/ca\/wp-json\/wp\/v2\/product_brand?post=10402"},{"taxonomy":"product_cat","embeddable":true,"href":"https:\/\/moniberic.com\/ca\/wp-json\/wp\/v2\/product_cat?post=10402"},{"taxonomy":"product_tag","embeddable":true,"href":"https:\/\/moniberic.com\/ca\/wp-json\/wp\/v2\/product_tag?post=10402"}],"curies":[{"name":"wp","href":"https:\/\/api.w.org\/{rel}","templated":true}]}}