{"id":10396,"date":"2025-03-27T11:26:01","date_gmt":"2025-03-27T10:26:01","guid":{"rendered":"https:\/\/moniberic.com\/producto\/chivite-col%c2%b7leccio-125-blanc\/"},"modified":"2025-03-27T11:26:01","modified_gmt":"2025-03-27T10:26:01","slug":"chivite-col%c2%b7leccio-125-blanc","status":"publish","type":"product","link":"https:\/\/moniberic.com\/ca\/producte\/chivite-col%c2%b7leccio-125-blanc\/","title":{"rendered":"CHIVITE COL\u00b7LECCI\u00d3 125 BLANC"},"content":{"rendered":"<h3>D.O. NAVARRA<\/h3>\n<p><strong style=\"font-size: 16px;\">CELLER<\/strong><span style=\"font-size: 16px;\">: Chivite<\/span><\/p>\n<p><strong>VARIETATS<\/strong>: Chardonnay<\/p>\n<p><strong>TAST<\/strong>: Desplega un encant subtil amb la seva textura cremosa i cos gener\u00f3s. Al primer glop, t&#8217;embolica amb la maduresa justa, sense excessos. Al nas, es perceben aromes que recorden fruites com pr\u00e9ssec i pera, entrella\u00e7ats amb subtils tocs c\u00edtrics. A la boca, el seu equilibri \u00e9s notable, oferint una degustaci\u00f3 plaent i una persist\u00e8ncia que convida a seguir gaudint. Subtilesa i plenitud a cada copa.<\/p>\n","protected":false},"excerpt":{"rendered":"<p>D.O. NAVARRA CELLER: Chivite VARIETATS: Chardonnay TAST: Desplega un encant subtil amb la seva textura cremosa i cos gener\u00f3s. Al primer glop, t&#8217;embolica amb la maduresa justa, sense excessos. Al nas, es perceben aromes que recorden fruites com pr\u00e9ssec i pera, entrella\u00e7ats amb subtils tocs c\u00edtrics. A la boca, el seu equilibri \u00e9s notable, oferint [&hellip;]<\/p>\n","protected":false},"featured_media":9930,"template":"","meta":[],"product_brand":[],"product_cat":[100],"product_tag":[],"class_list":{"0":"post-10396","1":"product","2":"type-product","3":"status-publish","4":"has-post-thumbnail","6":"product_cat-vins-i-caves","8":"first","9":"instock","10":"taxable","11":"shipping-taxable","12":"purchasable","13":"product-type-simple"},"_links":{"self":[{"href":"https:\/\/moniberic.com\/ca\/wp-json\/wp\/v2\/product\/10396","targetHints":{"allow":["GET"]}}],"collection":[{"href":"https:\/\/moniberic.com\/ca\/wp-json\/wp\/v2\/product"}],"about":[{"href":"https:\/\/moniberic.com\/ca\/wp-json\/wp\/v2\/types\/product"}],"wp:featuredmedia":[{"embeddable":true,"href":"https:\/\/moniberic.com\/ca\/wp-json\/wp\/v2\/media\/9930"}],"wp:attachment":[{"href":"https:\/\/moniberic.com\/ca\/wp-json\/wp\/v2\/media?parent=10396"}],"wp:term":[{"taxonomy":"product_brand","embeddable":true,"href":"https:\/\/moniberic.com\/ca\/wp-json\/wp\/v2\/product_brand?post=10396"},{"taxonomy":"product_cat","embeddable":true,"href":"https:\/\/moniberic.com\/ca\/wp-json\/wp\/v2\/product_cat?post=10396"},{"taxonomy":"product_tag","embeddable":true,"href":"https:\/\/moniberic.com\/ca\/wp-json\/wp\/v2\/product_tag?post=10396"}],"curies":[{"name":"wp","href":"https:\/\/api.w.org\/{rel}","templated":true}]}}