{"id":10389,"date":"2025-03-27T11:29:14","date_gmt":"2025-03-27T10:29:14","guid":{"rendered":"https:\/\/moniberic.com\/producto\/fenomenal-blanc\/"},"modified":"2025-03-27T11:29:14","modified_gmt":"2025-03-27T10:29:14","slug":"fenomenal-blanc","status":"publish","type":"product","link":"https:\/\/moniberic.com\/ca\/producte\/fenomenal-blanc\/","title":{"rendered":"FENOMENAL BLANC"},"content":{"rendered":"<h3>D.O. RUEDA<\/h3>\n<p><strong style=\"font-size: 16px;\">CELLER<\/strong><span style=\"font-size: 16px;\">: Fenomenal<\/span><\/p>\n<p><strong>VARIETATS<\/strong>: Sauvignon blanc<\/p>\n<p><strong>TAST<\/strong>: Un delicat color groc molt brillant i net amb reflexos verds. Inunda amb un ampli ventall d&#8217;aromes de fruita tropical i c\u00edtrica com el maracui\u00e0 i la llima amb un toc de fruites carnoses com el pr\u00e9ssec, acompanyat per delicades flors blanques i record herba com el fonoll. \u00c9s volumin\u00f3s amb una textura sedosa i fresca que recorre tot el paladar. Al final deixa delici\u00f3s i persistent record de pell de llimona albercoc i fonoll.   <\/p>\n","protected":false},"excerpt":{"rendered":"<p>D.O. RUEDA CELLER: Fenomenal VARIETATS: Sauvignon blanc TAST: Un delicat color groc molt brillant i net amb reflexos verds. Inunda amb un ampli ventall d&#8217;aromes de fruita tropical i c\u00edtrica com el maracui\u00e0 i la llima amb un toc de fruites carnoses com el pr\u00e9ssec, acompanyat per delicades flors blanques i record herba com el [&hellip;]<\/p>\n","protected":false},"featured_media":9750,"template":"","meta":[],"product_brand":[],"product_cat":[100],"product_tag":[],"class_list":{"0":"post-10389","1":"product","2":"type-product","3":"status-publish","4":"has-post-thumbnail","6":"product_cat-vins-i-caves","8":"first","9":"instock","10":"taxable","11":"shipping-taxable","12":"purchasable","13":"product-type-simple"},"_links":{"self":[{"href":"https:\/\/moniberic.com\/ca\/wp-json\/wp\/v2\/product\/10389","targetHints":{"allow":["GET"]}}],"collection":[{"href":"https:\/\/moniberic.com\/ca\/wp-json\/wp\/v2\/product"}],"about":[{"href":"https:\/\/moniberic.com\/ca\/wp-json\/wp\/v2\/types\/product"}],"wp:featuredmedia":[{"embeddable":true,"href":"https:\/\/moniberic.com\/ca\/wp-json\/wp\/v2\/media\/9750"}],"wp:attachment":[{"href":"https:\/\/moniberic.com\/ca\/wp-json\/wp\/v2\/media?parent=10389"}],"wp:term":[{"taxonomy":"product_brand","embeddable":true,"href":"https:\/\/moniberic.com\/ca\/wp-json\/wp\/v2\/product_brand?post=10389"},{"taxonomy":"product_cat","embeddable":true,"href":"https:\/\/moniberic.com\/ca\/wp-json\/wp\/v2\/product_cat?post=10389"},{"taxonomy":"product_tag","embeddable":true,"href":"https:\/\/moniberic.com\/ca\/wp-json\/wp\/v2\/product_tag?post=10389"}],"curies":[{"name":"wp","href":"https:\/\/api.w.org\/{rel}","templated":true}]}}