{"id":10381,"date":"2025-03-27T11:33:06","date_gmt":"2025-03-27T10:33:06","guid":{"rendered":"https:\/\/moniberic.com\/producto\/jose-pariente-verdejo-blanc\/"},"modified":"2025-03-27T11:33:06","modified_gmt":"2025-03-27T10:33:06","slug":"jose-pariente-verdejo-blanc","status":"publish","type":"product","link":"https:\/\/moniberic.com\/ca\/producte\/jose-pariente-verdejo-blanc\/","title":{"rendered":"JOSE PARIENTE VERDEJO BLANC"},"content":{"rendered":"<h3>D.O. RUEDA<\/h3>\n<p><strong style=\"font-size: 16px;\">CELLER<\/strong>: <span style=\"font-size: 16px;\">Jos\u00e9 Pariente<\/span><\/p>\n<p><strong>VARIETATS<\/strong>: Verdejo<\/p>\n<p><strong>TAST<\/strong>: A la fase visual s&#8217;aprecia un color groc palla brillant, amb reflexos verdosos. Elegant, fresc i complex. Mostra un marcat to afruitat, que inclou la gamma de fruites blanques i c\u00edtrics. Aix\u00ed mateix, s&#8217;aprecien aromes de fonoll, de muntanya baixa i un fons anisat, bals\u00e0mic. Tot aix\u00f2 sobre un record mineral. A la boca apareixen de nou les notes de fruita fresca. Untu\u00f3s, llaminer i elegant amb un suau toc d&#8217;amargor final, caracter\u00edstic de la varietat verdejo i sostingut per una bona acidesa. Posseeix una gran estructura que n&#8217;afavoreix la persist\u00e8ncia. Destaca el volum a la boca d&#8217;aquesta anyada. La retronasal \u00e9s complexa i intensa.<\/p>\n","protected":false},"excerpt":{"rendered":"<p>D.O. RUEDA CELLER: Jos\u00e9 Pariente VARIETATS: Verdejo TAST: A la fase visual s&#8217;aprecia un color groc palla brillant, amb reflexos verdosos. Elegant, fresc i complex. Mostra un marcat to afruitat, que inclou la gamma de fruites blanques i c\u00edtrics. Aix\u00ed mateix, s&#8217;aprecien aromes de fonoll, de muntanya baixa i un fons anisat, bals\u00e0mic. Tot aix\u00f2 [&hellip;]<\/p>\n","protected":false},"featured_media":9756,"template":"","meta":[],"product_brand":[],"product_cat":[100],"product_tag":[],"class_list":{"0":"post-10381","1":"product","2":"type-product","3":"status-publish","4":"has-post-thumbnail","6":"product_cat-vins-i-caves","8":"first","9":"instock","10":"taxable","11":"shipping-taxable","12":"purchasable","13":"product-type-simple"},"_links":{"self":[{"href":"https:\/\/moniberic.com\/ca\/wp-json\/wp\/v2\/product\/10381","targetHints":{"allow":["GET"]}}],"collection":[{"href":"https:\/\/moniberic.com\/ca\/wp-json\/wp\/v2\/product"}],"about":[{"href":"https:\/\/moniberic.com\/ca\/wp-json\/wp\/v2\/types\/product"}],"wp:featuredmedia":[{"embeddable":true,"href":"https:\/\/moniberic.com\/ca\/wp-json\/wp\/v2\/media\/9756"}],"wp:attachment":[{"href":"https:\/\/moniberic.com\/ca\/wp-json\/wp\/v2\/media?parent=10381"}],"wp:term":[{"taxonomy":"product_brand","embeddable":true,"href":"https:\/\/moniberic.com\/ca\/wp-json\/wp\/v2\/product_brand?post=10381"},{"taxonomy":"product_cat","embeddable":true,"href":"https:\/\/moniberic.com\/ca\/wp-json\/wp\/v2\/product_cat?post=10381"},{"taxonomy":"product_tag","embeddable":true,"href":"https:\/\/moniberic.com\/ca\/wp-json\/wp\/v2\/product_tag?post=10381"}],"curies":[{"name":"wp","href":"https:\/\/api.w.org\/{rel}","templated":true}]}}