{"id":10375,"date":"2025-03-27T11:35:27","date_gmt":"2025-03-27T10:35:27","guid":{"rendered":"https:\/\/moniberic.com\/producto\/mar-de-frades-albarino-blanc\/"},"modified":"2025-04-01T07:24:54","modified_gmt":"2025-04-01T06:24:54","slug":"mar-de-frades-albarino-blanc","status":"publish","type":"product","link":"https:\/\/moniberic.com\/ca\/producte\/mar-de-frades-albarino-blanc\/","title":{"rendered":"MAR DE FRADES ALBARI\u00d1O BLANC"},"content":{"rendered":"<h3>D.O. R\u00cdAS BAIXAS<\/h3>\n<p><strong style=\"font-size: 16px;\">CELLER<\/strong><span style=\"font-size: 16px;\">: Mar de Frades<\/span><\/p>\n<p><strong>VARIETATS<\/strong>: Albari\u00f1o<\/p>\n<p><strong>TAST<\/strong>: En vista \u00e9s brillant, color llimona p\u00e0l\u00b7lid, amb centelleigs de llima que conviden a descobrir-ho. Al nas, fresc, intens, amb notes de flors silvestre, eucaliptus, menta i fruita tropical. En boca es torna refrescant, vibrant, fluida, el\u00e8ctrica. Volum harmoni\u00f3s i complet, amb suavitat i car\u00e0cter.   <\/p>\n","protected":false},"excerpt":{"rendered":"<p>D.O. R\u00cdAS BAIXAS CELLER: Mar de Frades VARIETATS: Albari\u00f1o TAST: En vista \u00e9s brillant, color llimona p\u00e0l\u00b7lid, amb centelleigs de llima que conviden a descobrir-ho. Al nas, fresc, intens, amb notes de flors silvestre, eucaliptus, menta i fruita tropical. En boca es torna refrescant, vibrant, fluida, el\u00e8ctrica. Volum harmoni\u00f3s i complet, amb suavitat i car\u00e0cter.<\/p>\n","protected":false},"featured_media":9762,"template":"","meta":[],"product_brand":[],"product_cat":[100],"product_tag":[],"class_list":{"0":"post-10375","1":"product","2":"type-product","3":"status-publish","4":"has-post-thumbnail","6":"product_cat-vins-i-caves","8":"first","9":"instock","10":"taxable","11":"shipping-taxable","12":"purchasable","13":"product-type-simple"},"_links":{"self":[{"href":"https:\/\/moniberic.com\/ca\/wp-json\/wp\/v2\/product\/10375","targetHints":{"allow":["GET"]}}],"collection":[{"href":"https:\/\/moniberic.com\/ca\/wp-json\/wp\/v2\/product"}],"about":[{"href":"https:\/\/moniberic.com\/ca\/wp-json\/wp\/v2\/types\/product"}],"wp:featuredmedia":[{"embeddable":true,"href":"https:\/\/moniberic.com\/ca\/wp-json\/wp\/v2\/media\/9762"}],"wp:attachment":[{"href":"https:\/\/moniberic.com\/ca\/wp-json\/wp\/v2\/media?parent=10375"}],"wp:term":[{"taxonomy":"product_brand","embeddable":true,"href":"https:\/\/moniberic.com\/ca\/wp-json\/wp\/v2\/product_brand?post=10375"},{"taxonomy":"product_cat","embeddable":true,"href":"https:\/\/moniberic.com\/ca\/wp-json\/wp\/v2\/product_cat?post=10375"},{"taxonomy":"product_tag","embeddable":true,"href":"https:\/\/moniberic.com\/ca\/wp-json\/wp\/v2\/product_tag?post=10375"}],"curies":[{"name":"wp","href":"https:\/\/api.w.org\/{rel}","templated":true}]}}