{"id":10371,"date":"2025-03-27T11:39:34","date_gmt":"2025-03-27T10:39:34","guid":{"rendered":"https:\/\/moniberic.com\/producto\/ramon-bilbao-verdejo-blanc\/"},"modified":"2025-03-27T11:39:34","modified_gmt":"2025-03-27T10:39:34","slug":"ramon-bilbao-verdejo-blanc","status":"publish","type":"product","link":"https:\/\/moniberic.com\/ca\/producte\/ramon-bilbao-verdejo-blanc\/","title":{"rendered":"RAMON BILBAO VERDEJO BLANC"},"content":{"rendered":"<h3>D.O. RUEDA<\/h3>\n<p><strong style=\"font-size: 16px;\">CELLER<\/strong><span style=\"font-size: 16px;\">: Ram\u00f3n Bilbao<\/span><\/p>\n<p><strong>VARIETATS<\/strong>: Verdejo<\/p>\n<p><strong>TAST<\/strong>: Color groc palla amb reflexes verdosos, aspecte reconeixible entre els verdejos cl\u00e0ssics. El nas ve carregat de notes d&#8217;an\u00eds i d&#8217;aromes fruiters d&#8217;alta intensitat (fruita blanca i c\u00edtrica). Aromes herbacis, com el fonoll i el llorer, reclamen tamb\u00e9 bona part del protagonisme olfactiu. A la boca, \u00e9s un vi fresc i untu\u00f3s, amb bon equilibri entre cos i acidesa. Despr\u00e9s de cada glop apareixen novament els perfums de fruita fresca, herbes i flors (lavanda i gessam\u00ed). Final llarg, lleugerament amarg i tremendament gastron\u00f2mic.<\/p>\n","protected":false},"excerpt":{"rendered":"<p>D.O. RUEDA CELLER: Ram\u00f3n Bilbao VARIETATS: Verdejo TAST: Color groc palla amb reflexes verdosos, aspecte reconeixible entre els verdejos cl\u00e0ssics. El nas ve carregat de notes d&#8217;an\u00eds i d&#8217;aromes fruiters d&#8217;alta intensitat (fruita blanca i c\u00edtrica). Aromes herbacis, com el fonoll i el llorer, reclamen tamb\u00e9 bona part del protagonisme olfactiu. A la boca, \u00e9s [&hellip;]<\/p>\n","protected":false},"featured_media":9898,"template":"","meta":[],"product_brand":[],"product_cat":[100],"product_tag":[],"class_list":{"0":"post-10371","1":"product","2":"type-product","3":"status-publish","4":"has-post-thumbnail","6":"product_cat-vins-i-caves","8":"first","9":"instock","10":"taxable","11":"shipping-taxable","12":"purchasable","13":"product-type-simple"},"_links":{"self":[{"href":"https:\/\/moniberic.com\/ca\/wp-json\/wp\/v2\/product\/10371","targetHints":{"allow":["GET"]}}],"collection":[{"href":"https:\/\/moniberic.com\/ca\/wp-json\/wp\/v2\/product"}],"about":[{"href":"https:\/\/moniberic.com\/ca\/wp-json\/wp\/v2\/types\/product"}],"wp:featuredmedia":[{"embeddable":true,"href":"https:\/\/moniberic.com\/ca\/wp-json\/wp\/v2\/media\/9898"}],"wp:attachment":[{"href":"https:\/\/moniberic.com\/ca\/wp-json\/wp\/v2\/media?parent=10371"}],"wp:term":[{"taxonomy":"product_brand","embeddable":true,"href":"https:\/\/moniberic.com\/ca\/wp-json\/wp\/v2\/product_brand?post=10371"},{"taxonomy":"product_cat","embeddable":true,"href":"https:\/\/moniberic.com\/ca\/wp-json\/wp\/v2\/product_cat?post=10371"},{"taxonomy":"product_tag","embeddable":true,"href":"https:\/\/moniberic.com\/ca\/wp-json\/wp\/v2\/product_tag?post=10371"}],"curies":[{"name":"wp","href":"https:\/\/api.w.org\/{rel}","templated":true}]}}