{"id":10366,"date":"2025-03-27T11:41:49","date_gmt":"2025-03-27T10:41:49","guid":{"rendered":"https:\/\/moniberic.com\/producto\/sommos-chardonnay-blanc\/"},"modified":"2025-03-27T11:41:49","modified_gmt":"2025-03-27T10:41:49","slug":"sommos-chardonnay-blanc","status":"publish","type":"product","link":"https:\/\/moniberic.com\/ca\/producte\/sommos-chardonnay-blanc\/","title":{"rendered":"SOMMOS CHARDONNAY BLANC"},"content":{"rendered":"<h3>D.O. SOMONTANO<\/h3>\n<p><strong style=\"font-size: 16px;\">CELLER<\/strong><span style=\"font-size: 16px;\">: Sommos<\/span><\/p>\n<p><strong>VARIETATS<\/strong>: Chardonnay<\/p>\n<p><strong>TAST<\/strong>: Groc p\u00e0l\u00b7lid amb reflexes verdosos i rivet p\u00e0l\u00b7lid. Nas molt expressiva i complexa. Comen\u00e7a amb fruites tropicals com la pinya, segueixen notes m\u00e9s melades o dolces, per acabar amb notes de crian\u00e7a que ens recorden a fruits secs com avellana o ametlla torrada. Es tracta d&#8217;un vi rod\u00f3, molt glic\u00e8ric, que omple el paladar de sabors fruiters amb un lleuger fons de b\u00f3ta torrada que evoca notes de mantega i rebosteria.<\/p>\n","protected":false},"excerpt":{"rendered":"<p>D.O. SOMONTANO CELLER: Sommos VARIETATS: Chardonnay TAST: Groc p\u00e0l\u00b7lid amb reflexes verdosos i rivet p\u00e0l\u00b7lid. Nas molt expressiva i complexa. Comen\u00e7a amb fruites tropicals com la pinya, segueixen notes m\u00e9s melades o dolces, per acabar amb notes de crian\u00e7a que ens recorden a fruits secs com avellana o ametlla torrada. Es tracta d&#8217;un vi rod\u00f3, [&hellip;]<\/p>\n","protected":false},"featured_media":9911,"template":"","meta":[],"product_brand":[],"product_cat":[100],"product_tag":[],"class_list":{"0":"post-10366","1":"product","2":"type-product","3":"status-publish","4":"has-post-thumbnail","6":"product_cat-vins-i-caves","8":"first","9":"instock","10":"taxable","11":"shipping-taxable","12":"purchasable","13":"product-type-simple"},"_links":{"self":[{"href":"https:\/\/moniberic.com\/ca\/wp-json\/wp\/v2\/product\/10366","targetHints":{"allow":["GET"]}}],"collection":[{"href":"https:\/\/moniberic.com\/ca\/wp-json\/wp\/v2\/product"}],"about":[{"href":"https:\/\/moniberic.com\/ca\/wp-json\/wp\/v2\/types\/product"}],"wp:featuredmedia":[{"embeddable":true,"href":"https:\/\/moniberic.com\/ca\/wp-json\/wp\/v2\/media\/9911"}],"wp:attachment":[{"href":"https:\/\/moniberic.com\/ca\/wp-json\/wp\/v2\/media?parent=10366"}],"wp:term":[{"taxonomy":"product_brand","embeddable":true,"href":"https:\/\/moniberic.com\/ca\/wp-json\/wp\/v2\/product_brand?post=10366"},{"taxonomy":"product_cat","embeddable":true,"href":"https:\/\/moniberic.com\/ca\/wp-json\/wp\/v2\/product_cat?post=10366"},{"taxonomy":"product_tag","embeddable":true,"href":"https:\/\/moniberic.com\/ca\/wp-json\/wp\/v2\/product_tag?post=10366"}],"curies":[{"name":"wp","href":"https:\/\/api.w.org\/{rel}","templated":true}]}}