{"id":10360,"date":"2025-03-27T11:44:33","date_gmt":"2025-03-27T10:44:33","guid":{"rendered":"https:\/\/moniberic.com\/producto\/5-fincas-negre\/"},"modified":"2025-03-27T11:44:33","modified_gmt":"2025-03-27T10:44:33","slug":"5-fincas-negre","status":"publish","type":"product","link":"https:\/\/moniberic.com\/ca\/producte\/5-fincas-negre\/","title":{"rendered":"5 FINCAS NEGRE"},"content":{"rendered":"<h3>D.O. EMPORD\u00c0<\/h3>\n<p><strong style=\"font-size: 16px;\">CELLER<\/strong><span style=\"font-size: 16px;\">: Perelada<\/span><\/p>\n<p><strong>VARIETATS<\/strong>: Merlot, Garnatxa, Cabernet sauvignon, Syrah, Sams\u00f3<\/p>\n<p><strong>TAST<\/strong>: D&#8217;intens color vermell cirera, l&#8217;aroma presenta records de fruites vermelles i esp\u00e8cies, amb notes bals\u00e0miques i un fons torrefacte. A la boca \u00e9s fresc, estructurat i equilibrat, amb uns tanins presents per\u00f2 molt ben integrats. \u00c9s un vi amb molta personalitat i un llarg postgust.  <\/p>\n","protected":false},"excerpt":{"rendered":"<p>D.O. EMPORD\u00c0 CELLER: Perelada VARIETATS: Merlot, Garnatxa, Cabernet sauvignon, Syrah, Sams\u00f3 TAST: D&#8217;intens color vermell cirera, l&#8217;aroma presenta records de fruites vermelles i esp\u00e8cies, amb notes bals\u00e0miques i un fons torrefacte. A la boca \u00e9s fresc, estructurat i equilibrat, amb uns tanins presents per\u00f2 molt ben integrats. \u00c9s un vi amb molta personalitat i un [&hellip;]<\/p>\n","protected":false},"featured_media":9894,"template":"","meta":[],"product_brand":[],"product_cat":[100],"product_tag":[],"class_list":{"0":"post-10360","1":"product","2":"type-product","3":"status-publish","4":"has-post-thumbnail","6":"product_cat-vins-i-caves","8":"first","9":"instock","10":"taxable","11":"shipping-taxable","12":"purchasable","13":"product-type-simple"},"_links":{"self":[{"href":"https:\/\/moniberic.com\/ca\/wp-json\/wp\/v2\/product\/10360","targetHints":{"allow":["GET"]}}],"collection":[{"href":"https:\/\/moniberic.com\/ca\/wp-json\/wp\/v2\/product"}],"about":[{"href":"https:\/\/moniberic.com\/ca\/wp-json\/wp\/v2\/types\/product"}],"wp:featuredmedia":[{"embeddable":true,"href":"https:\/\/moniberic.com\/ca\/wp-json\/wp\/v2\/media\/9894"}],"wp:attachment":[{"href":"https:\/\/moniberic.com\/ca\/wp-json\/wp\/v2\/media?parent=10360"}],"wp:term":[{"taxonomy":"product_brand","embeddable":true,"href":"https:\/\/moniberic.com\/ca\/wp-json\/wp\/v2\/product_brand?post=10360"},{"taxonomy":"product_cat","embeddable":true,"href":"https:\/\/moniberic.com\/ca\/wp-json\/wp\/v2\/product_cat?post=10360"},{"taxonomy":"product_tag","embeddable":true,"href":"https:\/\/moniberic.com\/ca\/wp-json\/wp\/v2\/product_tag?post=10360"}],"curies":[{"name":"wp","href":"https:\/\/api.w.org\/{rel}","templated":true}]}}