{"id":10356,"date":"2025-03-27T11:49:24","date_gmt":"2025-03-27T10:49:24","guid":{"rendered":"https:\/\/moniberic.com\/producto\/atalayas-de-golban-celestina-negre\/"},"modified":"2025-03-27T11:49:24","modified_gmt":"2025-03-27T10:49:24","slug":"atalayas-de-golban-celestina-negre","status":"publish","type":"product","link":"https:\/\/moniberic.com\/ca\/producte\/atalayas-de-golban-celestina-negre\/","title":{"rendered":"ATALAYAS DE GOLBAN CELESTINA NEGRE"},"content":{"rendered":"<h3>D.O. RIBERA DEL DUERO<\/h3>\n<p><strong style=\"font-size: 16px;\">CELLER<\/strong><span style=\"font-size: 16px;\">: Atalayas de Golb\u00e1n<\/span><\/p>\n<p><strong>VARIETATS <\/strong>: Tempranillo<\/p>\n<p><strong>TAST<\/strong>: En boca \u00e9s un vi equilibrat, amb aromes que recorden fruites i regal\u00e8ssia i fins i tot notes de cacau. La fusta deixa un gust final al paladar que suposa un toc complex i profund que fa que aquest vi sigui impactant per a qui el gaudeix.<\/p>\n","protected":false},"excerpt":{"rendered":"<p>D.O. RIBERA DEL DUERO CELLER: Atalayas de Golb\u00e1n VARIETATS : Tempranillo TAST: En boca \u00e9s un vi equilibrat, amb aromes que recorden fruites i regal\u00e8ssia i fins i tot notes de cacau. La fusta deixa un gust final al paladar que suposa un toc complex i profund que fa que aquest vi sigui impactant per [&hellip;]<\/p>\n","protected":false},"featured_media":9791,"template":"","meta":[],"product_brand":[],"product_cat":[100],"product_tag":[],"class_list":{"0":"post-10356","1":"product","2":"type-product","3":"status-publish","4":"has-post-thumbnail","6":"product_cat-vins-i-caves","8":"first","9":"instock","10":"taxable","11":"shipping-taxable","12":"purchasable","13":"product-type-simple"},"_links":{"self":[{"href":"https:\/\/moniberic.com\/ca\/wp-json\/wp\/v2\/product\/10356","targetHints":{"allow":["GET"]}}],"collection":[{"href":"https:\/\/moniberic.com\/ca\/wp-json\/wp\/v2\/product"}],"about":[{"href":"https:\/\/moniberic.com\/ca\/wp-json\/wp\/v2\/types\/product"}],"wp:featuredmedia":[{"embeddable":true,"href":"https:\/\/moniberic.com\/ca\/wp-json\/wp\/v2\/media\/9791"}],"wp:attachment":[{"href":"https:\/\/moniberic.com\/ca\/wp-json\/wp\/v2\/media?parent=10356"}],"wp:term":[{"taxonomy":"product_brand","embeddable":true,"href":"https:\/\/moniberic.com\/ca\/wp-json\/wp\/v2\/product_brand?post=10356"},{"taxonomy":"product_cat","embeddable":true,"href":"https:\/\/moniberic.com\/ca\/wp-json\/wp\/v2\/product_cat?post=10356"},{"taxonomy":"product_tag","embeddable":true,"href":"https:\/\/moniberic.com\/ca\/wp-json\/wp\/v2\/product_tag?post=10356"}],"curies":[{"name":"wp","href":"https:\/\/api.w.org\/{rel}","templated":true}]}}