{"id":10349,"date":"2025-03-27T11:49:28","date_gmt":"2025-03-27T10:49:28","guid":{"rendered":"https:\/\/moniberic.com\/producto\/cenit-negre\/"},"modified":"2025-03-27T11:49:28","modified_gmt":"2025-03-27T10:49:28","slug":"cenit-negre","status":"publish","type":"product","link":"https:\/\/moniberic.com\/ca\/producte\/cenit-negre\/","title":{"rendered":"CENIT NEGRE"},"content":{"rendered":"<h3>D.O. TIERRA DEL VINO DE ZAMORA<\/h3>\n<p><strong style=\"font-size: 16px;\">CELLER<\/strong><span style=\"font-size: 16px;\">: Cenit<\/span><\/p>\n<p><strong>VARIETATS <\/strong>: Tempranillo<\/p>\n<p><strong>TAST<\/strong>: Vi intens, elegant i complex. Desenvolupa i evoluciona a mesura que s&#8217;oxigena, mostrant infinitat de matisos. Notes especiades i bals\u00e0miques combinades amb fruites vermelles i negres. Equilibri perfecte a la boca i gran complexitat. Mostra l&#8217;eleg\u00e0ncia i la pot\u00e8ncia del ra\u00efm ull de llebre.    <\/p>\n","protected":false},"excerpt":{"rendered":"<p>D.O. TIERRA DEL VINO DE ZAMORA CELLER: Cenit VARIETATS : Tempranillo TAST: Vi intens, elegant i complex. Desenvolupa i evoluciona a mesura que s&#8217;oxigena, mostrant infinitat de matisos. Notes especiades i bals\u00e0miques combinades amb fruites vermelles i negres. Equilibri perfecte a la boca i gran complexitat. Mostra l&#8217;eleg\u00e0ncia i la pot\u00e8ncia del ra\u00efm ull de [&hellip;]<\/p>\n","protected":false},"featured_media":9796,"template":"","meta":[],"product_brand":[],"product_cat":[100],"product_tag":[],"class_list":{"0":"post-10349","1":"product","2":"type-product","3":"status-publish","4":"has-post-thumbnail","6":"product_cat-vins-i-caves","8":"first","9":"instock","10":"taxable","11":"shipping-taxable","12":"purchasable","13":"product-type-simple"},"_links":{"self":[{"href":"https:\/\/moniberic.com\/ca\/wp-json\/wp\/v2\/product\/10349","targetHints":{"allow":["GET"]}}],"collection":[{"href":"https:\/\/moniberic.com\/ca\/wp-json\/wp\/v2\/product"}],"about":[{"href":"https:\/\/moniberic.com\/ca\/wp-json\/wp\/v2\/types\/product"}],"wp:featuredmedia":[{"embeddable":true,"href":"https:\/\/moniberic.com\/ca\/wp-json\/wp\/v2\/media\/9796"}],"wp:attachment":[{"href":"https:\/\/moniberic.com\/ca\/wp-json\/wp\/v2\/media?parent=10349"}],"wp:term":[{"taxonomy":"product_brand","embeddable":true,"href":"https:\/\/moniberic.com\/ca\/wp-json\/wp\/v2\/product_brand?post=10349"},{"taxonomy":"product_cat","embeddable":true,"href":"https:\/\/moniberic.com\/ca\/wp-json\/wp\/v2\/product_cat?post=10349"},{"taxonomy":"product_tag","embeddable":true,"href":"https:\/\/moniberic.com\/ca\/wp-json\/wp\/v2\/product_tag?post=10349"}],"curies":[{"name":"wp","href":"https:\/\/api.w.org\/{rel}","templated":true}]}}