{"id":10343,"date":"2025-03-27T11:53:32","date_gmt":"2025-03-27T10:53:32","guid":{"rendered":"https:\/\/moniberic.com\/producto\/ebano-6-negre\/"},"modified":"2025-03-27T11:53:32","modified_gmt":"2025-03-27T10:53:32","slug":"ebano-6-negre","status":"publish","type":"product","link":"https:\/\/moniberic.com\/ca\/producte\/ebano-6-negre\/","title":{"rendered":"EBANO 6 NEGRE"},"content":{"rendered":"<h3>D.O. RIBERA DEL DUERO<\/h3>\n<p><strong style=\"font-size: 16px;\">CELLER<\/strong><span style=\"font-size: 16px;\">: \u00c9bano<\/span><\/p>\n<p><strong>VARIETATS <\/strong>: Tempranillo<\/p>\n<p><strong>TAST<\/strong>: Color vermell porpra intens amb rivet violaci. Al nas mostra aromes de melmelada de maduixa i m\u00f3ra silvestre, grosella, nabiu i regal\u00e8ssia. Acompanyats amb tocs especiats d&#8217;anet, pebre negre i canyella. Bals\u00e0mic, vainilla, nota mentolada fresca i suau, torrats de cacau i toffee. Notes de fruita madura, compotes i cirera. Boca enorme, de tanins madurs i envoltants, bona untuositat. Ben estructurat, potent harmoni\u00f3s i c\u00e0lid, glic\u00e8ric, llarg\u2026      <\/p>\n","protected":false},"excerpt":{"rendered":"<p>D.O. RIBERA DEL DUERO CELLER: \u00c9bano VARIETATS : Tempranillo TAST: Color vermell porpra intens amb rivet violaci. Al nas mostra aromes de melmelada de maduixa i m\u00f3ra silvestre, grosella, nabiu i regal\u00e8ssia. Acompanyats amb tocs especiats d&#8217;anet, pebre negre i canyella. Bals\u00e0mic, vainilla, nota mentolada fresca i suau, torrats de cacau i toffee. Notes de [&hellip;]<\/p>\n","protected":false},"featured_media":9802,"template":"","meta":[],"product_brand":[],"product_cat":[100],"product_tag":[],"class_list":{"0":"post-10343","1":"product","2":"type-product","3":"status-publish","4":"has-post-thumbnail","6":"product_cat-vins-i-caves","8":"first","9":"instock","10":"taxable","11":"shipping-taxable","12":"purchasable","13":"product-type-simple"},"_links":{"self":[{"href":"https:\/\/moniberic.com\/ca\/wp-json\/wp\/v2\/product\/10343","targetHints":{"allow":["GET"]}}],"collection":[{"href":"https:\/\/moniberic.com\/ca\/wp-json\/wp\/v2\/product"}],"about":[{"href":"https:\/\/moniberic.com\/ca\/wp-json\/wp\/v2\/types\/product"}],"wp:featuredmedia":[{"embeddable":true,"href":"https:\/\/moniberic.com\/ca\/wp-json\/wp\/v2\/media\/9802"}],"wp:attachment":[{"href":"https:\/\/moniberic.com\/ca\/wp-json\/wp\/v2\/media?parent=10343"}],"wp:term":[{"taxonomy":"product_brand","embeddable":true,"href":"https:\/\/moniberic.com\/ca\/wp-json\/wp\/v2\/product_brand?post=10343"},{"taxonomy":"product_cat","embeddable":true,"href":"https:\/\/moniberic.com\/ca\/wp-json\/wp\/v2\/product_cat?post=10343"},{"taxonomy":"product_tag","embeddable":true,"href":"https:\/\/moniberic.com\/ca\/wp-json\/wp\/v2\/product_tag?post=10343"}],"curies":[{"name":"wp","href":"https:\/\/api.w.org\/{rel}","templated":true}]}}