{"id":10337,"date":"2025-03-27T12:01:08","date_gmt":"2025-03-27T11:01:08","guid":{"rendered":"https:\/\/moniberic.com\/producto\/finca-el-ribazo-negre\/"},"modified":"2025-03-27T12:01:08","modified_gmt":"2025-03-27T11:01:08","slug":"finca-el-ribazo-negre","status":"publish","type":"product","link":"https:\/\/moniberic.com\/ca\/producte\/finca-el-ribazo-negre\/","title":{"rendered":"FINCA EL RIBAZO NEGRE"},"content":{"rendered":"<h3>D.O. LA RIOJA<\/h3>\n<p><strong style=\"font-size: 16px;\">CELLER<\/strong><span style=\"font-size: 16px;\">: Vi\u00f1edos y bodegas de la Marquesa<\/span><\/p>\n<p><strong>VARIETATS <\/strong>: Tempranillo<\/p>\n<p><strong>TAST<\/strong>: Color vermell picota intens. Aroma de fruits vermells i negres. Intens amb matisos d&#8217;esp\u00e8cies dolces i fruita seca. Sabor untu\u00f3s, potent i ampli. Fruites madures i tanins potents i vellutats. Bals\u00e0mic i untu\u00f3s.<\/p>\n","protected":false},"excerpt":{"rendered":"<p>D.O. LA RIOJA CELLER: Vi\u00f1edos y bodegas de la Marquesa VARIETATS : Tempranillo TAST: Color vermell picota intens. Aroma de fruits vermells i negres. Intens amb matisos d&#8217;esp\u00e8cies dolces i fruita seca. Sabor untu\u00f3s, potent i ampli. Fruites madures i tanins potents i vellutats. Bals\u00e0mic i untu\u00f3s.<\/p>\n","protected":false},"featured_media":9808,"template":"","meta":[],"product_brand":[],"product_cat":[100],"product_tag":[],"class_list":{"0":"post-10337","1":"product","2":"type-product","3":"status-publish","4":"has-post-thumbnail","6":"product_cat-vins-i-caves","8":"first","9":"instock","10":"taxable","11":"shipping-taxable","12":"purchasable","13":"product-type-simple"},"_links":{"self":[{"href":"https:\/\/moniberic.com\/ca\/wp-json\/wp\/v2\/product\/10337","targetHints":{"allow":["GET"]}}],"collection":[{"href":"https:\/\/moniberic.com\/ca\/wp-json\/wp\/v2\/product"}],"about":[{"href":"https:\/\/moniberic.com\/ca\/wp-json\/wp\/v2\/types\/product"}],"wp:featuredmedia":[{"embeddable":true,"href":"https:\/\/moniberic.com\/ca\/wp-json\/wp\/v2\/media\/9808"}],"wp:attachment":[{"href":"https:\/\/moniberic.com\/ca\/wp-json\/wp\/v2\/media?parent=10337"}],"wp:term":[{"taxonomy":"product_brand","embeddable":true,"href":"https:\/\/moniberic.com\/ca\/wp-json\/wp\/v2\/product_brand?post=10337"},{"taxonomy":"product_cat","embeddable":true,"href":"https:\/\/moniberic.com\/ca\/wp-json\/wp\/v2\/product_cat?post=10337"},{"taxonomy":"product_tag","embeddable":true,"href":"https:\/\/moniberic.com\/ca\/wp-json\/wp\/v2\/product_tag?post=10337"}],"curies":[{"name":"wp","href":"https:\/\/api.w.org\/{rel}","templated":true}]}}