{"id":10329,"date":"2025-03-27T12:01:54","date_gmt":"2025-03-27T11:01:54","guid":{"rendered":"https:\/\/moniberic.com\/producto\/luis-canas-crianca\/"},"modified":"2025-03-27T12:01:54","modified_gmt":"2025-03-27T11:01:54","slug":"luis-canas-crianca","status":"publish","type":"product","link":"https:\/\/moniberic.com\/ca\/producte\/luis-canas-crianca\/","title":{"rendered":"LUIS CA\u00d1AS CRIAN\u00c7A"},"content":{"rendered":"<h3>D.O.CA RIOJA<\/h3>\n<p><strong style=\"font-size: 16px;\">CELLER<\/strong><span style=\"font-size: 16px;\">: Luis Ca\u00f1as<\/span><\/p>\n<p><strong>VARIETATS<\/strong>: Tempranillo, amb un petit percentatge d&#8217;altres varietats tradicionals: garnatxa, graciano, mazuelo, viura i rojal.<\/p>\n<p><strong>TAST<\/strong>: Color vermell picota. \u00c9s desitjable al nas. Destaquen les notes de fruita vermella infusionada, maduixes, gerds, groselles&#8230; Una fruita intensa, acompanyada d&#8217;esp\u00e8cies subtils i un fons lacti. L&#8217;entrada \u00e9s dol\u00e7a i envoltant. Bon recorregut en boca, amb molta frescor, i sensacions afruitades que no baixen d&#8217;intensitat. El final \u00e9s rod\u00f3.     <\/p>\n","protected":false},"excerpt":{"rendered":"<p>D.O.CA RIOJA CELLER: Luis Ca\u00f1as VARIETATS: Tempranillo, amb un petit percentatge d&#8217;altres varietats tradicionals: garnatxa, graciano, mazuelo, viura i rojal. TAST: Color vermell picota. \u00c9s desitjable al nas. Destaquen les notes de fruita vermella infusionada, maduixes, gerds, groselles&#8230; Una fruita intensa, acompanyada d&#8217;esp\u00e8cies subtils i un fons lacti. L&#8217;entrada \u00e9s dol\u00e7a i envoltant. Bon recorregut [&hellip;]<\/p>\n","protected":false},"featured_media":9814,"template":"","meta":[],"product_brand":[],"product_cat":[100],"product_tag":[],"class_list":{"0":"post-10329","1":"product","2":"type-product","3":"status-publish","4":"has-post-thumbnail","6":"product_cat-vins-i-caves","8":"first","9":"instock","10":"taxable","11":"shipping-taxable","12":"purchasable","13":"product-type-simple"},"_links":{"self":[{"href":"https:\/\/moniberic.com\/ca\/wp-json\/wp\/v2\/product\/10329","targetHints":{"allow":["GET"]}}],"collection":[{"href":"https:\/\/moniberic.com\/ca\/wp-json\/wp\/v2\/product"}],"about":[{"href":"https:\/\/moniberic.com\/ca\/wp-json\/wp\/v2\/types\/product"}],"wp:featuredmedia":[{"embeddable":true,"href":"https:\/\/moniberic.com\/ca\/wp-json\/wp\/v2\/media\/9814"}],"wp:attachment":[{"href":"https:\/\/moniberic.com\/ca\/wp-json\/wp\/v2\/media?parent=10329"}],"wp:term":[{"taxonomy":"product_brand","embeddable":true,"href":"https:\/\/moniberic.com\/ca\/wp-json\/wp\/v2\/product_brand?post=10329"},{"taxonomy":"product_cat","embeddable":true,"href":"https:\/\/moniberic.com\/ca\/wp-json\/wp\/v2\/product_cat?post=10329"},{"taxonomy":"product_tag","embeddable":true,"href":"https:\/\/moniberic.com\/ca\/wp-json\/wp\/v2\/product_tag?post=10329"}],"curies":[{"name":"wp","href":"https:\/\/api.w.org\/{rel}","templated":true}]}}