{"id":10320,"date":"2025-03-27T12:09:09","date_gmt":"2025-03-27T11:09:09","guid":{"rendered":"https:\/\/moniberic.com\/producto\/montecillo-mg-negre\/"},"modified":"2025-03-27T12:09:09","modified_gmt":"2025-03-27T11:09:09","slug":"montecillo-mg-negre","status":"publish","type":"product","link":"https:\/\/moniberic.com\/ca\/producte\/montecillo-mg-negre\/","title":{"rendered":"MONTECILLO MG NEGRE"},"content":{"rendered":"<h3>D.O.CA RIOJA<\/h3>\n<p><strong style=\"font-size: 16px;\">CELLER<\/strong><span style=\"font-size: 16px;\">: Montecillo<\/span><\/p>\n<p><strong>VARIETATS<\/strong>: 87% Tempranillo, 13% Garnatxa Negra<\/p>\n<p><strong>TAST<\/strong>: Al nas, presenta aromes a fruits vermells com cireres i gerds, acompanyats de subtils tocs de vainilla i esp\u00e8cies, fruit de la seva crian\u00e7a en b\u00f3ta. A la boca, \u00e9s concentrat i equilibrat, amb tanins suaus que li aporten estructura i un final persistent. Perfecte per als que busquen un vi negre amb car\u00e0cter i complexitat.  <\/p>\n","protected":false},"excerpt":{"rendered":"<p>D.O.CA RIOJA CELLER: Montecillo VARIETATS: 87% Tempranillo, 13% Garnatxa Negra TAST: Al nas, presenta aromes a fruits vermells com cireres i gerds, acompanyats de subtils tocs de vainilla i esp\u00e8cies, fruit de la seva crian\u00e7a en b\u00f3ta. A la boca, \u00e9s concentrat i equilibrat, amb tanins suaus que li aporten estructura i un final persistent. [&hellip;]<\/p>\n","protected":false},"featured_media":9824,"template":"","meta":[],"product_brand":[],"product_cat":[100],"product_tag":[],"class_list":{"0":"post-10320","1":"product","2":"type-product","3":"status-publish","4":"has-post-thumbnail","6":"product_cat-vins-i-caves","8":"first","9":"instock","10":"taxable","11":"shipping-taxable","12":"purchasable","13":"product-type-simple"},"_links":{"self":[{"href":"https:\/\/moniberic.com\/ca\/wp-json\/wp\/v2\/product\/10320","targetHints":{"allow":["GET"]}}],"collection":[{"href":"https:\/\/moniberic.com\/ca\/wp-json\/wp\/v2\/product"}],"about":[{"href":"https:\/\/moniberic.com\/ca\/wp-json\/wp\/v2\/types\/product"}],"wp:featuredmedia":[{"embeddable":true,"href":"https:\/\/moniberic.com\/ca\/wp-json\/wp\/v2\/media\/9824"}],"wp:attachment":[{"href":"https:\/\/moniberic.com\/ca\/wp-json\/wp\/v2\/media?parent=10320"}],"wp:term":[{"taxonomy":"product_brand","embeddable":true,"href":"https:\/\/moniberic.com\/ca\/wp-json\/wp\/v2\/product_brand?post=10320"},{"taxonomy":"product_cat","embeddable":true,"href":"https:\/\/moniberic.com\/ca\/wp-json\/wp\/v2\/product_cat?post=10320"},{"taxonomy":"product_tag","embeddable":true,"href":"https:\/\/moniberic.com\/ca\/wp-json\/wp\/v2\/product_tag?post=10320"}],"curies":[{"name":"wp","href":"https:\/\/api.w.org\/{rel}","templated":true}]}}