{"id":10314,"date":"2025-03-27T12:14:49","date_gmt":"2025-03-27T11:14:49","guid":{"rendered":"https:\/\/moniberic.com\/producto\/nacional-122-roble-negre\/"},"modified":"2025-03-27T12:14:49","modified_gmt":"2025-03-27T11:14:49","slug":"nacional-122-roble-negre","status":"publish","type":"product","link":"https:\/\/moniberic.com\/ca\/producte\/nacional-122-roble-negre\/","title":{"rendered":"NACIONAL 122 ROBLE NEGRE"},"content":{"rendered":"<h3>D.O. RIBERA DEL DUERO<\/h3>\n<p><strong style=\"font-size: 16px;\">CELLER<\/strong>: <span style=\"font-size: 16px;\">Maduraci\u00f3 i Verema<\/span><\/p>\n<p><strong>VARIETATS <\/strong>: Tempranillo<\/p>\n<p><strong>TAST<\/strong>: Pel que fa al seu aspecte visual, presenta un color vermell cirera amb reflexos morats. Despr\u00e8n diverses aromes a fruits del bosc (gerds i cireres), al costat de prunes, molt ben entrella\u00e7ats amb les notes especiades de la fusta. A la boca \u00e9s sincer, mantenint la seva complexitat i una bona acidesa. Amb un cos mitj\u00e0, \u00e9s ideal per a qualsevol ocasi\u00f3.   <\/p>\n","protected":false},"excerpt":{"rendered":"<p>D.O. RIBERA DEL DUERO CELLER: Maduraci\u00f3 i Verema VARIETATS : Tempranillo TAST: Pel que fa al seu aspecte visual, presenta un color vermell cirera amb reflexos morats. Despr\u00e8n diverses aromes a fruits del bosc (gerds i cireres), al costat de prunes, molt ben entrella\u00e7ats amb les notes especiades de la fusta. A la boca \u00e9s [&hellip;]<\/p>\n","protected":false},"featured_media":9950,"template":"","meta":[],"product_brand":[],"product_cat":[100],"product_tag":[],"class_list":{"0":"post-10314","1":"product","2":"type-product","3":"status-publish","4":"has-post-thumbnail","6":"product_cat-vins-i-caves","8":"first","9":"outofstock","10":"taxable","11":"shipping-taxable","12":"purchasable","13":"product-type-simple"},"_links":{"self":[{"href":"https:\/\/moniberic.com\/ca\/wp-json\/wp\/v2\/product\/10314","targetHints":{"allow":["GET"]}}],"collection":[{"href":"https:\/\/moniberic.com\/ca\/wp-json\/wp\/v2\/product"}],"about":[{"href":"https:\/\/moniberic.com\/ca\/wp-json\/wp\/v2\/types\/product"}],"wp:featuredmedia":[{"embeddable":true,"href":"https:\/\/moniberic.com\/ca\/wp-json\/wp\/v2\/media\/9950"}],"wp:attachment":[{"href":"https:\/\/moniberic.com\/ca\/wp-json\/wp\/v2\/media?parent=10314"}],"wp:term":[{"taxonomy":"product_brand","embeddable":true,"href":"https:\/\/moniberic.com\/ca\/wp-json\/wp\/v2\/product_brand?post=10314"},{"taxonomy":"product_cat","embeddable":true,"href":"https:\/\/moniberic.com\/ca\/wp-json\/wp\/v2\/product_cat?post=10314"},{"taxonomy":"product_tag","embeddable":true,"href":"https:\/\/moniberic.com\/ca\/wp-json\/wp\/v2\/product_tag?post=10314"}],"curies":[{"name":"wp","href":"https:\/\/api.w.org\/{rel}","templated":true}]}}