{"id":10298,"date":"2023-06-01T15:15:57","date_gmt":"2023-06-01T14:15:57","guid":{"rendered":"https:\/\/moniberic.com\/producto\/pernil-esquer-de-camp-iberic-50-raca-iberica-h\/"},"modified":"2023-06-01T15:15:57","modified_gmt":"2023-06-01T14:15:57","slug":"pernil-esquer-de-camp-iberic-50-raca-iberica-h","status":"publish","type":"product","link":"https:\/\/moniberic.com\/ca\/producte\/pernil-esquer-de-camp-iberic-50-raca-iberica-h\/","title":{"rendered":"PERNIL ESQUER DE CAMP IB\u00c8RIC 50% RA\u00c7A IB\u00c8RICA H"},"content":{"rendered":"<p>El nostre pernil d&#8217;esquer de camp ib\u00e8ric Tom\u00e1s L\u00f3pez posseeix un sabor envolupant, estructurat i gust\u00f3s amb records a camp.<\/p>\n<p>El pernil d&#8217;esquer de camp procedeix de porcs ib\u00e8rics, alimentats a base de cereals de primera qualitat i pastures naturals, criats en terrenys a l&#8217;aire lliure, amb una curaci\u00f3 en els nostres assecadors superior a 24 mesos.<\/p>\n<h5>Marca<\/h5>\n<p><img decoding=\"async\" class=\"alignnone size-full wp-image-1216\" src=\"https:\/\/moniberic.com\/wp-content\/uploads\/2022\/10\/LogoTL200.png\" alt=\"\" width=\"200\" height=\"87\"><\/p>\n<p>Una de les m\u00e9s prestigioses marques en Pernils i embotits Ib\u00e8rics.<\/p>\n","protected":false},"excerpt":{"rendered":"<p><img fetchpriority=\"high\" decoding=\"async\" class=\"alignnone size-full wp-image-1044\" src=\"https:\/\/moniberic.com\/wp-content\/uploads\/2022\/10\/cebo50.png\" alt=\"\" width=\"500\" height=\"101\" srcset=\"https:\/\/moniberic.com\/wp-content\/uploads\/2022\/10\/cebo50.png 500w, https:\/\/moniberic.com\/wp-content\/uploads\/2022\/10\/cebo50-300x61.png 300w\" sizes=\"(max-width: 500px) 100vw, 500px\" \/><\/p>\n<p>El <strong>Pernil de Cebo Ib\u00e8ric<\/strong> s&#8217;obt\u00e9 dels millors porcs ib\u00e8rics, que durant tota la seva vida, des del seu naixement fins al seu sacrifici, reben una alimentaci\u00f3 basada exclusivament en cereals i lleguminoses de primera qualitat.<\/p>\n","protected":false},"featured_media":1715,"template":"","meta":[],"product_brand":[],"product_cat":[555],"product_tag":[],"class_list":{"0":"post-10298","1":"product","2":"type-product","3":"status-publish","4":"has-post-thumbnail","6":"product_cat-pernils-horeca","8":"first","9":"instock","10":"taxable","11":"shipping-taxable","12":"purchasable","13":"product-type-simple"},"_links":{"self":[{"href":"https:\/\/moniberic.com\/ca\/wp-json\/wp\/v2\/product\/10298","targetHints":{"allow":["GET"]}}],"collection":[{"href":"https:\/\/moniberic.com\/ca\/wp-json\/wp\/v2\/product"}],"about":[{"href":"https:\/\/moniberic.com\/ca\/wp-json\/wp\/v2\/types\/product"}],"wp:featuredmedia":[{"embeddable":true,"href":"https:\/\/moniberic.com\/ca\/wp-json\/wp\/v2\/media\/1715"}],"wp:attachment":[{"href":"https:\/\/moniberic.com\/ca\/wp-json\/wp\/v2\/media?parent=10298"}],"wp:term":[{"taxonomy":"product_brand","embeddable":true,"href":"https:\/\/moniberic.com\/ca\/wp-json\/wp\/v2\/product_brand?post=10298"},{"taxonomy":"product_cat","embeddable":true,"href":"https:\/\/moniberic.com\/ca\/wp-json\/wp\/v2\/product_cat?post=10298"},{"taxonomy":"product_tag","embeddable":true,"href":"https:\/\/moniberic.com\/ca\/wp-json\/wp\/v2\/product_tag?post=10298"}],"curies":[{"name":"wp","href":"https:\/\/api.w.org\/{rel}","templated":true}]}}