{"id":10293,"date":"2023-06-07T10:38:44","date_gmt":"2023-06-07T09:38:44","guid":{"rendered":"https:\/\/moniberic.com\/producto\/pernil-de-gla-iberic\/"},"modified":"2023-06-07T10:38:44","modified_gmt":"2023-06-07T09:38:44","slug":"pernil-de-gla-iberic","status":"publish","type":"product","link":"https:\/\/moniberic.com\/ca\/producte\/pernil-de-gla-iberic\/","title":{"rendered":"PERNIL DE GL\u00c0 IB\u00c8RIC"},"content":{"rendered":"<p>Procedent de les millors deveses, el porc del nostre Pernil de Bellota Ib\u00e8ric s&#8217;ha alimentat en llibertat de glans, pastures naturals i altres aliments de l&#8217;ecosistema en el qual habita. Aix\u00f2 es tradueix en un pernil de m\u00e0xima qualitat, en el qual qualsevol m\u00ednim detall ha estat tractat amb manyaga per a aconseguir un dels millors pernils ib\u00e8rics del mercat.<\/p>\n<p>Com a conseq\u00fc\u00e8ncia, obtenim un pernil ib\u00e8ric de gla de m\u00e0xima qualitat, amb un magre vetat a causa de l&#8217;elevada infiltraci\u00f3 que \u00fanicament es troba present en els millors porcs ib\u00e8rics. Aquest fet aporta una sucul\u00e8ncia \u00fanica en boca, estimulant tots els sentits. Aquesta varietat, posseeix un sabor intens i alhora equilibrat, acompanyat d&#8217;una textura poc fibrosa. Una de les majors joies de la gastronomia.<\/p>\n<h5>Marca<\/h5>\n<p><a href=\"https:\/\/www.jamonestomaslopez.com\/\"><img decoding=\"async\" class=\"alignnone size-full wp-image-1216\" src=\"https:\/\/moniberic.com\/wp-content\/uploads\/2022\/10\/LogoTL200.png\" alt=\"\" width=\"200\" height=\"87\"><\/a><\/p>\n<p>Una de les m\u00e9s prestigioses marques en Pernils i embotits Ib\u00e8rics.<\/p>\n","protected":false},"excerpt":{"rendered":"<p><img fetchpriority=\"high\" decoding=\"async\" class=\"size-full wp-image-1050 aligncenter\" src=\"https:\/\/moniberic.com\/wp-content\/uploads\/2022\/10\/bellota50.png\" alt=\"\" width=\"500\" height=\"101\" srcset=\"https:\/\/moniberic.com\/wp-content\/uploads\/2022\/10\/bellota50.png 500w, https:\/\/moniberic.com\/wp-content\/uploads\/2022\/10\/bellota50-300x61.png 300w\" sizes=\"(max-width: 500px) 100vw, 500px\" \/><\/p>\n<p>El nostre <strong>pernilde bellota ib\u00e8ric Tom\u00e1s L\u00f3pez<\/strong> posseeix un carn\u00f3s sabor, elegant, amb tons dol\u00e7os que aporten sedositat en boca. Aquest pernil procedeix de porcs ib\u00e8rics, criats en llibertat, alimentats en r\u00e8gim de montanera a base de glans i pastures naturals, amb una <strong>curaci\u00f3 superior a 36 mesos<\/strong> amb ventilaci\u00f3 natural regulada pels nostres experts jamoners.<\/p>\n","protected":false},"featured_media":0,"template":"","meta":[],"product_brand":[],"product_cat":[555],"product_tag":[],"class_list":{"0":"post-10293","1":"product","2":"type-product","3":"status-publish","5":"product_cat-pernils-horeca","7":"first","8":"instock","9":"taxable","10":"shipping-taxable","11":"purchasable","12":"product-type-simple"},"_links":{"self":[{"href":"https:\/\/moniberic.com\/ca\/wp-json\/wp\/v2\/product\/10293","targetHints":{"allow":["GET"]}}],"collection":[{"href":"https:\/\/moniberic.com\/ca\/wp-json\/wp\/v2\/product"}],"about":[{"href":"https:\/\/moniberic.com\/ca\/wp-json\/wp\/v2\/types\/product"}],"wp:attachment":[{"href":"https:\/\/moniberic.com\/ca\/wp-json\/wp\/v2\/media?parent=10293"}],"wp:term":[{"taxonomy":"product_brand","embeddable":true,"href":"https:\/\/moniberic.com\/ca\/wp-json\/wp\/v2\/product_brand?post=10293"},{"taxonomy":"product_cat","embeddable":true,"href":"https:\/\/moniberic.com\/ca\/wp-json\/wp\/v2\/product_cat?post=10293"},{"taxonomy":"product_tag","embeddable":true,"href":"https:\/\/moniberic.com\/ca\/wp-json\/wp\/v2\/product_tag?post=10293"}],"curies":[{"name":"wp","href":"https:\/\/api.w.org\/{rel}","templated":true}]}}