{"id":10267,"date":"2023-06-19T11:46:19","date_gmt":"2023-06-19T10:46:19","guid":{"rendered":"https:\/\/moniberic.com\/producto\/espatlla-cebo-de-camp-iberica-50-raca-iberica-llescada-100g\/"},"modified":"2023-06-19T11:46:19","modified_gmt":"2023-06-19T10:46:19","slug":"espatlla-cebo-de-camp-iberica-50-raca-iberica-llescada-100g","status":"publish","type":"product","link":"https:\/\/moniberic.com\/ca\/producte\/espatlla-cebo-de-camp-iberica-50-raca-iberica-llescada-100g\/","title":{"rendered":"ESPATLLA CEBO DE CAMP IB\u00c8RICA 50% RA\u00c7A IB\u00c8RICA LLESCADA 100g"},"content":{"rendered":"<p>Sobre de 100 grams d&#8217;Espatlla de Cebo de Camp Ib\u00e8rica Tom\u00e1s L\u00f3pez<\/p>\n<p>La nostra Espatlla de Cebo de Camp Ib\u00e8ric prov\u00e9 de porcs ib\u00e8rics d&#8217;alta qualitat. Aquests animals s\u00f3n criats en terrenys a l&#8217;aire lliure a Andalusia, per on poden pasturar i exercitar-se. Aix\u00f2 afavoreix la infiltraci\u00f3 de greix en el magre, fent la seva carn m\u00e9s sucosa. La seva alimentaci\u00f3 es basa en pastures naturals i es complementa amb cereals de primera qualitat.<\/p>\n<p>Gr\u00e0cies a aix\u00f2 obtenim una paleta reixada de sabor envolupant, estructurat, gust\u00f3s, de color intens i brillant. Estas caracter\u00edsticas, junto con un aroma excepcional, convierten este producto en una maravilla para todos nuestros sentidos.<\/p>\n<h5>Marca<\/h5>\n<p><img decoding=\"async\" class=\"alignnone size-full wp-image-1216\" src=\"https:\/\/moniberic.com\/wp-content\/uploads\/2022\/10\/LogoTL200.png\" alt=\"\" width=\"200\" height=\"87\"><\/p>\n<p>Una de les m\u00e9s prestigioses marques en Pernils i embotits Ib\u00e8rics.<\/p>\n","protected":false},"excerpt":{"rendered":"<p><img fetchpriority=\"high\" decoding=\"async\" class=\"size-full wp-image-1059 aligncenter\" src=\"https:\/\/moniberic.com\/wp-content\/uploads\/2022\/11\/p-campo-50.png\" alt=\"\" width=\"500\" height=\"101\" srcset=\"https:\/\/moniberic.com\/wp-content\/uploads\/2022\/11\/p-campo-50.png 500w, https:\/\/moniberic.com\/wp-content\/uploads\/2022\/11\/p-campo-50-300x61.png 300w\" sizes=\"(max-width: 500px) 100vw, 500px\" \/><\/p>\n<p>La nostra <strong>Espatlla de Cebo de Camp Ib\u00e8ric<\/strong> prov\u00e9 de porcs ib\u00e8rics d&#8217;alta qualitat. Aquests animals s\u00f3n criats en terrenys a l&#8217;aire lliure a Andalusia, per on poden pasturar i exercitar-se. Aix\u00f2 afavoreix la infiltraci\u00f3 de greix en el magre, fent la seva carn m\u00e9s sucosa. La seva alimentaci\u00f3 es basa en pastures naturals i es complementa amb cereals de primera qualitat.<\/p>\n","protected":false},"featured_media":4189,"template":"","meta":[],"product_brand":[],"product_cat":[264],"product_tag":[],"class_list":{"0":"post-10267","1":"product","2":"type-product","3":"status-publish","4":"has-post-thumbnail","6":"product_cat-espatlla-horeca","8":"first","9":"instock","10":"taxable","11":"shipping-taxable","12":"purchasable","13":"product-type-simple"},"_links":{"self":[{"href":"https:\/\/moniberic.com\/ca\/wp-json\/wp\/v2\/product\/10267","targetHints":{"allow":["GET"]}}],"collection":[{"href":"https:\/\/moniberic.com\/ca\/wp-json\/wp\/v2\/product"}],"about":[{"href":"https:\/\/moniberic.com\/ca\/wp-json\/wp\/v2\/types\/product"}],"wp:featuredmedia":[{"embeddable":true,"href":"https:\/\/moniberic.com\/ca\/wp-json\/wp\/v2\/media\/4189"}],"wp:attachment":[{"href":"https:\/\/moniberic.com\/ca\/wp-json\/wp\/v2\/media?parent=10267"}],"wp:term":[{"taxonomy":"product_brand","embeddable":true,"href":"https:\/\/moniberic.com\/ca\/wp-json\/wp\/v2\/product_brand?post=10267"},{"taxonomy":"product_cat","embeddable":true,"href":"https:\/\/moniberic.com\/ca\/wp-json\/wp\/v2\/product_cat?post=10267"},{"taxonomy":"product_tag","embeddable":true,"href":"https:\/\/moniberic.com\/ca\/wp-json\/wp\/v2\/product_tag?post=10267"}],"curies":[{"name":"wp","href":"https:\/\/api.w.org\/{rel}","templated":true}]}}