{"id":10259,"date":"2023-07-12T11:06:08","date_gmt":"2023-07-12T10:06:08","guid":{"rendered":"https:\/\/moniberic.com\/producto\/espatlla-bellota-100-iberica-5j-2\/"},"modified":"2023-07-12T11:06:08","modified_gmt":"2023-07-12T10:06:08","slug":"espatlla-bellota-100-iberica-5j-2","status":"publish","type":"product","link":"https:\/\/moniberic.com\/ca\/producte\/espatlla-bellota-100-iberica-5j-2\/","title":{"rendered":"ESPATLLA BELLOTA 100% IB\u00c8RICA 5J"},"content":{"rendered":"<p>La Espatlla de Bellota 100% Ib\u00e8rica representa la m\u00e0xima puresa ib\u00e8rica. El porc \u00e9s criat en llibertat entre alzines, sureres i altres esp\u00e8cies pr\u00f2pies de les millors deveses, i la seva exquisida alimentaci\u00f3 es basa en pastures naturals, glans i altres aliments caracter\u00edstics de l&#8217;ecosistema en el qual viu. Aix\u00f2 li aporta un alt valor diferencial i una qualitat \u00f2ptima que fa que aquest producte constitueixi la m\u00e9s alta gamma de les paletes ib\u00e8riques.<\/p>\n<p>Arran de l&#8217;alimentaci\u00f3 i la relaxada manera de vida del porc, el producte presenta un alt nivell d&#8217;infiltraci\u00f3 de greix en la carn que ens permet gaudir d&#8217;una sucul\u00e8ncia inigualable, aix\u00ed com un sabor i intensitat excepcionals. Tot aix\u00f2 va acompanyat d&#8217;un equilibri que fa que aquesta paleta es converteixi en una meravella per al nostre paladar i en una de les millor valorades del mercat.<\/p>\n<div>\n<h5>Marca<\/h5>\n<p><img decoding=\"async\" class=\"alignnone wp-image-4217 \" src=\"https:\/\/moniberic.com\/wp-content\/uploads\/2022\/11\/5J_NNJ_V-vect-08-copia-300x203.jpg\" alt=\"\" width=\"220\" height=\"149\" srcset=\"https:\/\/moniberic.com\/wp-content\/uploads\/2022\/11\/5J_NNJ_V-vect-08-copia-300x203.jpg 300w, https:\/\/moniberic.com\/wp-content\/uploads\/2022\/11\/5J_NNJ_V-vect-08-copia-600x406.jpg 600w, https:\/\/moniberic.com\/wp-content\/uploads\/2022\/11\/5J_NNJ_V-vect-08-copia.jpg 750w\" sizes=\"(max-width: 220px) 100vw, 220px\" \/><\/p>\n<p>Una de les m\u00e9s prestigioses marques en Pernils i embotits Ib\u00e8rics.<\/p>\n<\/div>\n","protected":false},"excerpt":{"rendered":"<p><img fetchpriority=\"high\" decoding=\"async\" class=\"size-full wp-image-1058 aligncenter\" src=\"https:\/\/moniberic.com\/wp-content\/uploads\/2022\/11\/p-bellota-5j.png\" alt=\"\" width=\"500\" height=\"101\" srcset=\"https:\/\/moniberic.com\/wp-content\/uploads\/2022\/11\/p-bellota-5j.png 500w, https:\/\/moniberic.com\/wp-content\/uploads\/2022\/11\/p-bellota-5j-300x61.png 300w\" sizes=\"(max-width: 500px) 100vw, 500px\" \/><\/p>\n<p>La <strong>paleta 5 Jotas<\/strong> prov\u00e9 de porcs 100% ib\u00e8rics, de la m\u00e0xima puresa racial, criats en llibertat, alimentats en r\u00e8gim de montanera a base de glans i pastures naturals, <strong>curaci\u00f3 superior a 24 mesos<\/strong>.<\/p>\n<p>Procedeix de la zona d\u00b4elaboraci\u00f3 de <strong>Huelva<\/strong>.<\/p>\n","protected":false},"featured_media":0,"template":"","meta":[],"product_brand":[],"product_cat":[264],"product_tag":[],"class_list":{"0":"post-10259","1":"product","2":"type-product","3":"status-publish","5":"product_cat-espatlla-horeca","7":"first","8":"instock","9":"taxable","10":"shipping-taxable","11":"purchasable","12":"product-type-simple"},"_links":{"self":[{"href":"https:\/\/moniberic.com\/ca\/wp-json\/wp\/v2\/product\/10259","targetHints":{"allow":["GET"]}}],"collection":[{"href":"https:\/\/moniberic.com\/ca\/wp-json\/wp\/v2\/product"}],"about":[{"href":"https:\/\/moniberic.com\/ca\/wp-json\/wp\/v2\/types\/product"}],"wp:attachment":[{"href":"https:\/\/moniberic.com\/ca\/wp-json\/wp\/v2\/media?parent=10259"}],"wp:term":[{"taxonomy":"product_brand","embeddable":true,"href":"https:\/\/moniberic.com\/ca\/wp-json\/wp\/v2\/product_brand?post=10259"},{"taxonomy":"product_cat","embeddable":true,"href":"https:\/\/moniberic.com\/ca\/wp-json\/wp\/v2\/product_cat?post=10259"},{"taxonomy":"product_tag","embeddable":true,"href":"https:\/\/moniberic.com\/ca\/wp-json\/wp\/v2\/product_tag?post=10259"}],"curies":[{"name":"wp","href":"https:\/\/api.w.org\/{rel}","templated":true}]}}