{"id":10257,"date":"2023-07-13T10:50:51","date_gmt":"2023-07-13T09:50:51","guid":{"rendered":"https:\/\/moniberic.com\/producto\/espatlla-bellota-100-iberica-2\/"},"modified":"2023-07-13T10:50:51","modified_gmt":"2023-07-13T09:50:51","slug":"espatlla-bellota-100-iberica-2","status":"publish","type":"product","link":"https:\/\/moniberic.com\/ca\/producte\/espatlla-bellota-100-iberica-2\/","title":{"rendered":"ESPATLLA BELLOTA 100% IB\u00c8RICA"},"content":{"rendered":"<p>La nostra Paleta de Bellota 100% Ib\u00e8rica representa la m\u00e0xima puresa ib\u00e8rica. El porc \u00e9s criat en llibertat entre alzines, sureres i altres esp\u00e8cies pr\u00f2pies de les millors deveses, i la seva exquisida alimentaci\u00f3 es basa en pastures naturals, glans i altres aliments caracter\u00edstics de l&#8217;ecosistema en el qual viu. Aix\u00f2 li aporta un alt valor diferencial i una qualitat \u00f2ptima que fa que aquest producte constitueixi la m\u00e9s alta gamma de les paletes ib\u00e8riques.<\/p>\n<p>Arran de l&#8217;alimentaci\u00f3 i la relaxada manera de vida del porc, el producte presenta un alt nivell d&#8217;infiltraci\u00f3 de greix en la carn que ens permet gaudir d&#8217;una sucul\u00e8ncia inigualable, aix\u00ed com un sabor i intensitat excepcionals. Tot aix\u00f2 va acompanyat d&#8217;un equilibri que fa que aquesta paleta es converteixi en una meravella per al nostre paladar i en una de les millor valorades del mercat.<\/p>\n<h5>Marca<\/h5>\n<p><img decoding=\"async\" class=\"alignnone size-full wp-image-1216\" src=\"https:\/\/moniberic.com\/wp-content\/uploads\/2022\/10\/LogoTL200.png\" alt=\"\" width=\"200\" height=\"87\"><\/p>\n<p>Una de les m\u00e9s prestigioses marques en Pernils i embotits Ib\u00e8rics.<\/p>\n","protected":false},"excerpt":{"rendered":"<p>La nostra <strong>Paleta de Bellota 100% Ib\u00e8rica<\/strong> representa la m\u00e1xima pureza ib\u00e9rica. El porc \u00e9s criat en llibertat entre alzines, sureres i altres esp\u00e8cies pr\u00f2pies de les millors deveses, i la seva exquisida alimentaci\u00f3 es basa en pastures naturals, glans i altres aliments caracter\u00edstics de l&#8217;ecosistema en el qual viu. Aix\u00f2 li aporta un alt valor diferencial i una qualitat \u00f2ptima.<\/p>\n","protected":false},"featured_media":0,"template":"","meta":[],"product_brand":[],"product_cat":[264],"product_tag":[],"class_list":{"0":"post-10257","1":"product","2":"type-product","3":"status-publish","5":"product_cat-espatlla-horeca","7":"first","8":"instock","9":"taxable","10":"shipping-taxable","11":"purchasable","12":"product-type-simple"},"_links":{"self":[{"href":"https:\/\/moniberic.com\/ca\/wp-json\/wp\/v2\/product\/10257","targetHints":{"allow":["GET"]}}],"collection":[{"href":"https:\/\/moniberic.com\/ca\/wp-json\/wp\/v2\/product"}],"about":[{"href":"https:\/\/moniberic.com\/ca\/wp-json\/wp\/v2\/types\/product"}],"wp:attachment":[{"href":"https:\/\/moniberic.com\/ca\/wp-json\/wp\/v2\/media?parent=10257"}],"wp:term":[{"taxonomy":"product_brand","embeddable":true,"href":"https:\/\/moniberic.com\/ca\/wp-json\/wp\/v2\/product_brand?post=10257"},{"taxonomy":"product_cat","embeddable":true,"href":"https:\/\/moniberic.com\/ca\/wp-json\/wp\/v2\/product_cat?post=10257"},{"taxonomy":"product_tag","embeddable":true,"href":"https:\/\/moniberic.com\/ca\/wp-json\/wp\/v2\/product_tag?post=10257"}],"curies":[{"name":"wp","href":"https:\/\/api.w.org\/{rel}","templated":true}]}}