{"id":10248,"date":"2023-07-13T13:13:11","date_gmt":"2023-07-13T12:13:11","guid":{"rendered":"https:\/\/moniberic.com\/producto\/paleta-esquer-iberica-50-raca-iberica-llesquada-300g\/"},"modified":"2023-07-13T13:13:11","modified_gmt":"2023-07-13T12:13:11","slug":"paleta-esquer-iberica-50-raca-iberica-llesquada-300g","status":"publish","type":"product","link":"https:\/\/moniberic.com\/ca\/producte\/paleta-esquer-iberica-50-raca-iberica-llesquada-300g\/","title":{"rendered":"PALETA ESQUER IB\u00c8RICA 50% RA\u00c7A IB\u00c8RICA LLESQUADA 300g"},"content":{"rendered":"<p>Safata de 300 grams de Paleta d&#8217;Esquer Ib\u00e8rica Tom\u00e1s L\u00f3pez.<\/p>\n<p>La Paleta de Cebo Ib\u00e8rica s&#8217;obt\u00e9 dels millors porcs ib\u00e8rics, que durant tota la seva vida, des del seu naixement fins al seu sacrifici, reben una alimentaci\u00f3 basada exclusivament en cereals i lleguminoses de primera qualitat.<\/p>\n<p>Aix\u00f2 dona lloc a una paleta reixada a causa de la infiltraci\u00f3 de greix intramuscular, la qual cosa \u00e9s sin\u00f2nim de qualitat, ja que aporta sucul\u00e8ncia i textura a la pe\u00e7a. Pel que fa al sabor, aquest \u00e9s equilibrat, suau i vellutat. T\u00e9 una suau aroma que, juntament amb totes les altres caracter\u00edstiques, ens far\u00e0 gaudir d&#8217;aquest producte al m\u00e0xim nivell.<\/p>\n<h5>Marca<\/h5>\n<p><img decoding=\"async\" class=\"alignnone size-full wp-image-1216\" src=\"https:\/\/moniberic.com\/wp-content\/uploads\/2022\/10\/LogoTL200.png\" alt=\"\" width=\"200\" height=\"87\"><\/p>\n<p>Una de les m\u00e9s prestigioses marques en Pernils i embotits Ib\u00e8rics.<\/p>\n","protected":false},"excerpt":{"rendered":"<p><img fetchpriority=\"high\" decoding=\"async\" class=\"size-full wp-image-1063 aligncenter\" src=\"https:\/\/moniberic.com\/wp-content\/uploads\/2022\/11\/p-cebo-50.png\" alt=\"\" width=\"500\" height=\"101\" srcset=\"https:\/\/moniberic.com\/wp-content\/uploads\/2022\/11\/p-cebo-50.png 500w, https:\/\/moniberic.com\/wp-content\/uploads\/2022\/11\/p-cebo-50-300x61.png 300w\" sizes=\"(max-width: 500px) 100vw, 500px\" \/><\/p>\n<p>La nostra <strong>espatlla de cebo ib\u00e8rica Tom\u00e1s L\u00f3pez<\/strong> posseeix una textura saborosa, equilibrada, suau i vellutada. La Paleta de Cebo Ib\u00e8rica s&#8217;obt\u00e9 dels millors porcs ib\u00e8rics, que durant tota la seva vida, des del seu naixement fins al seu sacrifici, reben una alimentaci\u00f3 basada exclusivament en cereals i lleguminoses de primera qualitat.<\/p>\n","protected":false},"featured_media":4581,"template":"","meta":[],"product_brand":[],"product_cat":[264],"product_tag":[],"class_list":{"0":"post-10248","1":"product","2":"type-product","3":"status-publish","4":"has-post-thumbnail","6":"product_cat-espatlla-horeca","8":"first","9":"instock","10":"taxable","11":"shipping-taxable","12":"purchasable","13":"product-type-simple"},"_links":{"self":[{"href":"https:\/\/moniberic.com\/ca\/wp-json\/wp\/v2\/product\/10248","targetHints":{"allow":["GET"]}}],"collection":[{"href":"https:\/\/moniberic.com\/ca\/wp-json\/wp\/v2\/product"}],"about":[{"href":"https:\/\/moniberic.com\/ca\/wp-json\/wp\/v2\/types\/product"}],"wp:featuredmedia":[{"embeddable":true,"href":"https:\/\/moniberic.com\/ca\/wp-json\/wp\/v2\/media\/4581"}],"wp:attachment":[{"href":"https:\/\/moniberic.com\/ca\/wp-json\/wp\/v2\/media?parent=10248"}],"wp:term":[{"taxonomy":"product_brand","embeddable":true,"href":"https:\/\/moniberic.com\/ca\/wp-json\/wp\/v2\/product_brand?post=10248"},{"taxonomy":"product_cat","embeddable":true,"href":"https:\/\/moniberic.com\/ca\/wp-json\/wp\/v2\/product_cat?post=10248"},{"taxonomy":"product_tag","embeddable":true,"href":"https:\/\/moniberic.com\/ca\/wp-json\/wp\/v2\/product_tag?post=10248"}],"curies":[{"name":"wp","href":"https:\/\/api.w.org\/{rel}","templated":true}]}}