{"id":10245,"date":"2023-07-14T06:19:49","date_gmt":"2023-07-14T05:19:49","guid":{"rendered":"https:\/\/moniberic.com\/producto\/pernil-reserva-h\/"},"modified":"2023-07-14T06:19:49","modified_gmt":"2023-07-14T05:19:49","slug":"pernil-reserva-h","status":"publish","type":"product","link":"https:\/\/moniberic.com\/ca\/producte\/pernil-reserva-h\/","title":{"rendered":"PERNIL RESERVA H"},"content":{"rendered":"<p>El nostre Pernil Reserva \u00e9s la pe\u00e7a de qualitat que podem trobar en el mercat dins del grup del pernil no ib\u00e8ric. Prov\u00e9 de porcs de capa blanca, criats en r\u00e8gim intensiu, alimentats amb pinso de cereals des de naixement fins a sacrifici.<\/p>\n<p>El seu teixit muscular presenta una gran infiltraci\u00f3 de greix, aportant una agradable sucul\u00e8ncia en el paladar. El sabor d&#8217;aquestes peces sol ser suau, encara que t\u00e9 m\u00e9s sabor que les altres races de porc blanc.<\/p>\n<p><strong>Marca<\/strong><\/p>\n<p><img decoding=\"async\" class=\"alignnone size-full wp-image-1216\" src=\"https:\/\/moniberic.com\/wp-content\/uploads\/2022\/10\/LogoTL200.png\" alt=\"\" width=\"200\" height=\"87\"><\/p>\n<p>Una de les m\u00e9s prestigioses marques en Pernils i embotits Ib\u00e8rics.<\/p>\n","protected":false},"excerpt":{"rendered":"<p><img fetchpriority=\"high\" decoding=\"async\" class=\"size-full wp-image-1037 aligncenter\" src=\"https:\/\/moniberic.com\/wp-content\/uploads\/2022\/10\/reserva.png\" alt=\"\" width=\"500\" height=\"101\" srcset=\"https:\/\/moniberic.com\/wp-content\/uploads\/2022\/10\/reserva.png 500w, https:\/\/moniberic.com\/wp-content\/uploads\/2022\/10\/reserva-300x61.png 300w\" sizes=\"(max-width: 500px) 100vw, 500px\" \/><\/p>\n<p>El nostre <strong>Pernil Reserva<\/strong> \u00e9s la pe\u00e7a de qualitat que podem trobar en el mercat dins del grup del pernil no ib\u00e8ric. Prov\u00e9 de porcs de capa blanca, criats en r\u00e8gim intensiu, alimentats amb pinso de cereals des de naixement fins a sacrifici.<\/p>\n","protected":false},"featured_media":0,"template":"","meta":[],"product_brand":[],"product_cat":[555],"product_tag":[],"class_list":{"0":"post-10245","1":"product","2":"type-product","3":"status-publish","5":"product_cat-pernils-horeca","7":"first","8":"instock","9":"taxable","10":"shipping-taxable","11":"purchasable","12":"product-type-simple"},"_links":{"self":[{"href":"https:\/\/moniberic.com\/ca\/wp-json\/wp\/v2\/product\/10245","targetHints":{"allow":["GET"]}}],"collection":[{"href":"https:\/\/moniberic.com\/ca\/wp-json\/wp\/v2\/product"}],"about":[{"href":"https:\/\/moniberic.com\/ca\/wp-json\/wp\/v2\/types\/product"}],"wp:attachment":[{"href":"https:\/\/moniberic.com\/ca\/wp-json\/wp\/v2\/media?parent=10245"}],"wp:term":[{"taxonomy":"product_brand","embeddable":true,"href":"https:\/\/moniberic.com\/ca\/wp-json\/wp\/v2\/product_brand?post=10245"},{"taxonomy":"product_cat","embeddable":true,"href":"https:\/\/moniberic.com\/ca\/wp-json\/wp\/v2\/product_cat?post=10245"},{"taxonomy":"product_tag","embeddable":true,"href":"https:\/\/moniberic.com\/ca\/wp-json\/wp\/v2\/product_tag?post=10245"}],"curies":[{"name":"wp","href":"https:\/\/api.w.org\/{rel}","templated":true}]}}