{"id":10242,"date":"2023-07-14T06:23:06","date_gmt":"2023-07-14T05:23:06","guid":{"rendered":"https:\/\/moniberic.com\/producto\/pernil-esquer-iberic-50-raca-iberica-h\/"},"modified":"2023-07-14T06:23:06","modified_gmt":"2023-07-14T05:23:06","slug":"pernil-esquer-iberic-50-raca-iberica-h","status":"publish","type":"product","link":"https:\/\/moniberic.com\/ca\/producte\/pernil-esquer-iberic-50-raca-iberica-h\/","title":{"rendered":"PERNIL ESQUER IB\u00c8RIC 50% RA\u00c7A IB\u00c8RICA H"},"content":{"rendered":"<p>El Pernil de Cebo Ib\u00e8ric s&#8217;obt\u00e9 dels millors porcs ib\u00e8rics, que durant tota la seva vida, des del seu naixement fins al seu sacrifici, reben una alimentaci\u00f3 basada exclusivament en cereals i lleguminoses de primera qualitat.<\/p>\n<p>Aix\u00f2 dona lloc a un pernil reixat a causa de la infiltraci\u00f3 de greix intramuscular, la qual cosa \u00e9s sin\u00f2nim de qualitat, ja que aporta sucul\u00e8ncia i textura a la pe\u00e7a. Pel que fa al sabor, aquest \u00e9s equilibrat, suau i vellutat. T\u00e9 una suau aroma que, juntament amb totes les altres caracter\u00edstiques, ens far\u00e0 gaudir d&#8217;aquest producte al m\u00e0xim nivell.<\/p>\n<h5>Marca<\/h5>\n<p><img decoding=\"async\" class=\"alignnone size-full wp-image-1216\" src=\"https:\/\/moniberic.com\/wp-content\/uploads\/2022\/10\/LogoTL200.png\" alt=\"\" width=\"200\" height=\"87\"><\/p>\n<p>Una de les m\u00e9s prestigioses marques en Pernils i embotits Ib\u00e8rics.<\/p>\n","protected":false},"excerpt":{"rendered":"<p><img fetchpriority=\"high\" decoding=\"async\" class=\"size-full wp-image-1044 aligncenter\" src=\"https:\/\/moniberic.com\/wp-content\/uploads\/2022\/10\/cebo50.png\" alt=\"\" width=\"500\" height=\"101\" srcset=\"https:\/\/moniberic.com\/wp-content\/uploads\/2022\/10\/cebo50.png 500w, https:\/\/moniberic.com\/wp-content\/uploads\/2022\/10\/cebo50-300x61.png 300w\" sizes=\"(max-width: 500px) 100vw, 500px\" \/><\/p>\n<p>El <strong>Pernil de Cebo Ib\u00e8ric<\/strong> s&#8217;obt\u00e9 dels millors porcs ib\u00e8rics, que durant tota la seva vida, des del seu naixement fins al seu sacrifici, reben una alimentaci\u00f3 basada exclusivament en cereals i lleguminoses de primera qualitat.<\/p>\n","protected":false},"featured_media":0,"template":"","meta":[],"product_brand":[],"product_cat":[555],"product_tag":[],"class_list":{"0":"post-10242","1":"product","2":"type-product","3":"status-publish","5":"product_cat-pernils-horeca","7":"first","8":"instock","9":"taxable","10":"shipping-taxable","11":"purchasable","12":"product-type-simple"},"_links":{"self":[{"href":"https:\/\/moniberic.com\/ca\/wp-json\/wp\/v2\/product\/10242","targetHints":{"allow":["GET"]}}],"collection":[{"href":"https:\/\/moniberic.com\/ca\/wp-json\/wp\/v2\/product"}],"about":[{"href":"https:\/\/moniberic.com\/ca\/wp-json\/wp\/v2\/types\/product"}],"wp:attachment":[{"href":"https:\/\/moniberic.com\/ca\/wp-json\/wp\/v2\/media?parent=10242"}],"wp:term":[{"taxonomy":"product_brand","embeddable":true,"href":"https:\/\/moniberic.com\/ca\/wp-json\/wp\/v2\/product_brand?post=10242"},{"taxonomy":"product_cat","embeddable":true,"href":"https:\/\/moniberic.com\/ca\/wp-json\/wp\/v2\/product_cat?post=10242"},{"taxonomy":"product_tag","embeddable":true,"href":"https:\/\/moniberic.com\/ca\/wp-json\/wp\/v2\/product_tag?post=10242"}],"curies":[{"name":"wp","href":"https:\/\/api.w.org\/{rel}","templated":true}]}}