{"id":10205,"date":"2025-03-27T12:17:29","date_gmt":"2025-03-27T11:17:29","guid":{"rendered":"https:\/\/moniberic.com\/producto\/panoramico-caracuesta-negre\/"},"modified":"2025-03-27T12:17:29","modified_gmt":"2025-03-27T11:17:29","slug":"panoramico-caracuesta-negre","status":"publish","type":"product","link":"https:\/\/moniberic.com\/ca\/producte\/panoramico-caracuesta-negre\/","title":{"rendered":"PANOR\u00c1MICO CARACUESTA NEGRE"},"content":{"rendered":"<h3>D.O.CA RIOJA<\/h3>\n<p><strong style=\"font-size: 16px;\">BODEGA<\/strong><span style=\"font-size: 16px;\">: Panor\u00e1mico<\/span><\/p>\n<p><strong>VARIETATS<\/strong>: Garnatxa<\/p>\n<p><strong>CATA<\/strong>: El vi \u00e9s de color vermell fosc i sense filtrar. El seu pas per diverses b\u00f3tes de roure produeix un nas intens amb notes de fruits vermells, an\u00eds, menta i herbes. A la boca \u00e9s voluptu\u00f3s i majestu\u00f3s, amb cos i elegant. Tot i que \u00e9s fresc i amb un llarg potencial d&#8217;envelliment, predominen les fruites vermelles i negres, i subtils notes de pruna passa, figa i d\u00e0tils es perceben quan el vi ha tingut temps de respirar. Final molt llarg, gr\u00e0cies a la frescor que han aportat les vinyes velles.    <\/p>\n","protected":false},"excerpt":{"rendered":"<p>D.O.CA RIOJA BODEGA: Panor\u00e1mico VARIETATS: Garnatxa CATA: El vi \u00e9s de color vermell fosc i sense filtrar. El seu pas per diverses b\u00f3tes de roure produeix un nas intens amb notes de fruits vermells, an\u00eds, menta i herbes. A la boca \u00e9s voluptu\u00f3s i majestu\u00f3s, amb cos i elegant. Tot i que \u00e9s fresc i [&hellip;]<\/p>\n","protected":false},"featured_media":9946,"template":"","meta":[],"product_brand":[],"product_cat":[100],"product_tag":[],"class_list":{"0":"post-10205","1":"product","2":"type-product","3":"status-publish","4":"has-post-thumbnail","6":"product_cat-vins-i-caves","8":"first","9":"instock","10":"taxable","11":"shipping-taxable","12":"purchasable","13":"product-type-simple"},"_links":{"self":[{"href":"https:\/\/moniberic.com\/ca\/wp-json\/wp\/v2\/product\/10205","targetHints":{"allow":["GET"]}}],"collection":[{"href":"https:\/\/moniberic.com\/ca\/wp-json\/wp\/v2\/product"}],"about":[{"href":"https:\/\/moniberic.com\/ca\/wp-json\/wp\/v2\/types\/product"}],"wp:featuredmedia":[{"embeddable":true,"href":"https:\/\/moniberic.com\/ca\/wp-json\/wp\/v2\/media\/9946"}],"wp:attachment":[{"href":"https:\/\/moniberic.com\/ca\/wp-json\/wp\/v2\/media?parent=10205"}],"wp:term":[{"taxonomy":"product_brand","embeddable":true,"href":"https:\/\/moniberic.com\/ca\/wp-json\/wp\/v2\/product_brand?post=10205"},{"taxonomy":"product_cat","embeddable":true,"href":"https:\/\/moniberic.com\/ca\/wp-json\/wp\/v2\/product_cat?post=10205"},{"taxonomy":"product_tag","embeddable":true,"href":"https:\/\/moniberic.com\/ca\/wp-json\/wp\/v2\/product_tag?post=10205"}],"curies":[{"name":"wp","href":"https:\/\/api.w.org\/{rel}","templated":true}]}}