{"id":10199,"date":"2025-03-27T12:20:15","date_gmt":"2025-03-27T11:20:15","guid":{"rendered":"https:\/\/moniberic.com\/producto\/remirez-ganuza-reserva\/"},"modified":"2025-03-27T12:20:15","modified_gmt":"2025-03-27T11:20:15","slug":"remirez-ganuza-reserva","status":"publish","type":"product","link":"https:\/\/moniberic.com\/ca\/producte\/remirez-ganuza-reserva\/","title":{"rendered":"REMIREZ GANUZA RESERVA"},"content":{"rendered":"<h3>D.O.CA RIOJA<\/h3>\n<p><strong style=\"font-size: 16px;\">BODEGA<\/strong><span style=\"font-size: 16px;\">: Fernando Rem\u00edrez de Ganuza<\/span><\/p>\n<p><strong>VARIETATS<\/strong>: 90% Tempranillo, 10% Graciano<\/p>\n<p><strong>CATA<\/strong>: La seva arom\u00e0tica \u00e9s encantadora, sensual. Les notes de cireres en licor combinades amb els records a confitura de maduixa i les reconfortants aromes avainillades de la bota dibuixen un nas plet\u00f2ric. A la boca \u00e9s de cos mitj\u00e0, de tanins fins i dol\u00e7os i equilibri perfecte. La fusta es percep clarament, per\u00f2 sense desdibuixar la puresa de la fruita. Un centelleig de pell de taronja i salsa de soja treu el cap al final afegint encara m\u00e9s complexitat a un vi d&#8217;extrema noblesa.<\/p>\n","protected":false},"excerpt":{"rendered":"<p>D.O.CA RIOJA BODEGA: Fernando Rem\u00edrez de Ganuza VARIETATS: 90% Tempranillo, 10% Graciano CATA: La seva arom\u00e0tica \u00e9s encantadora, sensual. Les notes de cireres en licor combinades amb els records a confitura de maduixa i les reconfortants aromes avainillades de la bota dibuixen un nas plet\u00f2ric. A la boca \u00e9s de cos mitj\u00e0, de tanins fins [&hellip;]<\/p>\n","protected":false},"featured_media":9852,"template":"","meta":[],"product_brand":[],"product_cat":[100],"product_tag":[],"class_list":{"0":"post-10199","1":"product","2":"type-product","3":"status-publish","4":"has-post-thumbnail","6":"product_cat-vins-i-caves","8":"first","9":"instock","10":"taxable","11":"shipping-taxable","12":"purchasable","13":"product-type-simple"},"_links":{"self":[{"href":"https:\/\/moniberic.com\/ca\/wp-json\/wp\/v2\/product\/10199","targetHints":{"allow":["GET"]}}],"collection":[{"href":"https:\/\/moniberic.com\/ca\/wp-json\/wp\/v2\/product"}],"about":[{"href":"https:\/\/moniberic.com\/ca\/wp-json\/wp\/v2\/types\/product"}],"wp:featuredmedia":[{"embeddable":true,"href":"https:\/\/moniberic.com\/ca\/wp-json\/wp\/v2\/media\/9852"}],"wp:attachment":[{"href":"https:\/\/moniberic.com\/ca\/wp-json\/wp\/v2\/media?parent=10199"}],"wp:term":[{"taxonomy":"product_brand","embeddable":true,"href":"https:\/\/moniberic.com\/ca\/wp-json\/wp\/v2\/product_brand?post=10199"},{"taxonomy":"product_cat","embeddable":true,"href":"https:\/\/moniberic.com\/ca\/wp-json\/wp\/v2\/product_cat?post=10199"},{"taxonomy":"product_tag","embeddable":true,"href":"https:\/\/moniberic.com\/ca\/wp-json\/wp\/v2\/product_tag?post=10199"}],"curies":[{"name":"wp","href":"https:\/\/api.w.org\/{rel}","templated":true}]}}