{"id":10192,"date":"2025-03-27T12:22:13","date_gmt":"2025-03-27T11:22:13","guid":{"rendered":"https:\/\/moniberic.com\/producto\/ramon-bilbao-crianza-negre\/"},"modified":"2025-03-27T12:22:13","modified_gmt":"2025-03-27T11:22:13","slug":"ramon-bilbao-crianza-negre","status":"publish","type":"product","link":"https:\/\/moniberic.com\/ca\/producte\/ramon-bilbao-crianza-negre\/","title":{"rendered":"RAMON BILBAO CRIANZA NEGRE"},"content":{"rendered":"<h3>D.O.CA RIOJA<\/h3>\n<p><strong style=\"font-size: 16px;\">BODEGA<\/strong><span style=\"font-size: 16px;\">: Ram\u00f3n Bilbao<\/span><\/p>\n<p><strong>VARIETATS <\/strong>: Tempranillo<\/p>\n<p><strong>TAST<\/strong>: \u00c9s lleuger, fresc i amb bona intensitat afruitat, especialment negra, com m\u00f3res o prunes. La crian\u00e7a \u00e9s present a trav\u00e9s de subtils notes de regal\u00e8ssia, vainilla, coco i fleca. A la boca \u00e9s elegant, suc\u00f3s i molt f\u00e0cil de beure.  <\/p>\n","protected":false},"excerpt":{"rendered":"<p>D.O.CA RIOJA BODEGA: Ram\u00f3n Bilbao VARIETATS : Tempranillo TAST: \u00c9s lleuger, fresc i amb bona intensitat afruitat, especialment negra, com m\u00f3res o prunes. La crian\u00e7a \u00e9s present a trav\u00e9s de subtils notes de regal\u00e8ssia, vainilla, coco i fleca. A la boca \u00e9s elegant, suc\u00f3s i molt f\u00e0cil de beure.<\/p>\n","protected":false},"featured_media":9848,"template":"","meta":[],"product_brand":[],"product_cat":[100],"product_tag":[],"class_list":{"0":"post-10192","1":"product","2":"type-product","3":"status-publish","4":"has-post-thumbnail","6":"product_cat-vins-i-caves","8":"first","9":"instock","10":"taxable","11":"shipping-taxable","12":"purchasable","13":"product-type-simple"},"_links":{"self":[{"href":"https:\/\/moniberic.com\/ca\/wp-json\/wp\/v2\/product\/10192","targetHints":{"allow":["GET"]}}],"collection":[{"href":"https:\/\/moniberic.com\/ca\/wp-json\/wp\/v2\/product"}],"about":[{"href":"https:\/\/moniberic.com\/ca\/wp-json\/wp\/v2\/types\/product"}],"wp:featuredmedia":[{"embeddable":true,"href":"https:\/\/moniberic.com\/ca\/wp-json\/wp\/v2\/media\/9848"}],"wp:attachment":[{"href":"https:\/\/moniberic.com\/ca\/wp-json\/wp\/v2\/media?parent=10192"}],"wp:term":[{"taxonomy":"product_brand","embeddable":true,"href":"https:\/\/moniberic.com\/ca\/wp-json\/wp\/v2\/product_brand?post=10192"},{"taxonomy":"product_cat","embeddable":true,"href":"https:\/\/moniberic.com\/ca\/wp-json\/wp\/v2\/product_cat?post=10192"},{"taxonomy":"product_tag","embeddable":true,"href":"https:\/\/moniberic.com\/ca\/wp-json\/wp\/v2\/product_tag?post=10192"}],"curies":[{"name":"wp","href":"https:\/\/api.w.org\/{rel}","templated":true}]}}