{"id":10180,"date":"2025-03-27T12:26:34","date_gmt":"2025-03-27T11:26:34","guid":{"rendered":"https:\/\/moniberic.com\/producto\/tresmano-negre\/"},"modified":"2025-03-27T12:26:34","modified_gmt":"2025-03-27T11:26:34","slug":"tresmano-negre","status":"publish","type":"product","link":"https:\/\/moniberic.com\/ca\/producte\/tresmano-negre\/","title":{"rendered":"TRESMANO NEGRE"},"content":{"rendered":"<h3>D.O. RIBERA DEL DUERO<\/h3>\n<p><strong style=\"font-size: 16px;\">BODEGA<\/strong><span style=\"font-size: 16px;\">: Lagar de Proventus<\/span><\/p>\n<p><strong>VARIETATS <\/strong>: Tempranillo<\/p>\n<p><strong>CATA<\/strong>: Amb una alta intensitat de color en tons vermell cirera. Al nas sorpr\u00e8n l&#8217;aromaticitat i frescor dels tons de flor blava, sobre els de fruita vermella madura i subtils notes de torrats, fumats, te, caf\u00e8 i esp\u00e8cies. A la boca \u00e9s carn\u00f3s i fresc, amb complexitat i pot\u00e8ncia, per\u00f2 fi i elegant. L&#8217;estructura t\u00e0nnica \u00e9s sedosa i est\u00e0 en equilibri perfecte amb l&#8217;acidesa i l&#8217;alcohol. La persist\u00e8ncia a la boca \u00e9s prolongada.    <\/p>\n","protected":false},"excerpt":{"rendered":"<p>D.O. RIBERA DEL DUERO BODEGA: Lagar de Proventus VARIETATS : Tempranillo CATA: Amb una alta intensitat de color en tons vermell cirera. Al nas sorpr\u00e8n l&#8217;aromaticitat i frescor dels tons de flor blava, sobre els de fruita vermella madura i subtils notes de torrats, fumats, te, caf\u00e8 i esp\u00e8cies. A la boca \u00e9s carn\u00f3s i [&hellip;]<\/p>\n","protected":false},"featured_media":9942,"template":"","meta":[],"product_brand":[],"product_cat":[100],"product_tag":[],"class_list":{"0":"post-10180","1":"product","2":"type-product","3":"status-publish","4":"has-post-thumbnail","6":"product_cat-vins-i-caves","8":"first","9":"instock","10":"taxable","11":"shipping-taxable","12":"purchasable","13":"product-type-simple"},"_links":{"self":[{"href":"https:\/\/moniberic.com\/ca\/wp-json\/wp\/v2\/product\/10180","targetHints":{"allow":["GET"]}}],"collection":[{"href":"https:\/\/moniberic.com\/ca\/wp-json\/wp\/v2\/product"}],"about":[{"href":"https:\/\/moniberic.com\/ca\/wp-json\/wp\/v2\/types\/product"}],"wp:featuredmedia":[{"embeddable":true,"href":"https:\/\/moniberic.com\/ca\/wp-json\/wp\/v2\/media\/9942"}],"wp:attachment":[{"href":"https:\/\/moniberic.com\/ca\/wp-json\/wp\/v2\/media?parent=10180"}],"wp:term":[{"taxonomy":"product_brand","embeddable":true,"href":"https:\/\/moniberic.com\/ca\/wp-json\/wp\/v2\/product_brand?post=10180"},{"taxonomy":"product_cat","embeddable":true,"href":"https:\/\/moniberic.com\/ca\/wp-json\/wp\/v2\/product_cat?post=10180"},{"taxonomy":"product_tag","embeddable":true,"href":"https:\/\/moniberic.com\/ca\/wp-json\/wp\/v2\/product_tag?post=10180"}],"curies":[{"name":"wp","href":"https:\/\/api.w.org\/{rel}","templated":true}]}}