{"id":10175,"date":"2025-03-27T12:28:44","date_gmt":"2025-03-27T11:28:44","guid":{"rendered":"https:\/\/moniberic.com\/producto\/trus-crianza-negre\/"},"modified":"2025-03-27T12:28:44","modified_gmt":"2025-03-27T11:28:44","slug":"trus-crianza-negre","status":"publish","type":"product","link":"https:\/\/moniberic.com\/ca\/producte\/trus-crianza-negre\/","title":{"rendered":"TRUS CRIANZA NEGRE"},"content":{"rendered":"<h3>D.O. RIBERA DEL DUERO<\/h3>\n<p><strong style=\"font-size: 16px;\">BODEGA<\/strong><span style=\"font-size: 16px;\">: Bodegas Trus<\/span><\/p>\n<p><strong>VARIETATS <\/strong>: Tempranillo<\/p>\n<p><strong>CATA<\/strong>: Amb un car\u00e0cter a fruits del bosc molt atractiu i notes de cedre i vainilla, aquest crian\u00e7a de cos mitj\u00e0 t\u00e9 tanins ferms i rodons i un final sabor\u00f3s.<\/p>\n","protected":false},"excerpt":{"rendered":"<p>D.O. RIBERA DEL DUERO BODEGA: Bodegas Trus VARIETATS : Tempranillo CATA: Amb un car\u00e0cter a fruits del bosc molt atractiu i notes de cedre i vainilla, aquest crian\u00e7a de cos mitj\u00e0 t\u00e9 tanins ferms i rodons i un final sabor\u00f3s.<\/p>\n","protected":false},"featured_media":9934,"template":"","meta":[],"product_brand":[],"product_cat":[100],"product_tag":[],"class_list":{"0":"post-10175","1":"product","2":"type-product","3":"status-publish","4":"has-post-thumbnail","6":"product_cat-vins-i-caves","8":"first","9":"instock","10":"taxable","11":"shipping-taxable","12":"purchasable","13":"product-type-simple"},"_links":{"self":[{"href":"https:\/\/moniberic.com\/ca\/wp-json\/wp\/v2\/product\/10175","targetHints":{"allow":["GET"]}}],"collection":[{"href":"https:\/\/moniberic.com\/ca\/wp-json\/wp\/v2\/product"}],"about":[{"href":"https:\/\/moniberic.com\/ca\/wp-json\/wp\/v2\/types\/product"}],"wp:featuredmedia":[{"embeddable":true,"href":"https:\/\/moniberic.com\/ca\/wp-json\/wp\/v2\/media\/9934"}],"wp:attachment":[{"href":"https:\/\/moniberic.com\/ca\/wp-json\/wp\/v2\/media?parent=10175"}],"wp:term":[{"taxonomy":"product_brand","embeddable":true,"href":"https:\/\/moniberic.com\/ca\/wp-json\/wp\/v2\/product_brand?post=10175"},{"taxonomy":"product_cat","embeddable":true,"href":"https:\/\/moniberic.com\/ca\/wp-json\/wp\/v2\/product_cat?post=10175"},{"taxonomy":"product_tag","embeddable":true,"href":"https:\/\/moniberic.com\/ca\/wp-json\/wp\/v2\/product_tag?post=10175"}],"curies":[{"name":"wp","href":"https:\/\/api.w.org\/{rel}","templated":true}]}}