{"id":10169,"date":"2025-03-28T07:59:59","date_gmt":"2025-03-28T06:59:59","guid":{"rendered":"https:\/\/moniberic.com\/producto\/gioia-mia-negre\/"},"modified":"2025-03-28T07:59:59","modified_gmt":"2025-03-28T06:59:59","slug":"gioia-mia-negre","status":"publish","type":"product","link":"https:\/\/moniberic.com\/ca\/producte\/gioia-mia-negre\/","title":{"rendered":"GIOIA MIA NEGRE"},"content":{"rendered":"<h3>D.O. BIERZO<\/h3>\n<p><strong style=\"font-size: 16px;\">BODEGA<\/strong><span style=\"font-size: 16px;\">: Bodegas Alm\u00e1zcara Majara<\/span><\/p>\n<p><strong>VARIETATS<\/strong>: Menc\u00eda<\/p>\n<p>&nbsp;<\/p>\n<p>Aquelles persones que no triem, per\u00f2 volem. Fills. Desig, esfor\u00e7 i tenacitat, amanit amb molta paci\u00e8ncia. Recorrent el mateix o diferent cam\u00ed, pensant igual o diferent. Amors incondicionals eterns.    <\/p>\n<p><strong>La vida \u00e9s meva<\/strong>, que no et diguin el contrari.<\/p>\n<p>Javier \u00c1lvarez<\/p>\n","protected":false},"excerpt":{"rendered":"<p>D.O. BIERZO BODEGA: Bodegas Alm\u00e1zcara Majara VARIETATS: Menc\u00eda &nbsp; Aquelles persones que no triem, per\u00f2 volem. Fills. Desig, esfor\u00e7 i tenacitat, amanit amb molta paci\u00e8ncia. Recorrent el mateix o diferent cam\u00ed, pensant igual o diferent. Amors incondicionals eterns. La vida \u00e9s meva, que no et diguin el contrari. Javier \u00c1lvarez<\/p>\n","protected":false},"featured_media":9874,"template":"","meta":[],"product_brand":[],"product_cat":[100],"product_tag":[],"class_list":{"0":"post-10169","1":"product","2":"type-product","3":"status-publish","4":"has-post-thumbnail","6":"product_cat-vins-i-caves","8":"first","9":"instock","10":"taxable","11":"shipping-taxable","12":"purchasable","13":"product-type-simple"},"_links":{"self":[{"href":"https:\/\/moniberic.com\/ca\/wp-json\/wp\/v2\/product\/10169","targetHints":{"allow":["GET"]}}],"collection":[{"href":"https:\/\/moniberic.com\/ca\/wp-json\/wp\/v2\/product"}],"about":[{"href":"https:\/\/moniberic.com\/ca\/wp-json\/wp\/v2\/types\/product"}],"wp:featuredmedia":[{"embeddable":true,"href":"https:\/\/moniberic.com\/ca\/wp-json\/wp\/v2\/media\/9874"}],"wp:attachment":[{"href":"https:\/\/moniberic.com\/ca\/wp-json\/wp\/v2\/media?parent=10169"}],"wp:term":[{"taxonomy":"product_brand","embeddable":true,"href":"https:\/\/moniberic.com\/ca\/wp-json\/wp\/v2\/product_brand?post=10169"},{"taxonomy":"product_cat","embeddable":true,"href":"https:\/\/moniberic.com\/ca\/wp-json\/wp\/v2\/product_cat?post=10169"},{"taxonomy":"product_tag","embeddable":true,"href":"https:\/\/moniberic.com\/ca\/wp-json\/wp\/v2\/product_tag?post=10169"}],"curies":[{"name":"wp","href":"https:\/\/api.w.org\/{rel}","templated":true}]}}