{"id":10163,"date":"2025-03-28T08:18:02","date_gmt":"2025-03-28T07:18:02","guid":{"rendered":"https:\/\/moniberic.com\/producto\/davila-m-100-blanc\/"},"modified":"2025-03-28T08:18:02","modified_gmt":"2025-03-28T07:18:02","slug":"davila-m-100-blanc","status":"publish","type":"product","link":"https:\/\/moniberic.com\/ca\/producte\/davila-m-100-blanc\/","title":{"rendered":"DAVILA M-100 BLANC"},"content":{"rendered":"<h3>D.O. R\u00cdAS BAIXAS<\/h3>\n<p><strong style=\"font-size: 16px;\">BODEGA<\/strong><span style=\"font-size: 16px;\">: Adegas Valmi\u00f1or<\/span><\/p>\n<p><strong>VARIETATS<\/strong>: Loureiro, ca\u00ed\u00f1o blanc i albari\u00f1o<\/p>\n<p><strong>CATA<\/strong>: Vi amb car\u00e0cter varietal, untu\u00f3s i consistent. Color groc amb reflexes daurats. Destaquen les notes c\u00edtriques de mandarina i aranja. Aix\u00ed com les fruites de pinyol (albercoc, pr\u00e9ssec) i blanca (poma i pera). Notes de flors blanques (camomila i tarongina) amb lleugers matisos bals\u00e0mics amb tocs torrats. Boca \u00e0mplia i intensa, mineral, amb un final llarg fresc i crem\u00f3s.     <\/p>\n","protected":false},"excerpt":{"rendered":"<p>D.O. R\u00cdAS BAIXAS BODEGA: Adegas Valmi\u00f1or VARIETATS: Loureiro, ca\u00ed\u00f1o blanc i albari\u00f1o CATA: Vi amb car\u00e0cter varietal, untu\u00f3s i consistent. Color groc amb reflexes daurats. Destaquen les notes c\u00edtriques de mandarina i aranja. Aix\u00ed com les fruites de pinyol (albercoc, pr\u00e9ssec) i blanca (poma i pera). Notes de flors blanques (camomila i tarongina) amb lleugers [&hellip;]<\/p>\n","protected":false},"featured_media":9879,"template":"","meta":[],"product_brand":[],"product_cat":[100],"product_tag":[],"class_list":{"0":"post-10163","1":"product","2":"type-product","3":"status-publish","4":"has-post-thumbnail","6":"product_cat-vins-i-caves","8":"first","9":"instock","10":"taxable","11":"shipping-taxable","12":"purchasable","13":"product-type-simple"},"_links":{"self":[{"href":"https:\/\/moniberic.com\/ca\/wp-json\/wp\/v2\/product\/10163","targetHints":{"allow":["GET"]}}],"collection":[{"href":"https:\/\/moniberic.com\/ca\/wp-json\/wp\/v2\/product"}],"about":[{"href":"https:\/\/moniberic.com\/ca\/wp-json\/wp\/v2\/types\/product"}],"wp:featuredmedia":[{"embeddable":true,"href":"https:\/\/moniberic.com\/ca\/wp-json\/wp\/v2\/media\/9879"}],"wp:attachment":[{"href":"https:\/\/moniberic.com\/ca\/wp-json\/wp\/v2\/media?parent=10163"}],"wp:term":[{"taxonomy":"product_brand","embeddable":true,"href":"https:\/\/moniberic.com\/ca\/wp-json\/wp\/v2\/product_brand?post=10163"},{"taxonomy":"product_cat","embeddable":true,"href":"https:\/\/moniberic.com\/ca\/wp-json\/wp\/v2\/product_cat?post=10163"},{"taxonomy":"product_tag","embeddable":true,"href":"https:\/\/moniberic.com\/ca\/wp-json\/wp\/v2\/product_tag?post=10163"}],"curies":[{"name":"wp","href":"https:\/\/api.w.org\/{rel}","templated":true}]}}