{"id":10112,"date":"2025-03-28T10:22:16","date_gmt":"2025-03-28T09:22:16","guid":{"rendered":"https:\/\/moniberic.com\/?post_type=product&#038;p=10112"},"modified":"2025-04-14T10:12:15","modified_gmt":"2025-04-14T09:12:15","slug":"espatlla-cebo-de-camp-iberica-50-raca-iberica-llescada-100g-copia-copia-copia-copia-copia-copia-copia","status":"publish","type":"product","link":"https:\/\/moniberic.com\/ca\/producte\/espatlla-cebo-de-camp-iberica-50-raca-iberica-llescada-100g-copia-copia-copia-copia-copia-copia-copia\/","title":{"rendered":"CUNYA FORMATGE D&#8217;OVELLA SEMICURAT LA ANTIGUA QUESER\u00cdA 250g"},"content":{"rendered":"<p>Porci\u00f3 de formatge d&#8217;ovella semicurat Artes\u00e0 L&#8217;Antiga Formatgeria 250g<\/p>\n<p>La <strong>Cunya de Formatge d&#8217;Ovella Semicurat La Antigua (250 g)<\/strong> \u00e9s un formatge elaborat amb llet crua d&#8217;ovella, seguint un proc\u00e9s artesanal que en garanteix l&#8217;autenticitat i la qualitat. La maduraci\u00f3 interm\u00e8dia li atorga una textura suau i cremosa, mantenint l&#8217;equilibri perfecte entre frescor i car\u00e0cter.<\/p>\n<p>De color ivori amb una lleugera tonalitat daurada, presenta un sabor delicat per\u00f2 amb personalitat, en qu\u00e8 es perceben notes l\u00e0cties i un subtil toc a fruits secs. El seu aroma \u00e9s suau i agradable, amb una persist\u00e8ncia a la boca que convida a seguir gaudint-lo. Perfecte per degustar sol, amb pa r\u00fastic o acompanyat de fruits secs i melmelades, \u00e9s una elecci\u00f3 ideal per als que busquen un formatge amb matisos equilibrats i una textura irresistible.  <\/p>\n<h5>Marca<\/h5>\n<p><img decoding=\"async\" class=\"\" src=\"https:\/\/queserialaantigua.com\/wp-content\/uploads\/2024\/02\/LOGO.png\" alt=\"Queser\u00eda La Antigua\" width=\"236\" height=\"63\"><\/p>\n","protected":false},"excerpt":{"rendered":"<p>El nostre <strong>formatge d&#8217;ovella semicurat Artes\u00e0 La Antigua<\/strong> \u00e9s un producte de qualitat excepcional, elaborat amb llet crua d&#8217;ovella i seguint m\u00e8todes tradicionals que respecten el gust i la textura \u00fanics d&#8217;aquest formatge.<\/p>\n","protected":false},"featured_media":10573,"template":"","meta":[],"product_brand":[],"product_cat":[237],"product_tag":[],"class_list":{"0":"post-10112","1":"product","2":"type-product","3":"status-publish","4":"has-post-thumbnail","6":"product_cat-formatges","8":"first","9":"instock","10":"taxable","11":"shipping-taxable","12":"purchasable","13":"product-type-simple"},"_links":{"self":[{"href":"https:\/\/moniberic.com\/ca\/wp-json\/wp\/v2\/product\/10112","targetHints":{"allow":["GET"]}}],"collection":[{"href":"https:\/\/moniberic.com\/ca\/wp-json\/wp\/v2\/product"}],"about":[{"href":"https:\/\/moniberic.com\/ca\/wp-json\/wp\/v2\/types\/product"}],"wp:featuredmedia":[{"embeddable":true,"href":"https:\/\/moniberic.com\/ca\/wp-json\/wp\/v2\/media\/10573"}],"wp:attachment":[{"href":"https:\/\/moniberic.com\/ca\/wp-json\/wp\/v2\/media?parent=10112"}],"wp:term":[{"taxonomy":"product_brand","embeddable":true,"href":"https:\/\/moniberic.com\/ca\/wp-json\/wp\/v2\/product_brand?post=10112"},{"taxonomy":"product_cat","embeddable":true,"href":"https:\/\/moniberic.com\/ca\/wp-json\/wp\/v2\/product_cat?post=10112"},{"taxonomy":"product_tag","embeddable":true,"href":"https:\/\/moniberic.com\/ca\/wp-json\/wp\/v2\/product_tag?post=10112"}],"curies":[{"name":"wp","href":"https:\/\/api.w.org\/{rel}","templated":true}]}}