{"id":10100,"date":"2025-03-28T10:14:47","date_gmt":"2025-03-28T09:14:47","guid":{"rendered":"https:\/\/moniberic.com\/?post_type=product&#038;p=10100"},"modified":"2025-04-14T10:15:11","modified_gmt":"2025-04-14T09:15:11","slug":"espatlla-cebo-de-camp-iberica-50-raca-iberica-llescada-100g-copia-copia-copia-copia-copia-copia","status":"publish","type":"product","link":"https:\/\/moniberic.com\/ca\/producte\/espatlla-cebo-de-camp-iberica-50-raca-iberica-llescada-100g-copia-copia-copia-copia-copia-copia\/","title":{"rendered":"CUNYA FORMATGE D&#8217;OVELLA ARTES\u00c0 CURAT LA ANTIGUA QUESER\u00cdA 250g"},"content":{"rendered":"<p>Porci\u00f3 de formatge d&#8217;ovella Artes\u00e0 L&#8217;Antiga Formatgeria 250g<\/p>\n<p>La <strong>cunya de formatge d&#8217;ovella artes\u00e0 curat La Antigua (250 g)<\/strong> \u00e9s un producte de qualitat excepcional, elaborat amb llet crua d&#8217;ovella i seguint m\u00e8todes tradicionals que respecten el sabor i la textura \u00fanics d&#8217;aquest formatge. La seva maduraci\u00f3 controlada permet desenvolupar un equilibri perfecte entre intensitat i suavitat, oferint un mos crem\u00f3s i ple de matisos. <\/p>\n<p>De pasta ferma i escor\u00e7a natural, presenta un color ivori amb un vetejat subtil i una textura lleugerament mantegosa. El sabor \u00e9s profund i persistent, amb notes l\u00e0cties i un toc lleugerament picant que s&#8217;intensifica amb el temps. Ideal per gaudir sol, acompanyat de fruita seca, mel o un bon vi, \u00e9s una aut\u00e8ntica del\u00edcia per als amants del formatge artesanal.  <\/p>\n<h5>Marca<\/h5>\n<p><img decoding=\"async\" class=\"\" src=\"https:\/\/queserialaantigua.com\/wp-content\/uploads\/2024\/02\/LOGO.png\" alt=\"Queser\u00eda La Antigua\" width=\"236\" height=\"63\"><\/p>\n","protected":false},"excerpt":{"rendered":"<p>El nostre <strong>formatge d\u00b4ovella Artes\u00e0 La Antigua<\/strong> \u00e9s un producte de qualitat excepcional, elaborat amb llet crua d&#8217;ovella i seguint m\u00e8todes tradicionals que respecten el sabor i la textura \u00fanics d&#8217;aquest formatge.<\/p>\n","protected":false},"featured_media":10586,"template":"","meta":[],"product_brand":[],"product_cat":[237],"product_tag":[],"class_list":{"0":"post-10100","1":"product","2":"type-product","3":"status-publish","4":"has-post-thumbnail","6":"product_cat-formatges","8":"first","9":"instock","10":"taxable","11":"shipping-taxable","12":"purchasable","13":"product-type-simple"},"_links":{"self":[{"href":"https:\/\/moniberic.com\/ca\/wp-json\/wp\/v2\/product\/10100","targetHints":{"allow":["GET"]}}],"collection":[{"href":"https:\/\/moniberic.com\/ca\/wp-json\/wp\/v2\/product"}],"about":[{"href":"https:\/\/moniberic.com\/ca\/wp-json\/wp\/v2\/types\/product"}],"wp:featuredmedia":[{"embeddable":true,"href":"https:\/\/moniberic.com\/ca\/wp-json\/wp\/v2\/media\/10586"}],"wp:attachment":[{"href":"https:\/\/moniberic.com\/ca\/wp-json\/wp\/v2\/media?parent=10100"}],"wp:term":[{"taxonomy":"product_brand","embeddable":true,"href":"https:\/\/moniberic.com\/ca\/wp-json\/wp\/v2\/product_brand?post=10100"},{"taxonomy":"product_cat","embeddable":true,"href":"https:\/\/moniberic.com\/ca\/wp-json\/wp\/v2\/product_cat?post=10100"},{"taxonomy":"product_tag","embeddable":true,"href":"https:\/\/moniberic.com\/ca\/wp-json\/wp\/v2\/product_tag?post=10100"}],"curies":[{"name":"wp","href":"https:\/\/api.w.org\/{rel}","templated":true}]}}