{"id":10075,"date":"2025-03-28T10:02:30","date_gmt":"2025-03-28T09:02:30","guid":{"rendered":"https:\/\/moniberic.com\/?post_type=product&#038;p=10075"},"modified":"2025-03-31T11:09:47","modified_gmt":"2025-03-31T10:09:47","slug":"espatlla-cebo-de-camp-iberica-50-raca-iberica-llescada-100g-copia-copia-copia-copia-copia","status":"publish","type":"product","link":"https:\/\/moniberic.com\/ca\/producte\/espatlla-cebo-de-camp-iberica-50-raca-iberica-llescada-100g-copia-copia-copia-copia-copia\/","title":{"rendered":"LLOM DE GLA 100% IB\u00c8RIC TOM\u00c0S L\u00d3PEZ 100G"},"content":{"rendered":"<p>Sobre de 100 grams de llom de gla 100% ib\u00e8ric Tom\u00e1s L\u00f3pez<\/p>\n<p>El <strong>Llom de Gla100% Ib\u00e8ric<\/strong> \u00e9s una aut\u00e8ntica joia de la gastronomia, elaborat a partir de porcs ib\u00e8rics purs criats en llibertat i alimentats exclusivament amb glans durant la montanera. Aquesta dieta natural, juntament amb la seva crian\u00e7a en deveses, permet que la carn desenvolupi una infiltraci\u00f3 de greix perfecte, aportant una textura sucosa i un sabor profund i inconfusible. <\/p>\n<p>El seu proc\u00e9s de curaci\u00f3 artesanal, realitzat en assecadors naturals durant mesos, potencia l&#8217;aroma delicada i els matisos dol\u00e7os i especiats. De color vermell intens amb vetes de greix brillant, aquest llom destaca per la seva suavitat a la boca i la seva persist\u00e8ncia al paladar. Un producte 100% natural i sense additius, perfecte per gaudir a rodanxes fines i assaborir l&#8217;ess\u00e8ncia de la millor tradici\u00f3 ib\u00e8rica.  <\/p>\n<h5>Marca<\/h5>\n<p><img decoding=\"async\" class=\"alignnone wp-image-1216\" src=\"https:\/\/moniberic.com\/wp-content\/uploads\/2022\/10\/LogoTL200.png\" alt=\"\" width=\"163\" height=\"71\"><\/p>\n<p>Una de les m\u00e9s prestigioses marques en Pernils i embotits Ib\u00e8rics.<\/p>\n","protected":false},"excerpt":{"rendered":"<p>El nostre <strong>llom de gla 100% ib\u00e8ric Tom\u00e1s L\u00f3pez<\/strong> prov\u00e9 de porcs ib\u00e8rics d&#8217;alta qualitat.<\/p>\n","protected":false},"featured_media":10590,"template":"","meta":[],"product_brand":[],"product_cat":[488],"product_tag":[],"class_list":{"0":"post-10075","1":"product","2":"type-product","3":"status-publish","4":"has-post-thumbnail","6":"product_cat-llescat","8":"first","9":"instock","10":"taxable","11":"shipping-taxable","12":"purchasable","13":"product-type-simple"},"_links":{"self":[{"href":"https:\/\/moniberic.com\/ca\/wp-json\/wp\/v2\/product\/10075","targetHints":{"allow":["GET"]}}],"collection":[{"href":"https:\/\/moniberic.com\/ca\/wp-json\/wp\/v2\/product"}],"about":[{"href":"https:\/\/moniberic.com\/ca\/wp-json\/wp\/v2\/types\/product"}],"wp:featuredmedia":[{"embeddable":true,"href":"https:\/\/moniberic.com\/ca\/wp-json\/wp\/v2\/media\/10590"}],"wp:attachment":[{"href":"https:\/\/moniberic.com\/ca\/wp-json\/wp\/v2\/media?parent=10075"}],"wp:term":[{"taxonomy":"product_brand","embeddable":true,"href":"https:\/\/moniberic.com\/ca\/wp-json\/wp\/v2\/product_brand?post=10075"},{"taxonomy":"product_cat","embeddable":true,"href":"https:\/\/moniberic.com\/ca\/wp-json\/wp\/v2\/product_cat?post=10075"},{"taxonomy":"product_tag","embeddable":true,"href":"https:\/\/moniberic.com\/ca\/wp-json\/wp\/v2\/product_tag?post=10075"}],"curies":[{"name":"wp","href":"https:\/\/api.w.org\/{rel}","templated":true}]}}