{"id":10030,"date":"2025-03-28T09:45:29","date_gmt":"2025-03-28T08:45:29","guid":{"rendered":"https:\/\/moniberic.com\/?post_type=product&#038;p=10030"},"modified":"2025-07-07T08:59:48","modified_gmt":"2025-07-07T07:59:48","slug":"espatlla-cebo-de-camp-iberica-50-raca-iberica-llescada-100g-copia-copia","status":"publish","type":"product","link":"https:\/\/moniberic.com\/ca\/producte\/espatlla-cebo-de-camp-iberica-50-raca-iberica-llescada-100g-copia-copia\/","title":{"rendered":"LLOM D&#8217;ESQUER DE CAMP IB\u00c8RIC 50% RA\u00c7A IB\u00c8RICA TOM\u00c0S L\u00d3PEZ 100g"},"content":{"rendered":"<p>Sobre de 100 grams de llom esquer de camp ib\u00e8ric 50% ra\u00e7a ib\u00e8rica Tom\u00e1s L\u00f3pez<\/p>\n<p>El <strong>Llom d&#8217;Esquer de Camp Ib\u00e8ric 50% Ra\u00e7a Ib\u00e8rica llescat (100 g)<\/strong> \u00e9s un producte selecte que destaca pel sabor intens i l&#8217;equilibri perfecte entre magre i greix infiltrat. Procedent de porcs ib\u00e8rics criats en llibertat i alimentats amb una combinaci\u00f3 de recursos naturals del camp i pinsos d&#8217;alta qualitat, aquest llom desenvolupa una textura tendra i sucosa. <\/p>\n<p>El seu proc\u00e9s de curaci\u00f3 lenta en assecadors naturals potencia la seva aroma i matisos, oferint un sabor delicat amb lleugeres notes dolces i especiades. En estar llescat, \u00e9s ideal per gaudir-lo f\u00e0cilment, mantenint tota la seva ess\u00e8ncia i qualitat a cada mos. Perfecte per degustar sol o acompanyat de pa i formatge, \u00e9s una aut\u00e8ntica joia de la gastronomia ib\u00e8rica.  <\/p>\n<h5>Marca<\/h5>\n<p><img decoding=\"async\" class=\"alignnone size-full wp-image-1216\" src=\"https:\/\/moniberic.com\/wp-content\/uploads\/2022\/10\/LogoTL200.png\" alt=\"\" width=\"200\" height=\"87\"><\/p>\n<p>Una de les m\u00e9s prestigioses marques en Pernils i embotits Ib\u00e8rics.<\/p>\n","protected":false},"excerpt":{"rendered":"<p><img fetchpriority=\"high\" decoding=\"async\" class=\"size-full wp-image-1059 aligncenter\" src=\"https:\/\/moniberic.com\/wp-content\/uploads\/2022\/11\/p-campo-50.png\" alt=\"\" width=\"500\" height=\"101\" srcset=\"https:\/\/moniberic.com\/wp-content\/uploads\/2022\/11\/p-campo-50.png 500w, https:\/\/moniberic.com\/wp-content\/uploads\/2022\/11\/p-campo-50-300x61.png 300w\" sizes=\"(max-width: 500px) 100vw, 500px\" \/><\/p>\n<p>El nostre <strong>llom esquer de camp ib\u00e8ric 50% ra\u00e7a ib\u00e8rica<\/strong> prov\u00e9 de porcs ib\u00e8rics d&#8217;alta qualitat. Aquests animals s\u00f3n criats en terrenys a l&#8217;aire lliure a Andalusia, per on poden pasturar i exercitar-se. Aix\u00f2 afavoreix la infiltraci\u00f3 de greix en el magre, fent la seva carn m\u00e9s sucosa. La seva alimentaci\u00f3 es basa en pastures naturals i es complementa amb cereals de primera qualitat.<\/p>\n","protected":false},"featured_media":11238,"template":"","meta":[],"product_brand":[],"product_cat":[488],"product_tag":[],"class_list":{"0":"post-10030","1":"product","2":"type-product","3":"status-publish","4":"has-post-thumbnail","6":"product_cat-llescat","8":"first","9":"instock","10":"taxable","11":"shipping-taxable","12":"purchasable","13":"product-type-simple"},"_links":{"self":[{"href":"https:\/\/moniberic.com\/ca\/wp-json\/wp\/v2\/product\/10030","targetHints":{"allow":["GET"]}}],"collection":[{"href":"https:\/\/moniberic.com\/ca\/wp-json\/wp\/v2\/product"}],"about":[{"href":"https:\/\/moniberic.com\/ca\/wp-json\/wp\/v2\/types\/product"}],"wp:featuredmedia":[{"embeddable":true,"href":"https:\/\/moniberic.com\/ca\/wp-json\/wp\/v2\/media\/11238"}],"wp:attachment":[{"href":"https:\/\/moniberic.com\/ca\/wp-json\/wp\/v2\/media?parent=10030"}],"wp:term":[{"taxonomy":"product_brand","embeddable":true,"href":"https:\/\/moniberic.com\/ca\/wp-json\/wp\/v2\/product_brand?post=10030"},{"taxonomy":"product_cat","embeddable":true,"href":"https:\/\/moniberic.com\/ca\/wp-json\/wp\/v2\/product_cat?post=10030"},{"taxonomy":"product_tag","embeddable":true,"href":"https:\/\/moniberic.com\/ca\/wp-json\/wp\/v2\/product_tag?post=10030"}],"curies":[{"name":"wp","href":"https:\/\/api.w.org\/{rel}","templated":true}]}}