{"id":10014,"date":"2025-03-28T09:39:52","date_gmt":"2025-03-28T08:39:52","guid":{"rendered":"https:\/\/moniberic.com\/?post_type=product&#038;p=10014"},"modified":"2025-04-14T10:18:30","modified_gmt":"2025-04-14T09:18:30","slug":"espatlla-cebo-de-camp-iberica-50-raca-iberica-llescada-100g-copia-2","status":"publish","type":"product","link":"https:\/\/moniberic.com\/ca\/producte\/espatlla-cebo-de-camp-iberica-50-raca-iberica-llescada-100g-copia-2\/","title":{"rendered":"LLONGANISSA DE PAG\u00c8S TOM\u00c1S L\u00d3PEZ 100g"},"content":{"rendered":"<p>Sobre 100 grams de llonganissa pag\u00e8s Tom\u00e1s L\u00f3pez<\/p>\n<p>La Longaniza de pag\u00e8s \u00e9s un embotit tradicional elaborat amb les millors carns magres de porc, acuradament seleccionades i amanides amb una barreja d&#8217;esp\u00e8cies que en realcen el sabor aut\u00e8ntic. El proc\u00e9s de curat lent i natural permet desenvolupar una textura ferma per\u00f2 sucosa, caracter\u00edstica d&#8217;aquest embotit artesanal. <\/p>\n<p>Amb una aroma intensa i un sabor equilibrat, en qu\u00e8 destaquen les notes especiades i lleugerament fumades, la Longaniza Pay\u00e9s \u00e9s perfecta per degustar en fines rodanxes o en mos m\u00e9s gruixuts que en ressaltin el car\u00e0cter r\u00fastic. La combinaci\u00f3 d&#8217;ingredients i l&#8217;elaboraci\u00f3 tradicional fan d&#8217;aquest producte una del\u00edcia imprescindible a qualsevol taula. <\/p>\n<h5>Marca<\/h5>\n<p><img decoding=\"async\" class=\"alignnone size-full wp-image-1216\" src=\"https:\/\/moniberic.com\/wp-content\/uploads\/2022\/10\/LogoTL200.png\" alt=\"\" width=\"200\" height=\"87\"><\/p>\n<p>Una de les m\u00e9s prestigioses marques en Pernils i embotits Ib\u00e8rics.<\/p>\n","protected":false},"excerpt":{"rendered":"<p><img fetchpriority=\"high\" decoding=\"async\" class=\"size-full wp-image-1059 aligncenter\" src=\"https:\/\/moniberic.com\/wp-content\/uploads\/2022\/11\/p-campo-50.png\" alt=\"\" width=\"500\" height=\"101\" srcset=\"https:\/\/moniberic.com\/wp-content\/uploads\/2022\/11\/p-campo-50.png 500w, https:\/\/moniberic.com\/wp-content\/uploads\/2022\/11\/p-campo-50-300x61.png 300w\" sizes=\"(max-width: 500px) 100vw, 500px\" \/><\/p>\n<p>La nostra <strong>Llonganissa de pag\u00e8s<\/strong> prov\u00e9 de porcs ib\u00e8rics d&#8217;alta qualitat. Aquests animals s\u00f3n criats en terrenys a l&#8217;aire lliure a Andalusia, per on poden pasturar i exercitar-se. Aix\u00f2 afavoreix la infiltraci\u00f3 de greix en el magre, fent la seva carn m\u00e9s sucosa. La seva alimentaci\u00f3 es basa en pastures naturals i es complementa amb cereals de primera qualitat.<\/p>\n","protected":false},"featured_media":10618,"template":"","meta":[],"product_brand":[],"product_cat":[488],"product_tag":[],"class_list":{"0":"post-10014","1":"product","2":"type-product","3":"status-publish","4":"has-post-thumbnail","6":"product_cat-llescat","8":"first","9":"instock","10":"taxable","11":"shipping-taxable","12":"purchasable","13":"product-type-simple"},"_links":{"self":[{"href":"https:\/\/moniberic.com\/ca\/wp-json\/wp\/v2\/product\/10014","targetHints":{"allow":["GET"]}}],"collection":[{"href":"https:\/\/moniberic.com\/ca\/wp-json\/wp\/v2\/product"}],"about":[{"href":"https:\/\/moniberic.com\/ca\/wp-json\/wp\/v2\/types\/product"}],"wp:featuredmedia":[{"embeddable":true,"href":"https:\/\/moniberic.com\/ca\/wp-json\/wp\/v2\/media\/10618"}],"wp:attachment":[{"href":"https:\/\/moniberic.com\/ca\/wp-json\/wp\/v2\/media?parent=10014"}],"wp:term":[{"taxonomy":"product_brand","embeddable":true,"href":"https:\/\/moniberic.com\/ca\/wp-json\/wp\/v2\/product_brand?post=10014"},{"taxonomy":"product_cat","embeddable":true,"href":"https:\/\/moniberic.com\/ca\/wp-json\/wp\/v2\/product_cat?post=10014"},{"taxonomy":"product_tag","embeddable":true,"href":"https:\/\/moniberic.com\/ca\/wp-json\/wp\/v2\/product_tag?post=10014"}],"curies":[{"name":"wp","href":"https:\/\/api.w.org\/{rel}","templated":true}]}}