{"id":9343,"date":"2023-01-31T11:20:10","date_gmt":"2023-01-31T10:20:10","guid":{"rendered":"https:\/\/moniberic.com\/formatges\/"},"modified":"2025-11-27T08:51:39","modified_gmt":"2025-11-27T07:51:39","slug":"formatges","status":"publish","type":"page","link":"https:\/\/moniberic.com\/ca\/formatges\/","title":{"rendered":"Formatges"},"content":{"rendered":"\t\t<div data-elementor-type=\"wp-page\" data-elementor-id=\"9343\" class=\"elementor elementor-9343 elementor-3103\" data-elementor-post-type=\"page\">\n\t\t\t\t<div data-particle_enable=\"false\" data-particle-mobile-disabled=\"false\" class=\"elementor-element elementor-element-0aaacca e-flex e-con-boxed e-con e-parent\" data-id=\"0aaacca\" data-element_type=\"container\" data-e-type=\"container\" data-settings=\"{&quot;background_background&quot;:&quot;classic&quot;}\">\n\t\t\t\t\t<div class=\"e-con-inner\">\n\t\t\t\t<div class=\"elementor-element elementor-element-2d8f6f9 elementor-widget elementor-widget-heading\" data-id=\"2d8f6f9\" data-element_type=\"widget\" data-e-type=\"widget\" data-widget_type=\"heading.default\">\n\t\t\t\t\t<h1 class=\"elementor-heading-title elementor-size-default\">Formatges<\/h1>\t\t\t\t<\/div>\n\t\t\t\t\t<\/div>\n\t\t\t\t<\/div>\n\t\t<div data-particle_enable=\"false\" data-particle-mobile-disabled=\"false\" class=\"elementor-element elementor-element-8bed453 e-con-full e-flex e-con e-parent\" data-id=\"8bed453\" data-element_type=\"container\" data-e-type=\"container\" data-settings=\"{&quot;background_background&quot;:&quot;classic&quot;}\">\n\t\t<div data-particle_enable=\"false\" data-particle-mobile-disabled=\"false\" class=\"elementor-element elementor-element-1ccaae4 e-con-full e-flex e-con e-child\" data-id=\"1ccaae4\" data-element_type=\"container\" data-e-type=\"container\" data-settings=\"{&quot;background_background&quot;:&quot;classic&quot;}\">\n\t\t\t\t<div class=\"elementor-element elementor-element-b25a1a0 elementor-widget elementor-widget-heading\" data-id=\"b25a1a0\" data-element_type=\"widget\" data-e-type=\"widget\" data-widget_type=\"heading.default\">\n\t\t\t\t\t<h2 class=\"elementor-heading-title elementor-size-default\">Formatges<\/h2>\t\t\t\t<\/div>\n\t\t\t\t<div class=\"elementor-element elementor-element-420b124 elementor-widget elementor-widget-heading\" data-id=\"420b124\" data-element_type=\"widget\" data-e-type=\"widget\" data-widget_type=\"heading.default\">\n\t\t\t\t\t<p class=\"elementor-heading-title elementor-size-default\">La nostra selecci\u00f3<\/p>\t\t\t\t<\/div>\n\t\t\t\t<div class=\"elementor-element elementor-element-8264159 elementor-widget-divider--view-line elementor-widget elementor-widget-divider\" data-id=\"8264159\" data-element_type=\"widget\" data-e-type=\"widget\" data-widget_type=\"divider.default\">\n\t\t\t\t\t\t\t<div class=\"elementor-divider\">\n\t\t\t<span class=\"elementor-divider-separator\">\n\t\t\t\t\t\t<\/span>\n\t\t<\/div>\n\t\t\t\t\t\t<\/div>\n\t\t\t\t<div class=\"elementor-element elementor-element-67fe24d elementor-widget elementor-widget-text-editor\" data-id=\"67fe24d\" data-element_type=\"widget\" data-e-type=\"widget\" data-widget_type=\"text-editor.default\">\n\t\t\t\t\t\t\t\t\t<p>La millor selecci\u00f3 entre diferents tipus de pernil ib\u00e8ric, donis dels m\u00e9s exquisits amb tots els matisos dels millors ib\u00e8rics del mercat, fins a una \u00f2ptima relaci\u00f3 qualitat-preu, sense comprometre mai, la qualitat de moniberic.<\/p>\t\t\t\t\t\t\t\t<\/div>\n\t\t\t\t<\/div>\n\t\t<div data-particle_enable=\"false\" data-particle-mobile-disabled=\"false\" class=\"elementor-element elementor-element-55c5995 e-con-full e-flex e-con e-child\" data-id=\"55c5995\" data-element_type=\"container\" data-e-type=\"container\" data-settings=\"{&quot;background_background&quot;:&quot;classic&quot;}\">\n\t\t\t\t<div class=\"elementor-element elementor-element-150b21e elementor-view-framed elementor-position-inline-start elementor-shape-circle elementor-mobile-position-block-start elementor-widget elementor-widget-icon-box\" data-id=\"150b21e\" data-element_type=\"widget\" data-e-type=\"widget\" data-widget_type=\"icon-box.default\">\n\t\t\t\t\t\t\t<div class=\"elementor-icon-box-wrapper\">\n\n\t\t\t\t\t\t<div class=\"elementor-icon-box-icon\">\n\t\t\t\t<span  class=\"elementor-icon\">\n\t\t\t\t<svg aria-hidden=\"true\" class=\"e-font-icon-svg e-fas-info\" viewBox=\"0 0 192 512\" xmlns=\"http:\/\/www.w3.org\/2000\/svg\"><path d=\"M20 424.229h20V279.771H20c-11.046 0-20-8.954-20-20V212c0-11.046 8.954-20 20-20h112c11.046 0 20 8.954 20 20v212.229h20c11.046 0 20 8.954 20 20V492c0 11.046-8.954 20-20 20H20c-11.046 0-20-8.954-20-20v-47.771c0-11.046 8.954-20 20-20zM96 0C56.235 0 24 32.235 24 72s32.235 72 72 72 72-32.235 72-72S135.764 0 96 0z\"><\/path><\/svg>\t\t\t\t<\/span>\n\t\t\t<\/div>\n\t\t\t\n\t\t\t\t\t\t<div class=\"elementor-icon-box-content\">\n\n\t\t\t\t\t\t\t\t\t<h3 class=\"elementor-icon-box-title\">\n\t\t\t\t\t\t<span  >\n\t\t\t\t\t\t\tNecessites m\u00e9s informaci\u00f3?\t\t\t\t\t\t<\/span>\n\t\t\t\t\t<\/h3>\n\t\t\t\t\n\t\t\t\t\t\t\t\t\t<p class=\"elementor-icon-box-description\">\n\t\t\t\t\t\tSi tens dubtes sobre el tipus de pernil que necessites, les seves qualitats o els formats de presentaci\u00f3, no dubtis a posar-te en contacte amb nosaltres\t\t\t\t\t<\/p>\n\t\t\t\t\n\t\t\t<\/div>\n\t\t\t\n\t\t<\/div>\n\t\t\t\t\t\t<\/div>\n\t\t\t\t<div class=\"elementor-element elementor-element-1509131 elementor-align-left elementor-widget elementor-widget-button\" data-id=\"1509131\" data-element_type=\"widget\" data-e-type=\"widget\" data-widget_type=\"button.default\">\n\t\t\t\t\t\t\t\t\t\t<a class=\"elementor-button elementor-button-link elementor-size-sm\" href=\"https:\/\/api.whatsapp.com\/send\/?phone=34671547527&#038;text=%C2%A1Hola%21&#038;type=phone_number&#038;app_absent=0\" target=\"_blank\">\n\t\t\t\t\t\t<span class=\"elementor-button-content-wrapper\">\n\t\t\t\t\t\t\t\t\t<span class=\"elementor-button-text\">Contactar<\/span>\n\t\t\t\t\t<\/span>\n\t\t\t\t\t<\/a>\n\t\t\t\t\t\t\t\t<\/div>\n\t\t\t\t<\/div>\n\t\t<div data-particle_enable=\"false\" data-particle-mobile-disabled=\"false\" class=\"elementor-element elementor-element-87829da e-con-full e-flex e-con e-child\" data-id=\"87829da\" data-element_type=\"container\" data-e-type=\"container\">\n\t\t\t\t<div class=\"elementor-element elementor-element-8dbdc52 eael-product-grid-column-3 elementor-widget elementor-widget-eicon-woocommerce\" data-id=\"8dbdc52\" data-element_type=\"widget\" data-e-type=\"widget\" data-widget_type=\"eicon-woocommerce.default\">\n\t\t\t\t\t\n        <div class=\"eael-product-grid eael-product-simple grid\" id=\"eael-product-grid\" data-widget-id=\"8dbdc52\" data-page-id=\"9343\" data-nonce=\"68ff044687\" >\n            <div class=\"woocommerce\">\n                <ul class=\"products eael-post-appender eael-post-appender-8dbdc52\" data-ssi-desktop=\"no\" data-ssi-tablet=\"no\" data-ssi-mobile=\"no\" data-layout-mode=\"grid\"> <li class=\"product \">\n<div class=\"eael-product-wrap\" data-src=\"\" data-src-hover=\"\">\n    <a href=\"https:\/\/moniberic.com\/ca\/producte\/espatlla-cebo-de-camp-iberica-50-raca-iberica-llescada-100g-copia-copia-copia-copia-copia-copia-copia-2\/\" class=\"woocommerce-LoopProduct-link woocommerce-loop-product__link\"><img fetchpriority=\"high\" decoding=\"async\" width=\"1500\" height=\"1500\" src=\"https:\/\/moniberic.com\/wp-content\/uploads\/2025\/03\/Triangulos-Queso-oveja-Artesano-La-Antigua-Queseria.jpg\" class=\"attachment-woocommerce_thumbnail size-woocommerce_thumbnail wvs-archive-product-image\" alt=\"TRIANGLES FORMATGE D&#039;OVELLA ARTES\u00c0 LA ANTIGUA QUESER\u00cdA 100g\" loading=\"eager\" srcset=\"https:\/\/moniberic.com\/wp-content\/uploads\/2025\/03\/Triangulos-Queso-oveja-Artesano-La-Antigua-Queseria.jpg 1500w, https:\/\/moniberic.com\/wp-content\/uploads\/2025\/03\/Triangulos-Queso-oveja-Artesano-La-Antigua-Queseria-300x300.jpg 300w, https:\/\/moniberic.com\/wp-content\/uploads\/2025\/03\/Triangulos-Queso-oveja-Artesano-La-Antigua-Queseria-1024x1024.jpg 1024w, https:\/\/moniberic.com\/wp-content\/uploads\/2025\/03\/Triangulos-Queso-oveja-Artesano-La-Antigua-Queseria-150x150.jpg 150w, https:\/\/moniberic.com\/wp-content\/uploads\/2025\/03\/Triangulos-Queso-oveja-Artesano-La-Antigua-Queseria-768x768.jpg 768w, https:\/\/moniberic.com\/wp-content\/uploads\/2025\/03\/Triangulos-Queso-oveja-Artesano-La-Antigua-Queseria-600x600.jpg 600w, https:\/\/moniberic.com\/wp-content\/uploads\/2025\/03\/Triangulos-Queso-oveja-Artesano-La-Antigua-Queseria-100x100.jpg 100w, https:\/\/moniberic.com\/wp-content\/uploads\/2025\/03\/Triangulos-Queso-oveja-Artesano-La-Antigua-Queseria-50x50.jpg 50w\" sizes=\"(max-width: 1500px) 100vw, 1500px\" \/><\/a><div class=\"eael-product-title\">\n    <a href=\"https:\/\/moniberic.com\/ca\/producte\/espatlla-cebo-de-camp-iberica-50-raca-iberica-llescada-100g-copia-copia-copia-copia-copia-copia-copia-2\/\" class=\"woocommerce-LoopProduct-link woocommerce-loop-product__link\"><h2 class=\"woocommerce-loop-product__title\">TRIANGLES FORMATGE D'OVELLA ARTES\u00c0 LA ANTIGUA QUESER\u00cdA 100g<\/h2><\/a>\n    <\/div><div class=\"eael-product-price\"><span class=\"woocommerce-Price-amount amount\"><bdi>2,85<span class=\"woocommerce-Price-currencySymbol\">&euro;<\/span><\/bdi><\/span><\/div>    <a href=\"\/ca\/wp-json\/wp\/v2\/pages\/9343?add-to-cart=10132\" aria-describedby=\"woocommerce_loop_add_to_cart_link_describedby_10132\" data-quantity=\"1\" class=\"button product_type_simple add_to_cart_button ajax_add_to_cart\" data-product_id=\"10132\" data-product_sku=\"78283\" aria-label=\"Afegeix a la cistella: &ldquo;TRIANGLES FORMATGE D&#039;OVELLA ARTES\u00c0 LA ANTIGUA QUESER\u00cdA 100g&rdquo;\" rel=\"nofollow\" data-success_message=\"&ldquo;TRIANGLES FORMATGE D&#039;OVELLA ARTES\u00c0 LA ANTIGUA QUESER\u00cdA 100g&rdquo; s&#039;ha afegit a la vostra cistella\" role=\"button\">Comprar ara<\/a>\t<span id=\"woocommerce_loop_add_to_cart_link_describedby_10132\" class=\"screen-reader-text\">\n\t\t\t<\/span>\n    \n<\/div>\n\n<\/li> <li class=\"product \">\n<div class=\"eael-product-wrap\" data-src=\"\" data-src-hover=\"\">\n    <a href=\"https:\/\/moniberic.com\/ca\/producte\/porcio-formatge-dovella-artesa-lantiga-formatgeria-250g-copia\/\" class=\"woocommerce-LoopProduct-link woocommerce-loop-product__link\"><img decoding=\"async\" width=\"1500\" height=\"1500\" src=\"https:\/\/moniberic.com\/wp-content\/uploads\/2025\/04\/Queso-de-Oveja-Curado-La-Antigua-Queseria-1.jpg\" class=\"attachment-woocommerce_thumbnail size-woocommerce_thumbnail wvs-archive-product-image\" alt=\"CUNYA FORMATGE D&#039;OVELLA CURAT L&#039;ANTIGA FORMATGERIA 250g\" loading=\"eager\" srcset=\"https:\/\/moniberic.com\/wp-content\/uploads\/2025\/04\/Queso-de-Oveja-Curado-La-Antigua-Queseria-1.jpg 1500w, https:\/\/moniberic.com\/wp-content\/uploads\/2025\/04\/Queso-de-Oveja-Curado-La-Antigua-Queseria-1-300x300.jpg 300w, https:\/\/moniberic.com\/wp-content\/uploads\/2025\/04\/Queso-de-Oveja-Curado-La-Antigua-Queseria-1-1024x1024.jpg 1024w, https:\/\/moniberic.com\/wp-content\/uploads\/2025\/04\/Queso-de-Oveja-Curado-La-Antigua-Queseria-1-150x150.jpg 150w, https:\/\/moniberic.com\/wp-content\/uploads\/2025\/04\/Queso-de-Oveja-Curado-La-Antigua-Queseria-1-768x768.jpg 768w, https:\/\/moniberic.com\/wp-content\/uploads\/2025\/04\/Queso-de-Oveja-Curado-La-Antigua-Queseria-1-600x600.jpg 600w, https:\/\/moniberic.com\/wp-content\/uploads\/2025\/04\/Queso-de-Oveja-Curado-La-Antigua-Queseria-1-100x100.jpg 100w, https:\/\/moniberic.com\/wp-content\/uploads\/2025\/04\/Queso-de-Oveja-Curado-La-Antigua-Queseria-1-50x50.jpg 50w\" sizes=\"(max-width: 1500px) 100vw, 1500px\" \/><\/a><div class=\"eael-product-title\">\n    <a href=\"https:\/\/moniberic.com\/ca\/producte\/porcio-formatge-dovella-artesa-lantiga-formatgeria-250g-copia\/\" class=\"woocommerce-LoopProduct-link woocommerce-loop-product__link\"><h2 class=\"woocommerce-loop-product__title\">CUNYA FORMATGE D'OVELLA CURAT L'ANTIGA FORMATGERIA 250g<\/h2><\/a>\n    <\/div><div class=\"eael-product-price\"><span class=\"woocommerce-Price-amount amount\"><bdi>6,20<span class=\"woocommerce-Price-currencySymbol\">&euro;<\/span><\/bdi><\/span><\/div>    <a href=\"\/ca\/wp-json\/wp\/v2\/pages\/9343?add-to-cart=10515\" aria-describedby=\"woocommerce_loop_add_to_cart_link_describedby_10515\" data-quantity=\"1\" class=\"button product_type_simple add_to_cart_button ajax_add_to_cart\" data-product_id=\"10515\" data-product_sku=\"78161\" aria-label=\"Afegeix a la cistella: &ldquo;CUNYA FORMATGE D&#039;OVELLA CURAT L&#039;ANTIGA FORMATGERIA 250g&rdquo;\" rel=\"nofollow\" data-success_message=\"&ldquo;CUNYA FORMATGE D&#039;OVELLA CURAT L&#039;ANTIGA FORMATGERIA 250g&rdquo; s&#039;ha afegit a la vostra cistella\" role=\"button\">Comprar ara<\/a>\t<span id=\"woocommerce_loop_add_to_cart_link_describedby_10515\" class=\"screen-reader-text\">\n\t\t\t<\/span>\n    \n<\/div>\n\n<\/li> <li class=\"product \">\n<div class=\"eael-product-wrap\" data-src=\"\" data-src-hover=\"\">\n    <a href=\"https:\/\/moniberic.com\/ca\/producte\/espatlla-cebo-de-camp-iberica-50-raca-iberica-llescada-100g-copia-copia-copia-copia-copia-copia\/\" class=\"woocommerce-LoopProduct-link woocommerce-loop-product__link\"><img decoding=\"async\" width=\"1500\" height=\"1500\" src=\"https:\/\/moniberic.com\/wp-content\/uploads\/2025\/04\/Queso-de-oveja-artesano-curado-La-Antigua-Queseria.jpg\" class=\"attachment-woocommerce_thumbnail size-woocommerce_thumbnail wvs-archive-product-image\" alt=\"CUNYA FORMATGE D&#039;OVELLA ARTES\u00c0 CURAT LA ANTIGUA QUESER\u00cdA 250g\" loading=\"eager\" srcset=\"https:\/\/moniberic.com\/wp-content\/uploads\/2025\/04\/Queso-de-oveja-artesano-curado-La-Antigua-Queseria.jpg 1500w, https:\/\/moniberic.com\/wp-content\/uploads\/2025\/04\/Queso-de-oveja-artesano-curado-La-Antigua-Queseria-300x300.jpg 300w, https:\/\/moniberic.com\/wp-content\/uploads\/2025\/04\/Queso-de-oveja-artesano-curado-La-Antigua-Queseria-1024x1024.jpg 1024w, https:\/\/moniberic.com\/wp-content\/uploads\/2025\/04\/Queso-de-oveja-artesano-curado-La-Antigua-Queseria-150x150.jpg 150w, https:\/\/moniberic.com\/wp-content\/uploads\/2025\/04\/Queso-de-oveja-artesano-curado-La-Antigua-Queseria-768x768.jpg 768w, https:\/\/moniberic.com\/wp-content\/uploads\/2025\/04\/Queso-de-oveja-artesano-curado-La-Antigua-Queseria-600x600.jpg 600w, https:\/\/moniberic.com\/wp-content\/uploads\/2025\/04\/Queso-de-oveja-artesano-curado-La-Antigua-Queseria-100x100.jpg 100w, https:\/\/moniberic.com\/wp-content\/uploads\/2025\/04\/Queso-de-oveja-artesano-curado-La-Antigua-Queseria-50x50.jpg 50w\" sizes=\"(max-width: 1500px) 100vw, 1500px\" \/><\/a><div class=\"eael-product-title\">\n    <a href=\"https:\/\/moniberic.com\/ca\/producte\/espatlla-cebo-de-camp-iberica-50-raca-iberica-llescada-100g-copia-copia-copia-copia-copia-copia\/\" class=\"woocommerce-LoopProduct-link woocommerce-loop-product__link\"><h2 class=\"woocommerce-loop-product__title\">CUNYA FORMATGE D'OVELLA ARTES\u00c0 CURAT LA ANTIGUA QUESER\u00cdA 250g<\/h2><\/a>\n    <\/div><div class=\"eael-product-price\"><span class=\"woocommerce-Price-amount amount\"><bdi>6,70<span class=\"woocommerce-Price-currencySymbol\">&euro;<\/span><\/bdi><\/span><\/div>    <a href=\"\/ca\/wp-json\/wp\/v2\/pages\/9343?add-to-cart=10100\" aria-describedby=\"woocommerce_loop_add_to_cart_link_describedby_10100\" data-quantity=\"1\" class=\"button product_type_simple add_to_cart_button ajax_add_to_cart\" data-product_id=\"10100\" data-product_sku=\"78157\" aria-label=\"Afegeix a la cistella: &ldquo;CUNYA FORMATGE D&#039;OVELLA ARTES\u00c0 CURAT LA ANTIGUA QUESER\u00cdA 250g&rdquo;\" rel=\"nofollow\" data-success_message=\"&ldquo;CUNYA FORMATGE D&#039;OVELLA ARTES\u00c0 CURAT LA ANTIGUA QUESER\u00cdA 250g&rdquo; s&#039;ha afegit a la vostra cistella\" role=\"button\">Comprar ara<\/a>\t<span id=\"woocommerce_loop_add_to_cart_link_describedby_10100\" class=\"screen-reader-text\">\n\t\t\t<\/span>\n    \n<\/div>\n\n<\/li> <li class=\"product \">\n<div class=\"eael-product-wrap\" data-src=\"\" data-src-hover=\"\">\n    <a href=\"https:\/\/moniberic.com\/ca\/producte\/espatlla-cebo-de-camp-iberica-50-raca-iberica-llescada-100g-copia-copia-copia-copia-copia-copia-copia\/\" class=\"woocommerce-LoopProduct-link woocommerce-loop-product__link\"><img decoding=\"async\" width=\"1500\" height=\"1500\" src=\"https:\/\/moniberic.com\/wp-content\/uploads\/2025\/04\/Queso-de-oveja-semicurado-La-Antigua-Queseria-1.jpg\" class=\"attachment-woocommerce_thumbnail size-woocommerce_thumbnail wvs-archive-product-image\" alt=\"CUNYA FORMATGE D&#039;OVELLA SEMICURAT LA ANTIGUA QUESER\u00cdA 250g\" loading=\"eager\" srcset=\"https:\/\/moniberic.com\/wp-content\/uploads\/2025\/04\/Queso-de-oveja-semicurado-La-Antigua-Queseria-1.jpg 1500w, https:\/\/moniberic.com\/wp-content\/uploads\/2025\/04\/Queso-de-oveja-semicurado-La-Antigua-Queseria-1-300x300.jpg 300w, https:\/\/moniberic.com\/wp-content\/uploads\/2025\/04\/Queso-de-oveja-semicurado-La-Antigua-Queseria-1-1024x1024.jpg 1024w, https:\/\/moniberic.com\/wp-content\/uploads\/2025\/04\/Queso-de-oveja-semicurado-La-Antigua-Queseria-1-150x150.jpg 150w, https:\/\/moniberic.com\/wp-content\/uploads\/2025\/04\/Queso-de-oveja-semicurado-La-Antigua-Queseria-1-768x768.jpg 768w, https:\/\/moniberic.com\/wp-content\/uploads\/2025\/04\/Queso-de-oveja-semicurado-La-Antigua-Queseria-1-600x600.jpg 600w, https:\/\/moniberic.com\/wp-content\/uploads\/2025\/04\/Queso-de-oveja-semicurado-La-Antigua-Queseria-1-100x100.jpg 100w, https:\/\/moniberic.com\/wp-content\/uploads\/2025\/04\/Queso-de-oveja-semicurado-La-Antigua-Queseria-1-50x50.jpg 50w\" sizes=\"(max-width: 1500px) 100vw, 1500px\" \/><\/a><div class=\"eael-product-title\">\n    <a href=\"https:\/\/moniberic.com\/ca\/producte\/espatlla-cebo-de-camp-iberica-50-raca-iberica-llescada-100g-copia-copia-copia-copia-copia-copia-copia\/\" class=\"woocommerce-LoopProduct-link woocommerce-loop-product__link\"><h2 class=\"woocommerce-loop-product__title\">CUNYA FORMATGE D'OVELLA SEMICURAT LA ANTIGUA QUESER\u00cdA 250g<\/h2><\/a>\n    <\/div><div class=\"eael-product-price\"><span class=\"woocommerce-Price-amount amount\"><bdi>6,70<span class=\"woocommerce-Price-currencySymbol\">&euro;<\/span><\/bdi><\/span><\/div>    <a href=\"\/ca\/wp-json\/wp\/v2\/pages\/9343?add-to-cart=10112\" aria-describedby=\"woocommerce_loop_add_to_cart_link_describedby_10112\" data-quantity=\"1\" class=\"button product_type_simple add_to_cart_button ajax_add_to_cart\" data-product_id=\"10112\" data-product_sku=\"78156\" aria-label=\"Afegeix a la cistella: &ldquo;CUNYA FORMATGE D&#039;OVELLA SEMICURAT LA ANTIGUA QUESER\u00cdA 250g&rdquo;\" rel=\"nofollow\" data-success_message=\"&ldquo;CUNYA FORMATGE D&#039;OVELLA SEMICURAT LA ANTIGUA QUESER\u00cdA 250g&rdquo; s&#039;ha afegit a la vostra cistella\" role=\"button\">Comprar ara<\/a>\t<span id=\"woocommerce_loop_add_to_cart_link_describedby_10112\" class=\"screen-reader-text\">\n\t\t\t<\/span>\n    \n<\/div>\n\n<\/li><\/ul>            <\/div>\n        <\/div>\n\n        <script type=\"text\/javascript\">\n            jQuery(document).ready(function($) {\n                var $scope = jQuery(\".elementor-element-8dbdc52\");\n                var $products = $('.products', $scope);\n                var $layout_mode = $products.data('layout-mode');\n                \n                if ( $layout_mode === 'masonry' ) {\n                    \/\/ init isotope\n                    var $isotope_products = $products.isotope({\n                        itemSelector: \"li.product\",\n                        layoutMode: $layout_mode,\n                        percentPosition: true\n                    });\n\n                    $isotope_products.imagesLoaded().progress( function() {\n                        $isotope_products.isotope('layout');\n                    })\n                    \n                }\n            });\n        <\/script>\n        \t\t\t\t<\/div>\n\t\t\t\t<\/div>\n\t\t\t\t<\/div>\n\t\t\t\t<\/div>\n\t\t","protected":false},"excerpt":{"rendered":"<p>Formatges Formatges La nostra selecci\u00f3 La millor selecci\u00f3 entre diferents tipus de pernil ib\u00e8ric, donis dels m\u00e9s exquisits amb tots els matisos dels millors ib\u00e8rics del mercat, fins a una \u00f2ptima relaci\u00f3 qualitat-preu, sense comprometre mai, la qualitat de moniberic. Necessites m\u00e9s informaci\u00f3? Si tens dubtes sobre el tipus de pernil que necessites, les seves [&hellip;]<\/p>\n","protected":false},"author":1,"featured_media":0,"parent":0,"menu_order":0,"comment_status":"closed","ping_status":"closed","template":"elementor_header_footer","meta":{"footnotes":""},"class_list":["post-9343","page","type-page","status-publish","hentry"],"_links":{"self":[{"href":"https:\/\/moniberic.com\/ca\/wp-json\/wp\/v2\/pages\/9343","targetHints":{"allow":["GET"]}}],"collection":[{"href":"https:\/\/moniberic.com\/ca\/wp-json\/wp\/v2\/pages"}],"about":[{"href":"https:\/\/moniberic.com\/ca\/wp-json\/wp\/v2\/types\/page"}],"author":[{"embeddable":true,"href":"https:\/\/moniberic.com\/ca\/wp-json\/wp\/v2\/users\/1"}],"replies":[{"embeddable":true,"href":"https:\/\/moniberic.com\/ca\/wp-json\/wp\/v2\/comments?post=9343"}],"version-history":[{"count":0,"href":"https:\/\/moniberic.com\/ca\/wp-json\/wp\/v2\/pages\/9343\/revisions"}],"wp:attachment":[{"href":"https:\/\/moniberic.com\/ca\/wp-json\/wp\/v2\/media?parent=9343"}],"curies":[{"name":"wp","href":"https:\/\/api.w.org\/{rel}","templated":true}]}}