{"id":1741,"date":"2022-11-01T10:54:43","date_gmt":"2022-11-01T09:54:43","guid":{"rendered":"https:\/\/moniberic.com\/franquicies-moniberic\/"},"modified":"2022-12-05T15:57:43","modified_gmt":"2022-12-05T14:57:43","slug":"franquicies-moniberic","status":"publish","type":"page","link":"https:\/\/moniberic.com\/ca\/franquicies-moniberic\/","title":{"rendered":"Franqu\u00edcies moniberic"},"content":{"rendered":"\t\t<div data-elementor-type=\"wp-page\" data-elementor-id=\"1741\" class=\"elementor elementor-1741 elementor-619\" data-elementor-post-type=\"page\">\n\t\t\t\t<div data-particle_enable=\"false\" data-particle-mobile-disabled=\"false\" class=\"elementor-element elementor-element-a69864e e-flex e-con-boxed e-con e-parent\" data-id=\"a69864e\" data-element_type=\"container\" data-e-type=\"container\" data-settings=\"{&quot;background_background&quot;:&quot;classic&quot;}\">\n\t\t\t\t\t<div class=\"e-con-inner\">\n\t\t<div data-particle_enable=\"false\" data-particle-mobile-disabled=\"false\" class=\"elementor-element elementor-element-869e976 e-con-full e-flex e-con e-parent\" data-id=\"869e976\" data-element_type=\"container\" data-e-type=\"container\">\n\t\t\t\t<\/div>\n\t\t<div data-particle_enable=\"false\" data-particle-mobile-disabled=\"false\" class=\"elementor-element elementor-element-e298ff8 e-con-full e-flex e-con e-parent\" data-id=\"e298ff8\" data-element_type=\"container\" data-e-type=\"container\">\n\t\t\t\t<div class=\"elementor-element elementor-element-eedc6cf elementor-widget elementor-widget-heading\" data-id=\"eedc6cf\" data-element_type=\"widget\" data-e-type=\"widget\" data-widget_type=\"heading.default\">\n\t\t\t\t\t<p class=\"elementor-heading-title elementor-size-default\">Franqu\u00edcies moniberic<\/p>\t\t\t\t<\/div>\n\t\t\t\t<div class=\"elementor-element elementor-element-41273fc animated-slow elementor-invisible elementor-widget elementor-widget-heading\" data-id=\"41273fc\" data-element_type=\"widget\" data-e-type=\"widget\" data-settings=\"{&quot;_animation&quot;:&quot;fadeInRight&quot;,&quot;_animation_delay&quot;:1000}\" data-widget_type=\"heading.default\">\n\t\t\t\t\t<p class=\"elementor-heading-title elementor-size-default\">Un mercat creixent i rendible<br>amb un concepte de botigues diferenciades<\/p>\t\t\t\t<\/div>\n\t\t\t\t<\/div>\n\t\t\t\t\t<\/div>\n\t\t\t\t<\/div>\n\t\t<div data-particle_enable=\"false\" data-particle-mobile-disabled=\"false\" class=\"elementor-element elementor-element-d7bb171 e-flex e-con-boxed e-con e-parent\" data-id=\"d7bb171\" data-element_type=\"container\" data-e-type=\"container\">\n\t\t\t\t\t<div class=\"e-con-inner\">\n\t\t<div data-particle_enable=\"false\" data-particle-mobile-disabled=\"false\" class=\"elementor-element elementor-element-2b97584 e-con-full e-flex e-con e-parent\" data-id=\"2b97584\" data-element_type=\"container\" data-e-type=\"container\">\n\t\t\t\t<div class=\"elementor-element elementor-element-7af3df2 elementor-widget elementor-widget-heading\" data-id=\"7af3df2\" data-element_type=\"widget\" data-e-type=\"widget\" data-widget_type=\"heading.default\">\n\t\t\t\t\t<h2 class=\"elementor-heading-title elementor-size-default\">Ens presentem<\/h2>\t\t\t\t<\/div>\n\t\t\t\t<div class=\"elementor-element elementor-element-967fddb elementor-widget elementor-widget-text-editor\" data-id=\"967fddb\" data-element_type=\"widget\" data-e-type=\"widget\" data-widget_type=\"text-editor.default\">\n\t\t\t\t\t\t\t\t\t<p>Estimat inversor,<br \/>Abans de comen\u00e7ar, volem agrair el seu inter\u00e8s per la nostra franqu\u00edcia.<\/p>\n<p>Per a nosaltres \u00e9s un plaer presentar-los el nostre concepte de pernil especialitzat i altres productes ib\u00e8rics.<\/p>\n<p>moniberic va n\u00e9ixer fa m\u00e9s de 40 anys, despr\u00e9s de molta feina i dedicaci\u00f3 juntament amb el coneixement de la fam\u00edlia Tom\u00e1s. Una fam\u00edlia que sobretot t\u00e9 passi\u00f3 pel nostre producte que \u00e9s una representaci\u00f3 dels plaers de la gastronomia del nostre pa\u00eds.<\/p>\n<p>Tot va comen\u00e7ar en el mercat Salut de Barcelona, \u200b\u200bon va comen\u00e7ar la primera botiga en 1970. Llavors va n\u00e9ixer un concepte de negoci que ara lidera el mercat local.<\/p>\n<p>Avui volem compartir el nostre producte amb vost\u00e8; Estem conven\u00e7uts que vost\u00e8 estar\u00e0 interessat en la nostra proposta.<\/p>\n<p><strong>Un creixement autofinan\u00e7at del 30% a l&#8217;any i m\u00e9s de 40 botigues s\u00f3n fets que representen el nostre \u00e8xit en el mercat.<\/strong><\/p>\n\t\t\t\t\t\t\t\t<\/div>\n\t\t\t\t<div class=\"elementor-element elementor-element-783f07b elementor-widget elementor-widget-text-editor\" data-id=\"783f07b\" data-element_type=\"widget\" data-e-type=\"widget\" data-widget_type=\"text-editor.default\">\n\t\t\t\t\t\t\t\t\t<p><strong>SERGIO L\u00d3PEZ<\/strong><br \/>moniberic&#8217;s Manager<\/p>\n\t\t\t\t\t\t\t\t<\/div>\n\t\t\t\t<\/div>\n\t\t<div data-particle_enable=\"false\" data-particle-mobile-disabled=\"false\" class=\"elementor-element elementor-element-e632bdc e-con-full e-flex e-con e-parent\" data-id=\"e632bdc\" data-element_type=\"container\" data-e-type=\"container\">\n\t\t\t\t<div class=\"elementor-element elementor-element-b5794fb elementor-widget elementor-widget-heading\" data-id=\"b5794fb\" data-element_type=\"widget\" data-e-type=\"widget\" data-widget_type=\"heading.default\">\n\t\t\t\t\t<h2 class=\"elementor-heading-title elementor-size-default\">Qu\u00e8 oferim?<\/h2>\t\t\t\t<\/div>\n\t\t\t\t<div class=\"elementor-element elementor-element-33fb118 elementor-widget elementor-widget-text-editor\" data-id=\"33fb118\" data-element_type=\"widget\" data-e-type=\"widget\" data-widget_type=\"text-editor.default\">\n\t\t\t\t\t\t\t\t\t<p>Un mercat creixent i rendible<\/p>\n<p>Un concepte de botigues diferenciades amb una <strong>imatge urbana, femenina i accessible<\/strong>, la qual cosa demostra el nostre alt nivell d&#8217;especialitzaci\u00f3 en el producte ib\u00e8ric.<\/p>\n<p>Una <strong>marca de pernil i embotits<\/strong> que destaca en el mercat per la seva <strong>gran qualitat<\/strong> en cada categoria i excel\u00b7lents condicions de vendes i imatge.<\/p>\n<p>Una seu de vendes que t\u00e9 les mateixes condicions que qualsevol altra franqu\u00edcia. Un m\u00e8tode desenvolupat de gesti\u00f3 que ofereix amb gran detalli tot el suport i formaci\u00f3 del seu equip.<\/p>\n<p>No es detingui aqu\u00ed i senti&#8217;s benvingut a llegir acuradament tots els avantatges d&#8217;unir-se a moniberic, estem conven\u00e7uts que amb pernil com el nostre, no podr\u00e0 resistir \u2026<\/p>\n\t\t\t\t\t\t\t\t<\/div>\n\t\t\t\t<div class=\"elementor-element elementor-element-5452250 elementor-widget elementor-widget-text-editor\" data-id=\"5452250\" data-element_type=\"widget\" data-e-type=\"widget\" data-widget_type=\"text-editor.default\">\n\t\t\t\t\t\t\t\t\t<p><strong>J\u00daLIA TORRECILLAS<\/strong><br \/>Expansion Director<\/p>\n<p><a href=\"mailto:franquicias@moniberic.com\">franquicias@moniberic.com<\/a><\/p>\n\t\t\t\t\t\t\t\t<\/div>\n\t\t\t\t<\/div>\n\t\t\t\t\t<\/div>\n\t\t\t\t<\/div>\n\t\t<div data-particle_enable=\"false\" data-particle-mobile-disabled=\"false\" class=\"elementor-element elementor-element-10dd28b e-flex e-con-boxed e-con e-parent\" data-id=\"10dd28b\" data-element_type=\"container\" data-e-type=\"container\">\n\t\t\t\t\t<div class=\"e-con-inner\">\n\t\t<div data-particle_enable=\"false\" data-particle-mobile-disabled=\"false\" class=\"elementor-element elementor-element-8479062 e-con-full e-flex e-con e-parent\" data-id=\"8479062\" data-element_type=\"container\" data-e-type=\"container\">\n\t\t\t\t<div class=\"elementor-element elementor-element-2f6996a elementor-cta--skin-classic elementor-animated-content elementor-bg-transform elementor-bg-transform-zoom-in elementor-widget elementor-widget-call-to-action\" data-id=\"2f6996a\" data-element_type=\"widget\" data-e-type=\"widget\" data-widget_type=\"call-to-action.default\">\n\t\t\t\t\t\t\t<div class=\"elementor-cta\">\n\t\t\t\t\t<div class=\"elementor-cta__bg-wrapper\">\n\t\t\t\t<div class=\"elementor-cta__bg elementor-bg\" style=\"background-image: url(https:\/\/moniberic.com\/wp-content\/uploads\/2022\/11\/Tienda-Moniberic.jpg);\" role=\"img\" aria-label=\"Tienda-Moniberic\"><\/div>\n\t\t\t\t<div class=\"elementor-cta__bg-overlay\"><\/div>\n\t\t\t<\/div>\n\t\t\t\t\t\t\t<div class=\"elementor-cta__content\">\n\t\t\t\t\n\t\t\t\t\t\t\t\t\t<h2 class=\"elementor-cta__title elementor-cta__content-item elementor-content-item\">\n\t\t\t\t\t\tBotigues amb una molt bona imatge de marca i de producte\t\t\t\t\t<\/h2>\n\t\t\t\t\n\t\t\t\t\t\t\t\t\t<div class=\"elementor-cta__description elementor-cta__content-item elementor-content-item\">\n\t\t\t\t\t\t<p>Una marca de pernil i embotits que destaca en el mercat per la seva gran qualitat en cada categoria i excel\u00b7lents condicions de vendes i imatge.<\/p>\n\t\t\t\t\t<\/div>\n\t\t\t\t\n\t\t\t\t\t\t\t<\/div>\n\t\t\t\t\t\t<\/div>\n\t\t\t\t\t\t<\/div>\n\t\t\t\t<\/div>\n\t\t<div data-particle_enable=\"false\" data-particle-mobile-disabled=\"false\" class=\"elementor-element elementor-element-fd533ee e-con-full e-flex e-con e-parent\" data-id=\"fd533ee\" data-element_type=\"container\" data-e-type=\"container\">\n\t\t\t\t<div class=\"elementor-element elementor-element-1788cad elementor-cta--skin-classic elementor-animated-content elementor-bg-transform elementor-bg-transform-zoom-in elementor-widget elementor-widget-call-to-action\" data-id=\"1788cad\" data-element_type=\"widget\" data-e-type=\"widget\" data-widget_type=\"call-to-action.default\">\n\t\t\t\t\t\t\t<div class=\"elementor-cta\">\n\t\t\t\t\t<div class=\"elementor-cta__bg-wrapper\">\n\t\t\t\t<div class=\"elementor-cta__bg elementor-bg\" style=\"background-image: url(https:\/\/moniberic.com\/wp-content\/uploads\/2022\/11\/Secadero-Moniberic.jpg);\" role=\"img\" aria-label=\"Secadero-Moniberic\"><\/div>\n\t\t\t\t<div class=\"elementor-cta__bg-overlay\"><\/div>\n\t\t\t<\/div>\n\t\t\t\t\t\t\t<div class=\"elementor-cta__content\">\n\t\t\t\t\n\t\t\t\t\t\t\t\t\t<h2 class=\"elementor-cta__title elementor-cta__content-item elementor-content-item\">\n\t\t\t\t\t\tSuport de gesti\u00f3 i magatzem\t\t\t\t\t<\/h2>\n\t\t\t\t\n\t\t\t\t\t\t\t\t\t<div class=\"elementor-cta__description elementor-cta__content-item elementor-content-item\">\n\t\t\t\t\t\t<p>Una seu de vendes que t\u00e9 les mateixes condicions que qualsevol altra franqu\u00edcia. Un m\u00e8tode desenvolupat de gesti\u00f3 que ofereix amb gran detalli tot el suport i formaci\u00f3 del seu equip<\/p>\n\t\t\t\t\t<\/div>\n\t\t\t\t\n\t\t\t\t\t\t\t<\/div>\n\t\t\t\t\t\t<\/div>\n\t\t\t\t\t\t<\/div>\n\t\t\t\t<\/div>\n\t\t\t\t\t<\/div>\n\t\t\t\t<\/div>\n\t\t\t\t<\/div>\n\t\t","protected":false},"excerpt":{"rendered":"<p>Franqu\u00edcies moniberic Un mercat creixent i rendibleamb un concepte de botigues diferenciades Ens presentem Estimat inversor,Abans de comen\u00e7ar, volem agrair el seu inter\u00e8s per la nostra franqu\u00edcia. Per a nosaltres \u00e9s un plaer presentar-los el nostre concepte de pernil especialitzat i altres productes ib\u00e8rics. moniberic va n\u00e9ixer fa m\u00e9s de 40 anys, despr\u00e9s de molta [&hellip;]<\/p>\n","protected":false},"author":1,"featured_media":0,"parent":0,"menu_order":0,"comment_status":"closed","ping_status":"closed","template":"elementor_header_footer","meta":{"footnotes":""},"class_list":["post-1741","page","type-page","status-publish","hentry"],"_links":{"self":[{"href":"https:\/\/moniberic.com\/ca\/wp-json\/wp\/v2\/pages\/1741","targetHints":{"allow":["GET"]}}],"collection":[{"href":"https:\/\/moniberic.com\/ca\/wp-json\/wp\/v2\/pages"}],"about":[{"href":"https:\/\/moniberic.com\/ca\/wp-json\/wp\/v2\/types\/page"}],"author":[{"embeddable":true,"href":"https:\/\/moniberic.com\/ca\/wp-json\/wp\/v2\/users\/1"}],"replies":[{"embeddable":true,"href":"https:\/\/moniberic.com\/ca\/wp-json\/wp\/v2\/comments?post=1741"}],"version-history":[{"count":0,"href":"https:\/\/moniberic.com\/ca\/wp-json\/wp\/v2\/pages\/1741\/revisions"}],"wp:attachment":[{"href":"https:\/\/moniberic.com\/ca\/wp-json\/wp\/v2\/media?parent=1741"}],"curies":[{"name":"wp","href":"https:\/\/api.w.org\/{rel}","templated":true}]}}